{"id":512,"date":"2024-03-14T01:06:53","date_gmt":"2024-03-14T00:06:53","guid":{"rendered":"https:\/\/beautybanus.shop\/informacion-legal\/"},"modified":"2024-12-02T15:45:17","modified_gmt":"2024-12-02T14:45:17","slug":"informacion-legal","status":"publish","type":"page","link":"https:\/\/beautybanus.shop\/fr\/informacion-legal\/","title":{"rendered":"Informations l\u00e9gales"},"content":{"rendered":"\t\t<div data-elementor-type=\"wp-page\" data-elementor-id=\"512\" class=\"elementor elementor-512 elementor-513\" data-elementor-post-type=\"page\">\n\t\t\t\t<div class=\"elementor-element elementor-element-c931d63 e-con-full e-flex e-con e-parent\" data-id=\"c931d63\" data-element_type=\"container\" data-e-type=\"container\">\n\t\t\t\t<div class=\"elementor-element elementor-element-16ee8a3 elementor-widget elementor-widget-heading\" data-id=\"16ee8a3\" data-element_type=\"widget\" data-e-type=\"widget\" data-widget_type=\"heading.default\">\n\t\t\t\t<div class=\"elementor-widget-container\">\n\t\t\t\t\t<h2 class=\"elementor-heading-title elementor-size-default\">Informations l\u00e9gales<\/h2>\t\t\t\t<\/div>\n\t\t\t\t<\/div>\n\t\t\t\t<div class=\"elementor-element elementor-element-6589615 elementor-widget elementor-widget-text-editor\" data-id=\"6589615\" data-element_type=\"widget\" data-e-type=\"widget\" data-widget_type=\"text-editor.default\">\n\t\t\t\t<div class=\"elementor-widget-container\">\n\t\t\t\t\t\t\t\t\t<p>Cet avis l\u00e9gal r\u00e9git l&rsquo;utilisation du service du site beautybanus.shop que la soci\u00e9t\u00e9 LOREM SOLEA S.L. avec CIF B93345981, le met \u00e0 disposition des internautes.<\/p>\n<p>Adresse : Avda Jos\u00e9 Banus 9. B\u00e2timent M\u00e1laga, local A1. 29660.Marbella<br \/>Courriel : dpd@glowclub.es<br \/>T\u00e9l\u00e9phone : 952.04.02.20<br \/>Registre du Commerce de Malaga : Volume 5306 \u2013 Livre 4213 \u2013 Folio 117 \u2013 Feuille MA-124284.    <\/p>\n<p>Les droits de propri\u00e9t\u00e9 intellectuelle du site Web, son code source, sa conception, sa structure de navigation, ses bases de donn\u00e9es et les diff\u00e9rents \u00e9l\u00e9ments qui y sont contenus (images, fichiers, logos et tout autre \u00e9l\u00e9ment susceptible d&rsquo;\u00eatre prot\u00e9g\u00e9 sont la propri\u00e9t\u00e9 de LOREM SOLEA S.L. a qui est responsable de l&rsquo;exclusivit\u00e9 exercice des droits de les exploiter sous quelque forme que ce soit et, notamment, des droits de reproduction, de distribution, de communication publique et de transformation.<\/p>\n<p>La reproduction, la transformation, la distribution, la communication publique, la mise \u00e0 disposition du public et, en g\u00e9n\u00e9ral, toute autre forme d&rsquo;exploitation, partielle ou totale, des \u00e9l\u00e9ments vis\u00e9s \u00e0 l&rsquo;article pr\u00e9c\u00e9dent sont interdites. Ces actes d&rsquo;exploitation ne peuvent \u00eatre effectu\u00e9s qu&rsquo;avec l&rsquo;autorisation expresse de LOREM SOLEA S.L. et que, dans tous les cas, ils doivent faire explicitement r\u00e9f\u00e9rence \u00e0 la propri\u00e9t\u00e9 des droits de propri\u00e9t\u00e9 intellectuelle susmentionn\u00e9s de LOREM SOLEA S.L. <\/p>\n<p>Concernant les citations de produits et services de tiers, la soci\u00e9t\u00e9 reconna\u00eet en faveur de leurs propri\u00e9taires les droits de propri\u00e9t\u00e9 industrielle et intellectuelle correspondants, leur simple mention ou apparition sur le Web n&rsquo;implique pas l&rsquo;existence d&rsquo;aucun droit ou responsabilit\u00e9 de LOREM SOLEA S.L. \u00e0 leur sujet, ni approbation, parrainage ou recommandation, sauf indication expresse.<\/p>\n<p>L&rsquo;utilisation non autoris\u00e9e des informations contenues sur le site Web ainsi que la violation des droits de propri\u00e9t\u00e9 intellectuelle et industrielle de LOREM SOLEA S.L. donnera lieu \u00e0 des responsabilit\u00e9s l\u00e9galement \u00e9tablies.<\/p>\n<\/p>\n<p>Contenu:<\/p>\n<p>Ce site Web contient des documents pr\u00e9par\u00e9s par LOREM SOLEA S.L. \u00e0 des fins d\u2019information ou d\u2019orientation, et peut \u00eatre modifi\u00e9, d\u00e9velopp\u00e9 ou mis \u00e0 jour sans pr\u00e9avis. La documentation ins\u00e9r\u00e9e peut ne pas refl\u00e9ter le statut l\u00e9gislatif ou jurisprudentiel le plus actuel. LOREM SOLEA S.L. n&rsquo;est pas responsable des \u00e9ventuelles erreurs, variations ou omissions qui pourraient \u00eatre constat\u00e9es, ainsi que de l&rsquo;usage qui est fait de ces documents. Nous vous recommandons de consulter les bulletins ou journaux officiels, ainsi que les sources d&rsquo;information \u00e0 partir desquelles les nouvelles ont \u00e9t\u00e9 obtenues. Les liens contenus dans ce site Web peuvent diriger l&rsquo;utilisateur vers d&rsquo;autres sites et pages Web de tiers sur lesquels LOREM SOLEA S.L. n&rsquo;exerce aucun type de contr\u00f4le et n&rsquo;est pas responsable du contenu et du statut des sites Web li\u00e9s.    <\/p>\n<p>LOREM SOLEA S.L. ne garantit pas l&rsquo;absence de virus ou d&rsquo;autres \u00e9l\u00e9ments nuisibles qui pourraient causer des dommages ou des alt\u00e9rations au syst\u00e8me informatique, il n&rsquo;est donc pas responsable des dommages que ces \u00e9l\u00e9ments pourraient causer \u00e0 l&rsquo;utilisateur ou \u00e0 des tiers. Tout lien tiers vers le Site Web doit renvoyer vers sa page principale, et les \u00ab liens profonds \u00bb, le \u00ab framing \u00bb et toute autre utilisation du contenu du Site Web en faveur de tiers non autoris\u00e9s sont express\u00e9ment interdits. <\/p>\n<p>E-mail de mentions l\u00e9gales<br \/>Cet email et, le cas \u00e9ch\u00e9ant, tout fichier qui y est joint, contient des informations confidentielles exclusivement adress\u00e9es \u00e0 son ou ses destinataires. Sa divulgation, copie ou distribution \u00e0 des tiers est interdite sans l&rsquo;autorisation \u00e9crite pr\u00e9alable de LOREM SOLEA S.L. (LUEUR BEAUT\u00c9 PUERTO BANUS) <\/p>\n<p>Si vous avez re\u00e7u cet e-mail par erreur, veuillez supprimer le message de tout ordinateur sans le copier ni le communiquer et veuillez en informer l&rsquo;exp\u00e9diteur de l&rsquo;e-mail.<\/p>\n<p>Conform\u00e9ment aux dispositions de la r\u00e9glementation en vigueur, nous vous informons que les donn\u00e9es collect\u00e9es, conform\u00e9ment aux dispositions du r\u00e8glement (UE) 2016\/679, sont incluses dans un fichier dont LOREM SOLEA S.L. est responsable. (GLOW BEAUTY PUERTO BAN\u00daS) avec CIF B93345981.<\/p>\n<p>Vous pouvez contacter LOREM SOLEA S.L. (GLOW BEAUTY PUERTO BAN\u00daS) pour exercer ses droits d&rsquo;acc\u00e8s, de rectification, d&rsquo;opposition, d&rsquo;annulation, d&rsquo;oubli, de limitation et de portabilit\u00e9 des informations qui y sont contenues. Si vous ne souhaitez pas recevoir d&rsquo;informations, veuillez nous le faire savoir par e-mail \u00e0 dpd@glowclub.es. <\/p>\n\t\t\t\t\t\t\t\t<\/div>\n\t\t\t\t<\/div>\n\t\t\t\t<\/div>\n\t\t\t\t<\/div>\n\t\t","protected":false},"excerpt":{"rendered":"<p>Informations l\u00e9gales Cet avis l\u00e9gal r\u00e9git l&rsquo;utilisation du service du site beautybanus.shop que la soci\u00e9t\u00e9 LOREM SOLEA S.L. avec CIF B93345981, le met \u00e0 disposition des internautes. Adresse : Avda Jos\u00e9 Banus 9. B\u00e2timent M\u00e1laga, local A1. 29660.MarbellaCourriel : dpd@glowclub.esT\u00e9l\u00e9phone : 952.04.02.20Registre du Commerce de Malaga : Volume 5306 \u2013 Livre 4213 \u2013 Folio 117 [&hellip;]<\/p>\n","protected":false},"author":1,"featured_media":0,"parent":0,"menu_order":0,"comment_status":"closed","ping_status":"open","template":"","meta":{"footnotes":""},"class_list":["post-512","page","type-page","status-publish","hentry"],"yoast_head":"<!-- This site is optimized with the Yoast SEO plugin v27.5 - https:\/\/yoast.com\/product\/yoast-seo-wordpress\/ -->\n<title>Informations l\u00e9gales | Beauty Shop Banus<\/title>\n<meta name=\"robots\" content=\"index, follow, max-snippet:-1, max-image-preview:large, max-video-preview:-1\" \/>\n<link rel=\"canonical\" href=\"https:\/\/beautybanus.shop\/fr\/informacion-legal\/\" \/>\n<meta property=\"og:locale\" content=\"fr_FR\" \/>\n<meta property=\"og:type\" content=\"article\" \/>\n<meta property=\"og:title\" content=\"Informations l\u00e9gales | Beauty Shop Banus\" \/>\n<meta property=\"og:description\" content=\"Informations l\u00e9gales Cet avis l\u00e9gal r\u00e9git l&rsquo;utilisation du service du site beautybanus.shop que la soci\u00e9t\u00e9 LOREM SOLEA S.L. avec CIF B93345981, le met \u00e0 disposition des internautes. Adresse : Avda Jos\u00e9 Banus 9. B\u00e2timent M\u00e1laga, local A1. 29660.MarbellaCourriel : dpd@glowclub.esT\u00e9l\u00e9phone : 952.04.02.20Registre du Commerce de Malaga : Volume 5306 \u2013 Livre 4213 \u2013 Folio 117 [&hellip;]\" \/>\n<meta property=\"og:url\" content=\"https:\/\/beautybanus.shop\/fr\/informacion-legal\/\" \/>\n<meta property=\"og:site_name\" content=\"Beauty Shop Banus\" \/>\n<meta property=\"article:publisher\" content=\"https:\/\/www.facebook.com\/GlowBeautyBanus\" \/>\n<meta property=\"article:modified_time\" content=\"2024-12-02T14:45:17+00:00\" \/>\n<meta property=\"og:image\" content=\"https:\/\/beautybanus.shop\/wp-content\/uploads\/2024\/03\/tarjeta-regalo-glow-beauty.jpg\" \/>\n\t<meta property=\"og:image:width\" content=\"1000\" \/>\n\t<meta property=\"og:image:height\" content=\"370\" \/>\n\t<meta property=\"og:image:type\" content=\"image\/jpeg\" \/>\n<meta name=\"twitter:card\" content=\"summary_large_image\" \/>\n<meta name=\"twitter:label1\" content=\"Dur\u00e9e de lecture estim\u00e9e\" \/>\n\t<meta name=\"twitter:data1\" content=\"4 minutes\" \/>\n<script type=\"application\/ld+json\" class=\"yoast-schema-graph\">{\"@context\":\"https:\\\/\\\/schema.org\",\"@graph\":[{\"@type\":\"WebPage\",\"@id\":\"https:\\\/\\\/beautybanus.shop\\\/fr\\\/informacion-legal\\\/\",\"url\":\"https:\\\/\\\/beautybanus.shop\\\/fr\\\/informacion-legal\\\/\",\"name\":\"Informations l\u00e9gales | Beauty Shop Banus\",\"isPartOf\":{\"@id\":\"https:\\\/\\\/beautybanus.shop\\\/fr\\\/#website\"},\"datePublished\":\"2024-03-14T00:06:53+00:00\",\"dateModified\":\"2024-12-02T14:45:17+00:00\",\"breadcrumb\":{\"@id\":\"https:\\\/\\\/beautybanus.shop\\\/fr\\\/informacion-legal\\\/#breadcrumb\"},\"inLanguage\":\"fr-FR\",\"potentialAction\":[{\"@type\":\"ReadAction\",\"target\":[\"https:\\\/\\\/beautybanus.shop\\\/fr\\\/informacion-legal\\\/\"]}]},{\"@type\":\"BreadcrumbList\",\"@id\":\"https:\\\/\\\/beautybanus.shop\\\/fr\\\/informacion-legal\\\/#breadcrumb\",\"itemListElement\":[{\"@type\":\"ListItem\",\"position\":1,\"name\":\"Tarjetas Regalo\",\"item\":\"https:\\\/\\\/beautybanus.shop\\\/fr\\\/boutique\\\/\"},{\"@type\":\"ListItem\",\"position\":2,\"name\":\"Informations l\u00e9gales\"}]},{\"@type\":\"WebSite\",\"@id\":\"https:\\\/\\\/beautybanus.shop\\\/fr\\\/#website\",\"url\":\"https:\\\/\\\/beautybanus.shop\\\/fr\\\/\",\"name\":\"Beauty Shop Banus\",\"description\":\"El arte de mimar y sorprender regalando experiencias\",\"publisher\":{\"@id\":\"https:\\\/\\\/beautybanus.shop\\\/fr\\\/#organization\"},\"alternateName\":\"BeautyShopBanus\",\"potentialAction\":[{\"@type\":\"SearchAction\",\"target\":{\"@type\":\"EntryPoint\",\"urlTemplate\":\"https:\\\/\\\/beautybanus.shop\\\/fr\\\/?s={search_term_string}\"},\"query-input\":{\"@type\":\"PropertyValueSpecification\",\"valueRequired\":true,\"valueName\":\"search_term_string\"}}],\"inLanguage\":\"fr-FR\"},{\"@type\":\"Organization\",\"@id\":\"https:\\\/\\\/beautybanus.shop\\\/fr\\\/#organization\",\"name\":\"Glow Beuaty Puerto Ban\u00fas\",\"alternateName\":\"Glow Beauty Banus\",\"url\":\"https:\\\/\\\/beautybanus.shop\\\/fr\\\/\",\"logo\":{\"@type\":\"ImageObject\",\"inLanguage\":\"fr-FR\",\"@id\":\"https:\\\/\\\/beautybanus.shop\\\/fr\\\/#\\\/schema\\\/logo\\\/image\\\/\",\"url\":\"https:\\\/\\\/beautybanus.shop\\\/wp-content\\\/uploads\\\/2024\\\/03\\\/logo-negro.jpeg\",\"contentUrl\":\"https:\\\/\\\/beautybanus.shop\\\/wp-content\\\/uploads\\\/2024\\\/03\\\/logo-negro.jpeg\",\"width\":400,\"height\":400,\"caption\":\"Glow Beuaty Puerto Ban\u00fas\"},\"image\":{\"@id\":\"https:\\\/\\\/beautybanus.shop\\\/fr\\\/#\\\/schema\\\/logo\\\/image\\\/\"},\"sameAs\":[\"https:\\\/\\\/www.facebook.com\\\/GlowBeautyBanus\"]}]}<\/script>\n<!-- \/ Yoast SEO plugin. -->","yoast_head_json":{"title":"Informations l\u00e9gales | Beauty Shop Banus","robots":{"index":"index","follow":"follow","max-snippet":"max-snippet:-1","max-image-preview":"max-image-preview:large","max-video-preview":"max-video-preview:-1"},"canonical":"https:\/\/beautybanus.shop\/fr\/informacion-legal\/","og_locale":"fr_FR","og_type":"article","og_title":"Informations l\u00e9gales | Beauty Shop Banus","og_description":"Informations l\u00e9gales Cet avis l\u00e9gal r\u00e9git l&rsquo;utilisation du service du site beautybanus.shop que la soci\u00e9t\u00e9 LOREM SOLEA S.L. avec CIF B93345981, le met \u00e0 disposition des internautes. Adresse : Avda Jos\u00e9 Banus 9. B\u00e2timent M\u00e1laga, local A1. 29660.MarbellaCourriel : dpd@glowclub.esT\u00e9l\u00e9phone : 952.04.02.20Registre du Commerce de Malaga : Volume 5306 \u2013 Livre 4213 \u2013 Folio 117 [&hellip;]","og_url":"https:\/\/beautybanus.shop\/fr\/informacion-legal\/","og_site_name":"Beauty Shop Banus","article_publisher":"https:\/\/www.facebook.com\/GlowBeautyBanus","article_modified_time":"2024-12-02T14:45:17+00:00","og_image":[{"width":1000,"height":370,"url":"https:\/\/beautybanus.shop\/wp-content\/uploads\/2024\/03\/tarjeta-regalo-glow-beauty.jpg","type":"image\/jpeg"}],"twitter_card":"summary_large_image","twitter_misc":{"Dur\u00e9e de lecture estim\u00e9e":"4 minutes"},"schema":{"@context":"https:\/\/schema.org","@graph":[{"@type":"WebPage","@id":"https:\/\/beautybanus.shop\/fr\/informacion-legal\/","url":"https:\/\/beautybanus.shop\/fr\/informacion-legal\/","name":"Informations l\u00e9gales | Beauty Shop Banus","isPartOf":{"@id":"https:\/\/beautybanus.shop\/fr\/#website"},"datePublished":"2024-03-14T00:06:53+00:00","dateModified":"2024-12-02T14:45:17+00:00","breadcrumb":{"@id":"https:\/\/beautybanus.shop\/fr\/informacion-legal\/#breadcrumb"},"inLanguage":"fr-FR","potentialAction":[{"@type":"ReadAction","target":["https:\/\/beautybanus.shop\/fr\/informacion-legal\/"]}]},{"@type":"BreadcrumbList","@id":"https:\/\/beautybanus.shop\/fr\/informacion-legal\/#breadcrumb","itemListElement":[{"@type":"ListItem","position":1,"name":"Tarjetas Regalo","item":"https:\/\/beautybanus.shop\/fr\/boutique\/"},{"@type":"ListItem","position":2,"name":"Informations l\u00e9gales"}]},{"@type":"WebSite","@id":"https:\/\/beautybanus.shop\/fr\/#website","url":"https:\/\/beautybanus.shop\/fr\/","name":"Beauty Shop Banus","description":"El arte de mimar y sorprender regalando experiencias","publisher":{"@id":"https:\/\/beautybanus.shop\/fr\/#organization"},"alternateName":"BeautyShopBanus","potentialAction":[{"@type":"SearchAction","target":{"@type":"EntryPoint","urlTemplate":"https:\/\/beautybanus.shop\/fr\/?s={search_term_string}"},"query-input":{"@type":"PropertyValueSpecification","valueRequired":true,"valueName":"search_term_string"}}],"inLanguage":"fr-FR"},{"@type":"Organization","@id":"https:\/\/beautybanus.shop\/fr\/#organization","name":"Glow Beuaty Puerto Ban\u00fas","alternateName":"Glow Beauty Banus","url":"https:\/\/beautybanus.shop\/fr\/","logo":{"@type":"ImageObject","inLanguage":"fr-FR","@id":"https:\/\/beautybanus.shop\/fr\/#\/schema\/logo\/image\/","url":"https:\/\/beautybanus.shop\/wp-content\/uploads\/2024\/03\/logo-negro.jpeg","contentUrl":"https:\/\/beautybanus.shop\/wp-content\/uploads\/2024\/03\/logo-negro.jpeg","width":400,"height":400,"caption":"Glow Beuaty Puerto Ban\u00fas"},"image":{"@id":"https:\/\/beautybanus.shop\/fr\/#\/schema\/logo\/image\/"},"sameAs":["https:\/\/www.facebook.com\/GlowBeautyBanus"]}]}},"_links":{"self":[{"href":"https:\/\/beautybanus.shop\/fr\/wp-json\/wp\/v2\/pages\/512","targetHints":{"allow":["GET"]}}],"collection":[{"href":"https:\/\/beautybanus.shop\/fr\/wp-json\/wp\/v2\/pages"}],"about":[{"href":"https:\/\/beautybanus.shop\/fr\/wp-json\/wp\/v2\/types\/page"}],"author":[{"embeddable":true,"href":"https:\/\/beautybanus.shop\/fr\/wp-json\/wp\/v2\/users\/1"}],"replies":[{"embeddable":true,"href":"https:\/\/beautybanus.shop\/fr\/wp-json\/wp\/v2\/comments?post=512"}],"version-history":[{"count":2,"href":"https:\/\/beautybanus.shop\/fr\/wp-json\/wp\/v2\/pages\/512\/revisions"}],"predecessor-version":[{"id":1610,"href":"https:\/\/beautybanus.shop\/fr\/wp-json\/wp\/v2\/pages\/512\/revisions\/1610"}],"wp:attachment":[{"href":"https:\/\/beautybanus.shop\/fr\/wp-json\/wp\/v2\/media?parent=512"}],"curies":[{"name":"wp","href":"https:\/\/api.w.org\/{rel}","templated":true}]}}