{"id":1324,"date":"2024-06-11T17:13:46","date_gmt":"2024-06-11T15:13:46","guid":{"rendered":"https:\/\/beautybanus.shop\/?post_type=product&#038;p=1324"},"modified":"2026-01-22T16:20:41","modified_gmt":"2026-01-22T15:20:41","slug":"gift-card-relaxing-massage","status":"publish","type":"product","link":"https:\/\/beautybanus.shop\/fr\/producto\/gift-card-relaxing-massage\/","title":{"rendered":"CARTE CADEAU Massage relaxant \u00e0 Puerto Ban\u00fas"},"content":{"rendered":"<p>Le massage relaxant de Glow Beauty combine des techniques douces et des mouvements fluides qui soulagent les tensions musculaires, r\u00e9duisent le stress et favorisent un \u00e9tat de tranquillit\u00e9 profonde. Nous utilisons des huiles essentielles de haute qualit\u00e9 et une musique de fond soigneusement s\u00e9lectionn\u00e9e pour garantir une exp\u00e9rience multisensorielle qui revitalise le corps et l&rsquo;esprit.<\/p>\n<p>Nos th\u00e9rapeutes experts adaptent chaque s\u00e9ance aux besoins individuels, garantissant un traitement personnalis\u00e9 qui maximise les bienfaits du massage. D\u00e8s que vous entrez dans nos installations, l\u2019attention port\u00e9e aux d\u00e9tails et l\u2019atmosph\u00e8re accueillante rendent chaque visite unique et sp\u00e9ciale.<\/p>\n<p>Cette prestation peut \u00eatre appr\u00e9ci\u00e9e individuellement ou avec la <a href=\"https:\/\/beautybanus.shop\/fr\/producto\/gift-card-relaxing-massage-couple\/\">Carte Cadeau Massage Relaxant pour 2 personnes<\/a>.<\/p>\n<p>Pour une plus grande flexibilit\u00e9, nous proposons diff\u00e9rentes options de dur\u00e9e pour le massage relaxant, en nous adaptant aux pr\u00e9f\u00e9rences et aux besoins de chaque personne:<\/p>\n<ul>\n<li>45 minutes: 100\u20ac<\/li>\n<li>60 minutes: 120\u20ac<\/li>\n<li>75 minutes: 140\u20ac<\/li>\n<\/ul>\n","protected":false},"excerpt":{"rendered":"<p><strong>Comment \u00e9changer<\/strong> : Appelez le num\u00e9ro de t\u00e9l\u00e9phone de r\u00e9servation 637 717 810 avec le code g\u00e9n\u00e9r\u00e9 lors de votre achat ou effectuez une r\u00e9servation via notre site Web et nous vous contacterons pour confirmer votre rendez-vous. Si vous souhaitez le bon physique, veuillez contacter le 637 717 810 ou envoyer un e-mail \u00e0 info@glowclub.es<\/p>\n<p>CONDITIONS<\/p>\n<p>Validit\u00e9 1 an \u00e0 compter de la date d&rsquo;achat.<br \/>\nR\u00e9servation sous r\u00e9serve de disponibilit\u00e9 de Glow Beauty Puerto Ban\u00fas.<br \/>\nLes r\u00e9servations doivent \u00eatre faites au moins 24 heures \u00e0 l&rsquo;avance.<br \/>\nToute modification ou annulation 24 heures \u00e0 l&rsquo;avance ou la prestation sera consid\u00e9r\u00e9e comme effectu\u00e9e. Si le client est en retard, le temps de traitement sera r\u00e9duit. Si ce service ne le permet pas, il sera annul\u00e9 en appliquant les conditions d&rsquo;annulation.<br \/>\nPour plus d&rsquo;informations, contactez info@glowclub.es<\/p>\n","protected":false},"featured_media":1422,"comment_status":"closed","ping_status":"closed","template":"","meta":[],"product_brand":[],"product_cat":[66],"product_tag":[],"giftcard-category":[],"class_list":{"0":"post-1324","1":"product","2":"type-product","3":"status-publish","4":"has-post-thumbnail","6":"product_cat-glow-beauty-fr","8":"first","9":"instock","10":"virtual","11":"purchasable","12":"product-type-gift-card"},"yoast_head":"<!-- This site is optimized with the Yoast SEO plugin v27.3 - https:\/\/yoast.com\/product\/yoast-seo-wordpress\/ -->\n<title>CARTE CADEAU: Massage relaxant \u00e0 Puerto Ban\u00fas<\/title>\n<meta name=\"description\" content=\"Carte cadeau Glow Beauty pour profiter d&#039;un Massage Relaxant dans une ambiance incomparable. Vivez le calme absolu \u00e0 Glow Beauty Puerto Ban\u00fas.\" \/>\n<meta name=\"robots\" content=\"index, follow, max-snippet:-1, max-image-preview:large, max-video-preview:-1\" \/>\n<link rel=\"canonical\" href=\"https:\/\/beautybanus.shop\/fr\/producto\/gift-card-relaxing-massage\/\" \/>\n<meta property=\"og:locale\" content=\"fr_FR\" \/>\n<meta property=\"og:type\" content=\"article\" \/>\n<meta property=\"og:title\" content=\"CARTE CADEAU: Massage relaxant \u00e0 Puerto Ban\u00fas\" \/>\n<meta property=\"og:description\" content=\"Carte cadeau Glow Beauty pour profiter d&#039;un Massage Relaxant dans une ambiance incomparable. Vivez le calme absolu \u00e0 Glow Beauty Puerto Ban\u00fas.\" \/>\n<meta property=\"og:url\" content=\"https:\/\/beautybanus.shop\/fr\/producto\/gift-card-relaxing-massage\/\" \/>\n<meta property=\"og:site_name\" content=\"Beauty Shop Banus\" \/>\n<meta property=\"article:publisher\" content=\"https:\/\/www.facebook.com\/GlowBeautyBanus\" \/>\n<meta property=\"article:modified_time\" content=\"2026-01-22T15:20:41+00:00\" \/>\n<meta property=\"og:image\" content=\"https:\/\/beautybanus.shop\/wp-content\/uploads\/2024\/06\/tarjeta-regalo-masaje-relajante-individual.png\" \/>\n\t<meta property=\"og:image:width\" content=\"1080\" \/>\n\t<meta property=\"og:image:height\" content=\"1080\" \/>\n\t<meta property=\"og:image:type\" content=\"image\/png\" \/>\n<meta name=\"twitter:card\" content=\"summary_large_image\" \/>\n<meta name=\"twitter:label1\" content=\"Dur\u00e9e de lecture estim\u00e9e\" \/>\n\t<meta name=\"twitter:data1\" content=\"1 minute\" \/>\n<script type=\"application\/ld+json\" class=\"yoast-schema-graph\">{\"@context\":\"https:\\\/\\\/schema.org\",\"@graph\":[{\"@type\":\"WebPage\",\"@id\":\"https:\\\/\\\/beautybanus.shop\\\/fr\\\/producto\\\/gift-card-relaxing-massage\\\/\",\"url\":\"https:\\\/\\\/beautybanus.shop\\\/fr\\\/producto\\\/gift-card-relaxing-massage\\\/\",\"name\":\"CARTE CADEAU: Massage relaxant \u00e0 Puerto Ban\u00fas\",\"isPartOf\":{\"@id\":\"https:\\\/\\\/beautybanus.shop\\\/fr\\\/#website\"},\"primaryImageOfPage\":{\"@id\":\"https:\\\/\\\/beautybanus.shop\\\/fr\\\/producto\\\/gift-card-relaxing-massage\\\/#primaryimage\"},\"image\":{\"@id\":\"https:\\\/\\\/beautybanus.shop\\\/fr\\\/producto\\\/gift-card-relaxing-massage\\\/#primaryimage\"},\"thumbnailUrl\":\"https:\\\/\\\/beautybanus.shop\\\/wp-content\\\/uploads\\\/2024\\\/06\\\/tarjeta-regalo-masaje-relajante-individual.png\",\"datePublished\":\"2024-06-11T15:13:46+00:00\",\"dateModified\":\"2026-01-22T15:20:41+00:00\",\"description\":\"Carte cadeau Glow Beauty pour profiter d'un Massage Relaxant dans une ambiance incomparable. Vivez le calme absolu \u00e0 Glow Beauty Puerto Ban\u00fas.\",\"breadcrumb\":{\"@id\":\"https:\\\/\\\/beautybanus.shop\\\/fr\\\/producto\\\/gift-card-relaxing-massage\\\/#breadcrumb\"},\"inLanguage\":\"fr-FR\",\"potentialAction\":[{\"@type\":\"ReadAction\",\"target\":[\"https:\\\/\\\/beautybanus.shop\\\/fr\\\/producto\\\/gift-card-relaxing-massage\\\/\"]}]},{\"@type\":\"ImageObject\",\"inLanguage\":\"fr-FR\",\"@id\":\"https:\\\/\\\/beautybanus.shop\\\/fr\\\/producto\\\/gift-card-relaxing-massage\\\/#primaryimage\",\"url\":\"https:\\\/\\\/beautybanus.shop\\\/wp-content\\\/uploads\\\/2024\\\/06\\\/tarjeta-regalo-masaje-relajante-individual.png\",\"contentUrl\":\"https:\\\/\\\/beautybanus.shop\\\/wp-content\\\/uploads\\\/2024\\\/06\\\/tarjeta-regalo-masaje-relajante-individual.png\",\"width\":1080,\"height\":1080,\"caption\":\"Tarjeta regalo masaje relajante individual\"},{\"@type\":\"BreadcrumbList\",\"@id\":\"https:\\\/\\\/beautybanus.shop\\\/fr\\\/producto\\\/gift-card-relaxing-massage\\\/#breadcrumb\",\"itemListElement\":[{\"@type\":\"ListItem\",\"position\":1,\"name\":\"Tarjetas Regalo\",\"item\":\"https:\\\/\\\/beautybanus.shop\\\/fr\\\/boutique\\\/\"},{\"@type\":\"ListItem\",\"position\":2,\"name\":\"Boutique\",\"item\":\"https:\\\/\\\/beautybanus.shop\\\/fr\\\/boutique\\\/\"},{\"@type\":\"ListItem\",\"position\":3,\"name\":\"CARTE CADEAU Massage relaxant \u00e0 Puerto Ban\u00fas\"}]},{\"@type\":\"WebSite\",\"@id\":\"https:\\\/\\\/beautybanus.shop\\\/fr\\\/#website\",\"url\":\"https:\\\/\\\/beautybanus.shop\\\/fr\\\/\",\"name\":\"Beauty Shop Banus\",\"description\":\"El arte de mimar y sorprender regalando experiencias\",\"publisher\":{\"@id\":\"https:\\\/\\\/beautybanus.shop\\\/fr\\\/#organization\"},\"alternateName\":\"BeautyShopBanus\",\"potentialAction\":[{\"@type\":\"SearchAction\",\"target\":{\"@type\":\"EntryPoint\",\"urlTemplate\":\"https:\\\/\\\/beautybanus.shop\\\/fr\\\/?s={search_term_string}\"},\"query-input\":{\"@type\":\"PropertyValueSpecification\",\"valueRequired\":true,\"valueName\":\"search_term_string\"}}],\"inLanguage\":\"fr-FR\"},{\"@type\":\"Organization\",\"@id\":\"https:\\\/\\\/beautybanus.shop\\\/fr\\\/#organization\",\"name\":\"Glow Beuaty Puerto Ban\u00fas\",\"alternateName\":\"Glow Beauty Banus\",\"url\":\"https:\\\/\\\/beautybanus.shop\\\/fr\\\/\",\"logo\":{\"@type\":\"ImageObject\",\"inLanguage\":\"fr-FR\",\"@id\":\"https:\\\/\\\/beautybanus.shop\\\/fr\\\/#\\\/schema\\\/logo\\\/image\\\/\",\"url\":\"https:\\\/\\\/beautybanus.shop\\\/wp-content\\\/uploads\\\/2024\\\/03\\\/logo-negro.jpeg\",\"contentUrl\":\"https:\\\/\\\/beautybanus.shop\\\/wp-content\\\/uploads\\\/2024\\\/03\\\/logo-negro.jpeg\",\"width\":400,\"height\":400,\"caption\":\"Glow Beuaty Puerto Ban\u00fas\"},\"image\":{\"@id\":\"https:\\\/\\\/beautybanus.shop\\\/fr\\\/#\\\/schema\\\/logo\\\/image\\\/\"},\"sameAs\":[\"https:\\\/\\\/www.facebook.com\\\/GlowBeautyBanus\"]}]}<\/script>\n<!-- \/ Yoast SEO plugin. -->","yoast_head_json":{"title":"CARTE CADEAU: Massage relaxant \u00e0 Puerto Ban\u00fas","description":"Carte cadeau Glow Beauty pour profiter d'un Massage Relaxant dans une ambiance incomparable. Vivez le calme absolu \u00e0 Glow Beauty Puerto Ban\u00fas.","robots":{"index":"index","follow":"follow","max-snippet":"max-snippet:-1","max-image-preview":"max-image-preview:large","max-video-preview":"max-video-preview:-1"},"canonical":"https:\/\/beautybanus.shop\/fr\/producto\/gift-card-relaxing-massage\/","og_locale":"fr_FR","og_type":"article","og_title":"CARTE CADEAU: Massage relaxant \u00e0 Puerto Ban\u00fas","og_description":"Carte cadeau Glow Beauty pour profiter d'un Massage Relaxant dans une ambiance incomparable. Vivez le calme absolu \u00e0 Glow Beauty Puerto Ban\u00fas.","og_url":"https:\/\/beautybanus.shop\/fr\/producto\/gift-card-relaxing-massage\/","og_site_name":"Beauty Shop Banus","article_publisher":"https:\/\/www.facebook.com\/GlowBeautyBanus","article_modified_time":"2026-01-22T15:20:41+00:00","og_image":[{"width":1080,"height":1080,"url":"https:\/\/beautybanus.shop\/wp-content\/uploads\/2024\/06\/tarjeta-regalo-masaje-relajante-individual.png","type":"image\/png"}],"twitter_card":"summary_large_image","twitter_misc":{"Dur\u00e9e de lecture estim\u00e9e":"1 minute"},"schema":{"@context":"https:\/\/schema.org","@graph":[{"@type":"WebPage","@id":"https:\/\/beautybanus.shop\/fr\/producto\/gift-card-relaxing-massage\/","url":"https:\/\/beautybanus.shop\/fr\/producto\/gift-card-relaxing-massage\/","name":"CARTE CADEAU: Massage relaxant \u00e0 Puerto Ban\u00fas","isPartOf":{"@id":"https:\/\/beautybanus.shop\/fr\/#website"},"primaryImageOfPage":{"@id":"https:\/\/beautybanus.shop\/fr\/producto\/gift-card-relaxing-massage\/#primaryimage"},"image":{"@id":"https:\/\/beautybanus.shop\/fr\/producto\/gift-card-relaxing-massage\/#primaryimage"},"thumbnailUrl":"https:\/\/beautybanus.shop\/wp-content\/uploads\/2024\/06\/tarjeta-regalo-masaje-relajante-individual.png","datePublished":"2024-06-11T15:13:46+00:00","dateModified":"2026-01-22T15:20:41+00:00","description":"Carte cadeau Glow Beauty pour profiter d'un Massage Relaxant dans une ambiance incomparable. Vivez le calme absolu \u00e0 Glow Beauty Puerto Ban\u00fas.","breadcrumb":{"@id":"https:\/\/beautybanus.shop\/fr\/producto\/gift-card-relaxing-massage\/#breadcrumb"},"inLanguage":"fr-FR","potentialAction":[{"@type":"ReadAction","target":["https:\/\/beautybanus.shop\/fr\/producto\/gift-card-relaxing-massage\/"]}]},{"@type":"ImageObject","inLanguage":"fr-FR","@id":"https:\/\/beautybanus.shop\/fr\/producto\/gift-card-relaxing-massage\/#primaryimage","url":"https:\/\/beautybanus.shop\/wp-content\/uploads\/2024\/06\/tarjeta-regalo-masaje-relajante-individual.png","contentUrl":"https:\/\/beautybanus.shop\/wp-content\/uploads\/2024\/06\/tarjeta-regalo-masaje-relajante-individual.png","width":1080,"height":1080,"caption":"Tarjeta regalo masaje relajante individual"},{"@type":"BreadcrumbList","@id":"https:\/\/beautybanus.shop\/fr\/producto\/gift-card-relaxing-massage\/#breadcrumb","itemListElement":[{"@type":"ListItem","position":1,"name":"Tarjetas Regalo","item":"https:\/\/beautybanus.shop\/fr\/boutique\/"},{"@type":"ListItem","position":2,"name":"Boutique","item":"https:\/\/beautybanus.shop\/fr\/boutique\/"},{"@type":"ListItem","position":3,"name":"CARTE CADEAU Massage relaxant \u00e0 Puerto Ban\u00fas"}]},{"@type":"WebSite","@id":"https:\/\/beautybanus.shop\/fr\/#website","url":"https:\/\/beautybanus.shop\/fr\/","name":"Beauty Shop Banus","description":"El arte de mimar y sorprender regalando experiencias","publisher":{"@id":"https:\/\/beautybanus.shop\/fr\/#organization"},"alternateName":"BeautyShopBanus","potentialAction":[{"@type":"SearchAction","target":{"@type":"EntryPoint","urlTemplate":"https:\/\/beautybanus.shop\/fr\/?s={search_term_string}"},"query-input":{"@type":"PropertyValueSpecification","valueRequired":true,"valueName":"search_term_string"}}],"inLanguage":"fr-FR"},{"@type":"Organization","@id":"https:\/\/beautybanus.shop\/fr\/#organization","name":"Glow Beuaty Puerto Ban\u00fas","alternateName":"Glow Beauty Banus","url":"https:\/\/beautybanus.shop\/fr\/","logo":{"@type":"ImageObject","inLanguage":"fr-FR","@id":"https:\/\/beautybanus.shop\/fr\/#\/schema\/logo\/image\/","url":"https:\/\/beautybanus.shop\/wp-content\/uploads\/2024\/03\/logo-negro.jpeg","contentUrl":"https:\/\/beautybanus.shop\/wp-content\/uploads\/2024\/03\/logo-negro.jpeg","width":400,"height":400,"caption":"Glow Beuaty Puerto Ban\u00fas"},"image":{"@id":"https:\/\/beautybanus.shop\/fr\/#\/schema\/logo\/image\/"},"sameAs":["https:\/\/www.facebook.com\/GlowBeautyBanus"]}]}},"_links":{"self":[{"href":"https:\/\/beautybanus.shop\/fr\/wp-json\/wp\/v2\/product\/1324","targetHints":{"allow":["GET"]}}],"collection":[{"href":"https:\/\/beautybanus.shop\/fr\/wp-json\/wp\/v2\/product"}],"about":[{"href":"https:\/\/beautybanus.shop\/fr\/wp-json\/wp\/v2\/types\/product"}],"replies":[{"embeddable":true,"href":"https:\/\/beautybanus.shop\/fr\/wp-json\/wp\/v2\/comments?post=1324"}],"wp:featuredmedia":[{"embeddable":true,"href":"https:\/\/beautybanus.shop\/fr\/wp-json\/wp\/v2\/media\/1422"}],"wp:attachment":[{"href":"https:\/\/beautybanus.shop\/fr\/wp-json\/wp\/v2\/media?parent=1324"}],"wp:term":[{"taxonomy":"product_brand","embeddable":true,"href":"https:\/\/beautybanus.shop\/fr\/wp-json\/wp\/v2\/product_brand?post=1324"},{"taxonomy":"product_cat","embeddable":true,"href":"https:\/\/beautybanus.shop\/fr\/wp-json\/wp\/v2\/product_cat?post=1324"},{"taxonomy":"product_tag","embeddable":true,"href":"https:\/\/beautybanus.shop\/fr\/wp-json\/wp\/v2\/product_tag?post=1324"},{"taxonomy":"giftcard-category","embeddable":true,"href":"https:\/\/beautybanus.shop\/fr\/wp-json\/wp\/v2\/giftcard-category?post=1324"}],"curies":[{"name":"wp","href":"https:\/\/api.w.org\/{rel}","templated":true}]}}