{"id":1344,"date":"2024-06-13T11:49:33","date_gmt":"2024-06-13T09:49:33","guid":{"rendered":"https:\/\/beautybanus.shop\/?post_type=product&#038;p=1344"},"modified":"2026-01-22T16:09:19","modified_gmt":"2026-01-22T15:09:19","slug":"gift-card-relaxing-massage-couple","status":"publish","type":"product","link":"https:\/\/beautybanus.shop\/fr\/producto\/gift-card-relaxing-massage-couple\/","title":{"rendered":"CARTE CADEAU MASSAGE RELAXANT pour 2 personnes"},"content":{"rendered":"<p>D\u00e9couvrez l\u2019exp\u00e9rience ultime de relaxation avec le <strong>massage relaxant en duo<\/strong> de Glow Beauty, le <strong>cadeau parfait<\/strong> \u00e0 partager avec quelqu\u2019un de sp\u00e9cial. Imaginez un v\u00e9ritable oasis de tranquillit\u00e9 o\u00f9 deux personnes peuvent profiter ensemble de techniques douces et de mouvements fluides con\u00e7us pour soulager les tensions musculaires, r\u00e9duire le stress et favoriser une profonde sensation de calme.<\/p>\n<p>Nos huiles essentielles de haute qualit\u00e9 et la musique d\u2019ambiance soigneusement s\u00e9lectionn\u00e9e cr\u00e9ent une atmosph\u00e8re multisensorielle qui revitalise le corps et l\u2019esprit. Les th\u00e9rapeutes experts de Glow Beauty personnalisent chaque s\u00e9ance selon les besoins individuels, garantissant que chacun profite d\u2019un traitement sur mesure qui maximise tous les bienfaits du massage.<\/p>\n<p>D\u00e8s leur arriv\u00e9e dans nos installations chaleureuses, ils se sentiront envelopp\u00e9s d\u2019une attention au d\u00e9tail in\u00e9gal\u00e9e, faisant de chaque visite une exp\u00e9rience unique et sp\u00e9ciale.<\/p>\n<p>Offrez un massage relaxant en duo et offrez \u00e0 vos proches une escapade parfaite loin du stress quotidien. Transformez n\u2019importe quelle occasion en un souvenir inoubliable avec une <strong>carte cadeau Glow Beauty !<\/strong><\/p>\n<p>Pour une plus grande flexibilit\u00e9, nous proposons diff\u00e9rentes options de dur\u00e9e pour le massage relaxant, en nous adaptant aux pr\u00e9f\u00e9rences et aux besoins de chaque personne:<\/p>\n<ul>\n<li>45 minutes: 200 \u20ac<\/li>\n<li>60 minutes: 240\u20ac<\/li>\n<li>75 minutes: 280\u20ac<\/li>\n<\/ul>\n","protected":false},"excerpt":{"rendered":"<p><strong>Comment \u00e9changer<\/strong> : Appelez le num\u00e9ro de t\u00e9l\u00e9phone de r\u00e9servation 637 717 810 avec le code g\u00e9n\u00e9r\u00e9 lors de votre achat ou effectuez une r\u00e9servation via notre site Web et nous vous contacterons pour confirmer votre rendez-vous. Si vous souhaitez le bon physique, veuillez contacter le 637 717 810 ou envoyer un e-mail \u00e0 info@glowclub.es<\/p>\n<p><strong>CONDITIONS<\/strong><\/p>\n<p>1 an de validit\u00e9 \u00e0 compter de la date d\u2019achat.<br \/>\nR\u00e9servation sous r\u00e9serve de disponibilit\u00e9 chez Glow Beauty Puerto Ban\u00fas.<br \/>\nLa r\u00e9servation doit \u00eatre effectu\u00e9e au minimum 24 heures \u00e0 l\u2019avance.<br \/>\nTout changement ou annulation doit \u00eatre communiqu\u00e9 24 heures \u00e0 l\u2019avance, faute de quoi le service sera consid\u00e9r\u00e9 comme effectu\u00e9. Si le client est en retard, le temps de traitement sera r\u00e9duit. Si ce service ne le permet pas, il sera annul\u00e9 conform\u00e9ment \u00e0 la politique d\u2019annulation.<br \/>\nPour plus d\u2019informations, veuillez contacter info@glowclub.es<\/p>\n","protected":false},"featured_media":2254,"comment_status":"closed","ping_status":"closed","template":"","meta":[],"product_brand":[],"product_cat":[66],"product_tag":[],"giftcard-category":[],"class_list":{"0":"post-1344","1":"product","2":"type-product","3":"status-publish","4":"has-post-thumbnail","6":"product_cat-glow-beauty-fr","8":"first","9":"instock","10":"virtual","11":"purchasable","12":"product-type-gift-card"},"yoast_head":"<!-- This site is optimized with the Yoast SEO plugin v27.3 - https:\/\/yoast.com\/product\/yoast-seo-wordpress\/ -->\n<title>CARTE CADEAU | Massage Relaxant pour 2 personnes<\/title>\n<meta name=\"description\" content=\"Carte cadeau Glow Beauty pour profiter d\u2019un massage relaxant pour deux personnes dans une atmosph\u00e8re incomparable. Vivez un moment de calme absolu.\" \/>\n<meta name=\"robots\" content=\"index, follow, max-snippet:-1, max-image-preview:large, max-video-preview:-1\" \/>\n<link rel=\"canonical\" href=\"https:\/\/beautybanus.shop\/fr\/producto\/gift-card-relaxing-massage-couple\/\" \/>\n<meta property=\"og:locale\" content=\"fr_FR\" \/>\n<meta property=\"og:type\" content=\"article\" \/>\n<meta property=\"og:title\" content=\"CARTE CADEAU | Massage Relaxant pour 2 personnes\" \/>\n<meta property=\"og:description\" content=\"Carte cadeau Glow Beauty pour profiter d\u2019un massage relaxant pour deux personnes dans une atmosph\u00e8re incomparable. Vivez un moment de calme absolu.\" \/>\n<meta property=\"og:url\" content=\"https:\/\/beautybanus.shop\/fr\/producto\/gift-card-relaxing-massage-couple\/\" \/>\n<meta property=\"og:site_name\" content=\"Beauty Shop Banus\" \/>\n<meta property=\"article:publisher\" content=\"https:\/\/www.facebook.com\/GlowBeautyBanus\" \/>\n<meta property=\"article:modified_time\" content=\"2026-01-22T15:09:19+00:00\" \/>\n<meta property=\"og:image\" content=\"https:\/\/beautybanus.shop\/wp-content\/uploads\/2024\/06\/tarjeta-regalo-masaje-relajante-pareja.png\" \/>\n\t<meta property=\"og:image:width\" content=\"1080\" \/>\n\t<meta property=\"og:image:height\" content=\"1080\" \/>\n\t<meta property=\"og:image:type\" content=\"image\/png\" \/>\n<meta name=\"twitter:card\" content=\"summary_large_image\" \/>\n<meta name=\"twitter:label1\" content=\"Dur\u00e9e de lecture estim\u00e9e\" \/>\n\t<meta name=\"twitter:data1\" content=\"2 minutes\" \/>\n<script type=\"application\/ld+json\" class=\"yoast-schema-graph\">{\"@context\":\"https:\\\/\\\/schema.org\",\"@graph\":[{\"@type\":\"WebPage\",\"@id\":\"https:\\\/\\\/beautybanus.shop\\\/fr\\\/producto\\\/gift-card-relaxing-massage-couple\\\/\",\"url\":\"https:\\\/\\\/beautybanus.shop\\\/fr\\\/producto\\\/gift-card-relaxing-massage-couple\\\/\",\"name\":\"CARTE CADEAU | Massage Relaxant pour 2 personnes\",\"isPartOf\":{\"@id\":\"https:\\\/\\\/beautybanus.shop\\\/fr\\\/#website\"},\"primaryImageOfPage\":{\"@id\":\"https:\\\/\\\/beautybanus.shop\\\/fr\\\/producto\\\/gift-card-relaxing-massage-couple\\\/#primaryimage\"},\"image\":{\"@id\":\"https:\\\/\\\/beautybanus.shop\\\/fr\\\/producto\\\/gift-card-relaxing-massage-couple\\\/#primaryimage\"},\"thumbnailUrl\":\"https:\\\/\\\/beautybanus.shop\\\/wp-content\\\/uploads\\\/2024\\\/06\\\/masaje-relajante-2.jpg\",\"datePublished\":\"2024-06-13T09:49:33+00:00\",\"dateModified\":\"2026-01-22T15:09:19+00:00\",\"description\":\"Carte cadeau Glow Beauty pour profiter d\u2019un massage relaxant pour deux personnes dans une atmosph\u00e8re incomparable. Vivez un moment de calme absolu.\",\"breadcrumb\":{\"@id\":\"https:\\\/\\\/beautybanus.shop\\\/fr\\\/producto\\\/gift-card-relaxing-massage-couple\\\/#breadcrumb\"},\"inLanguage\":\"fr-FR\",\"potentialAction\":[{\"@type\":\"ReadAction\",\"target\":[\"https:\\\/\\\/beautybanus.shop\\\/fr\\\/producto\\\/gift-card-relaxing-massage-couple\\\/\"]}]},{\"@type\":\"ImageObject\",\"inLanguage\":\"fr-FR\",\"@id\":\"https:\\\/\\\/beautybanus.shop\\\/fr\\\/producto\\\/gift-card-relaxing-massage-couple\\\/#primaryimage\",\"url\":\"https:\\\/\\\/beautybanus.shop\\\/wp-content\\\/uploads\\\/2024\\\/06\\\/masaje-relajante-2.jpg\",\"contentUrl\":\"https:\\\/\\\/beautybanus.shop\\\/wp-content\\\/uploads\\\/2024\\\/06\\\/masaje-relajante-2.jpg\",\"width\":1080,\"height\":1080,\"caption\":\"Tarjeta regalo masaje relajante para 2\"},{\"@type\":\"BreadcrumbList\",\"@id\":\"https:\\\/\\\/beautybanus.shop\\\/fr\\\/producto\\\/gift-card-relaxing-massage-couple\\\/#breadcrumb\",\"itemListElement\":[{\"@type\":\"ListItem\",\"position\":1,\"name\":\"Tarjetas Regalo\",\"item\":\"https:\\\/\\\/beautybanus.shop\\\/fr\\\/boutique\\\/\"},{\"@type\":\"ListItem\",\"position\":2,\"name\":\"Boutique\",\"item\":\"https:\\\/\\\/beautybanus.shop\\\/fr\\\/boutique\\\/\"},{\"@type\":\"ListItem\",\"position\":3,\"name\":\"CARTE CADEAU MASSAGE RELAXANT pour 2 personnes\"}]},{\"@type\":\"WebSite\",\"@id\":\"https:\\\/\\\/beautybanus.shop\\\/fr\\\/#website\",\"url\":\"https:\\\/\\\/beautybanus.shop\\\/fr\\\/\",\"name\":\"Beauty Shop Banus\",\"description\":\"El arte de mimar y sorprender regalando experiencias\",\"publisher\":{\"@id\":\"https:\\\/\\\/beautybanus.shop\\\/fr\\\/#organization\"},\"alternateName\":\"BeautyShopBanus\",\"potentialAction\":[{\"@type\":\"SearchAction\",\"target\":{\"@type\":\"EntryPoint\",\"urlTemplate\":\"https:\\\/\\\/beautybanus.shop\\\/fr\\\/?s={search_term_string}\"},\"query-input\":{\"@type\":\"PropertyValueSpecification\",\"valueRequired\":true,\"valueName\":\"search_term_string\"}}],\"inLanguage\":\"fr-FR\"},{\"@type\":\"Organization\",\"@id\":\"https:\\\/\\\/beautybanus.shop\\\/fr\\\/#organization\",\"name\":\"Glow Beuaty Puerto Ban\u00fas\",\"alternateName\":\"Glow Beauty Banus\",\"url\":\"https:\\\/\\\/beautybanus.shop\\\/fr\\\/\",\"logo\":{\"@type\":\"ImageObject\",\"inLanguage\":\"fr-FR\",\"@id\":\"https:\\\/\\\/beautybanus.shop\\\/fr\\\/#\\\/schema\\\/logo\\\/image\\\/\",\"url\":\"https:\\\/\\\/beautybanus.shop\\\/wp-content\\\/uploads\\\/2024\\\/03\\\/logo-negro.jpeg\",\"contentUrl\":\"https:\\\/\\\/beautybanus.shop\\\/wp-content\\\/uploads\\\/2024\\\/03\\\/logo-negro.jpeg\",\"width\":400,\"height\":400,\"caption\":\"Glow Beuaty Puerto Ban\u00fas\"},\"image\":{\"@id\":\"https:\\\/\\\/beautybanus.shop\\\/fr\\\/#\\\/schema\\\/logo\\\/image\\\/\"},\"sameAs\":[\"https:\\\/\\\/www.facebook.com\\\/GlowBeautyBanus\"]}]}<\/script>\n<!-- \/ Yoast SEO plugin. -->","yoast_head_json":{"title":"CARTE CADEAU | Massage Relaxant pour 2 personnes","description":"Carte cadeau Glow Beauty pour profiter d\u2019un massage relaxant pour deux personnes dans une atmosph\u00e8re incomparable. Vivez un moment de calme absolu.","robots":{"index":"index","follow":"follow","max-snippet":"max-snippet:-1","max-image-preview":"max-image-preview:large","max-video-preview":"max-video-preview:-1"},"canonical":"https:\/\/beautybanus.shop\/fr\/producto\/gift-card-relaxing-massage-couple\/","og_locale":"fr_FR","og_type":"article","og_title":"CARTE CADEAU | Massage Relaxant pour 2 personnes","og_description":"Carte cadeau Glow Beauty pour profiter d\u2019un massage relaxant pour deux personnes dans une atmosph\u00e8re incomparable. Vivez un moment de calme absolu.","og_url":"https:\/\/beautybanus.shop\/fr\/producto\/gift-card-relaxing-massage-couple\/","og_site_name":"Beauty Shop Banus","article_publisher":"https:\/\/www.facebook.com\/GlowBeautyBanus","article_modified_time":"2026-01-22T15:09:19+00:00","og_image":[{"width":1080,"height":1080,"url":"https:\/\/beautybanus.shop\/wp-content\/uploads\/2024\/06\/tarjeta-regalo-masaje-relajante-pareja.png","type":"image\/png"}],"twitter_card":"summary_large_image","twitter_misc":{"Dur\u00e9e de lecture estim\u00e9e":"2 minutes"},"schema":{"@context":"https:\/\/schema.org","@graph":[{"@type":"WebPage","@id":"https:\/\/beautybanus.shop\/fr\/producto\/gift-card-relaxing-massage-couple\/","url":"https:\/\/beautybanus.shop\/fr\/producto\/gift-card-relaxing-massage-couple\/","name":"CARTE CADEAU | Massage Relaxant pour 2 personnes","isPartOf":{"@id":"https:\/\/beautybanus.shop\/fr\/#website"},"primaryImageOfPage":{"@id":"https:\/\/beautybanus.shop\/fr\/producto\/gift-card-relaxing-massage-couple\/#primaryimage"},"image":{"@id":"https:\/\/beautybanus.shop\/fr\/producto\/gift-card-relaxing-massage-couple\/#primaryimage"},"thumbnailUrl":"https:\/\/beautybanus.shop\/wp-content\/uploads\/2024\/06\/masaje-relajante-2.jpg","datePublished":"2024-06-13T09:49:33+00:00","dateModified":"2026-01-22T15:09:19+00:00","description":"Carte cadeau Glow Beauty pour profiter d\u2019un massage relaxant pour deux personnes dans une atmosph\u00e8re incomparable. Vivez un moment de calme absolu.","breadcrumb":{"@id":"https:\/\/beautybanus.shop\/fr\/producto\/gift-card-relaxing-massage-couple\/#breadcrumb"},"inLanguage":"fr-FR","potentialAction":[{"@type":"ReadAction","target":["https:\/\/beautybanus.shop\/fr\/producto\/gift-card-relaxing-massage-couple\/"]}]},{"@type":"ImageObject","inLanguage":"fr-FR","@id":"https:\/\/beautybanus.shop\/fr\/producto\/gift-card-relaxing-massage-couple\/#primaryimage","url":"https:\/\/beautybanus.shop\/wp-content\/uploads\/2024\/06\/masaje-relajante-2.jpg","contentUrl":"https:\/\/beautybanus.shop\/wp-content\/uploads\/2024\/06\/masaje-relajante-2.jpg","width":1080,"height":1080,"caption":"Tarjeta regalo masaje relajante para 2"},{"@type":"BreadcrumbList","@id":"https:\/\/beautybanus.shop\/fr\/producto\/gift-card-relaxing-massage-couple\/#breadcrumb","itemListElement":[{"@type":"ListItem","position":1,"name":"Tarjetas Regalo","item":"https:\/\/beautybanus.shop\/fr\/boutique\/"},{"@type":"ListItem","position":2,"name":"Boutique","item":"https:\/\/beautybanus.shop\/fr\/boutique\/"},{"@type":"ListItem","position":3,"name":"CARTE CADEAU MASSAGE RELAXANT pour 2 personnes"}]},{"@type":"WebSite","@id":"https:\/\/beautybanus.shop\/fr\/#website","url":"https:\/\/beautybanus.shop\/fr\/","name":"Beauty Shop Banus","description":"El arte de mimar y sorprender regalando experiencias","publisher":{"@id":"https:\/\/beautybanus.shop\/fr\/#organization"},"alternateName":"BeautyShopBanus","potentialAction":[{"@type":"SearchAction","target":{"@type":"EntryPoint","urlTemplate":"https:\/\/beautybanus.shop\/fr\/?s={search_term_string}"},"query-input":{"@type":"PropertyValueSpecification","valueRequired":true,"valueName":"search_term_string"}}],"inLanguage":"fr-FR"},{"@type":"Organization","@id":"https:\/\/beautybanus.shop\/fr\/#organization","name":"Glow Beuaty Puerto Ban\u00fas","alternateName":"Glow Beauty Banus","url":"https:\/\/beautybanus.shop\/fr\/","logo":{"@type":"ImageObject","inLanguage":"fr-FR","@id":"https:\/\/beautybanus.shop\/fr\/#\/schema\/logo\/image\/","url":"https:\/\/beautybanus.shop\/wp-content\/uploads\/2024\/03\/logo-negro.jpeg","contentUrl":"https:\/\/beautybanus.shop\/wp-content\/uploads\/2024\/03\/logo-negro.jpeg","width":400,"height":400,"caption":"Glow Beuaty Puerto Ban\u00fas"},"image":{"@id":"https:\/\/beautybanus.shop\/fr\/#\/schema\/logo\/image\/"},"sameAs":["https:\/\/www.facebook.com\/GlowBeautyBanus"]}]}},"_links":{"self":[{"href":"https:\/\/beautybanus.shop\/fr\/wp-json\/wp\/v2\/product\/1344","targetHints":{"allow":["GET"]}}],"collection":[{"href":"https:\/\/beautybanus.shop\/fr\/wp-json\/wp\/v2\/product"}],"about":[{"href":"https:\/\/beautybanus.shop\/fr\/wp-json\/wp\/v2\/types\/product"}],"replies":[{"embeddable":true,"href":"https:\/\/beautybanus.shop\/fr\/wp-json\/wp\/v2\/comments?post=1344"}],"wp:featuredmedia":[{"embeddable":true,"href":"https:\/\/beautybanus.shop\/fr\/wp-json\/wp\/v2\/media\/2254"}],"wp:attachment":[{"href":"https:\/\/beautybanus.shop\/fr\/wp-json\/wp\/v2\/media?parent=1344"}],"wp:term":[{"taxonomy":"product_brand","embeddable":true,"href":"https:\/\/beautybanus.shop\/fr\/wp-json\/wp\/v2\/product_brand?post=1344"},{"taxonomy":"product_cat","embeddable":true,"href":"https:\/\/beautybanus.shop\/fr\/wp-json\/wp\/v2\/product_cat?post=1344"},{"taxonomy":"product_tag","embeddable":true,"href":"https:\/\/beautybanus.shop\/fr\/wp-json\/wp\/v2\/product_tag?post=1344"},{"taxonomy":"giftcard-category","embeddable":true,"href":"https:\/\/beautybanus.shop\/fr\/wp-json\/wp\/v2\/giftcard-category?post=1344"}],"curies":[{"name":"wp","href":"https:\/\/api.w.org\/{rel}","templated":true}]}}