{"id":1359,"date":"2024-06-13T12:01:20","date_gmt":"2024-06-13T10:01:20","guid":{"rendered":"https:\/\/beautybanus.shop\/?post_type=product&#038;p=1359"},"modified":"2026-01-26T17:10:29","modified_gmt":"2026-01-26T16:10:29","slug":"gift-card-traditional-hammam-individual","status":"publish","type":"product","link":"https:\/\/beautybanus.shop\/fr\/producto\/gift-card-traditional-hammam-individual\/","title":{"rendered":"CARTE CADEAU HAMMAM TRADITIONNEL GLOW \u2013 Individuelle"},"content":{"rendered":"<p>Nous vous pr\u00e9sentons une exp\u00e9rience unique et revitalisante chez Glow Beauty Puerto Ban\u00fas : le Hammam Traditionnel Glow. Avec cette carte cadeau, vous offrez un v\u00e9ritable voyage sensoriel \u00e0 travers la purification et la d\u00e9toxification de la peau, o\u00f9 chaque d\u00e9tail a \u00e9t\u00e9 soigneusement pens\u00e9 pour procurer un bien-\u00eatre absolu. <\/p>\n<p>Offrez une exp\u00e9rience unique de bien-\u00eatre et de rajeunissement au centre de beaut\u00e9 Glow Beauty, situ\u00e9 au c\u0153ur de Puerto Ban\u00fas. Notre Hammam Traditionnel Glow exclusif est un soin artisanal con\u00e7u pour purifier et d\u00e9toxifier la peau, vous offrant une v\u00e9ritable oasis de d\u00e9tente et de renouveau. <\/p>\n<p>Ce service exclusif comprend :<\/p>\n<ul>\n<li>Application de savon noir Beldi purifiant :<br \/>Profitez des propri\u00e9t\u00e9s nettoyantes et adoucissantes de ce savon traditionnel marocain, qui pr\u00e9pare la peau \u00e0 une d\u00e9toxification profonde.<\/li>\n<li>Session de bain de vapeur :<br \/>D\u00e9tendez-vous dans un bain de vapeur qui ouvre les pores et facilite l\u2019\u00e9limination des toxines.<\/li>\n<li>Exfoliation corporelle profonde au gant Kessa :<br \/>Lib\u00e9rez votre peau des impuret\u00e9s et des cellules mortes gr\u00e2ce \u00e0 une exfoliation vigoureuse qui laissera votre peau douce, lisse et \u00e9clatante.<\/li>\n<li>Application de Rassoul :<br \/>Ce soin \u00e0 base d\u2019argile saponif\u00e8re, reconnue pour ses propri\u00e9t\u00e9s absorbantes et hydratantes, nourrit et revitalise votre peau.<\/li>\n<li>Exfoliation, Massage et Masque Facial :<br \/>Un soin complet pour votre visage comprenant une exfoliation, un massage relaxant et un masque nourrissant.<\/li>\n<li>Exfoliation, Massage et Masque Capillaire :<br \/>Chouchoutez vos cheveux avec un soin qui exfolie le cuir chevelu, procure une d\u00e9tente profonde gr\u00e2ce au massage et renforce la fibre capillaire avec un masque revitalisant.<\/li>\n<li>C\u00e9r\u00e9monie du th\u00e9 marocain :<br \/>Cl\u00f4turez votre exp\u00e9rience avec la traditionnelle c\u00e9r\u00e9monie du th\u00e9 marocain, une d\u00e9licieuse mani\u00e8re de se d\u00e9tendre et de savourer une profonde paix int\u00e9rieure.<\/li>\n<\/ul>\n<p>&nbsp;<\/p>\n<p>Dur\u00e9e : 75 minutes.<\/p>\n<p>Ce soin exclusif est r\u00e9alis\u00e9 de mani\u00e8re individuelle ou en couple, dans notre salle de Spa et Massage pour deux, con\u00e7ue pour offrir une exp\u00e9rience partag\u00e9e et m\u00e9morable.<br \/>\n<u><strong><span style=\"color: #000000;\"><a style=\"color: #000000;\" href=\"https:\/\/beautybanus.shop\/fr\/producto\/gift-card-hammam-traditional-couples\/\">en couple<\/a><\/span><\/strong><\/u>, dans notre salle de Spa et Massage pour deux, con\u00e7ue pour offrir une exp\u00e9rience partag\u00e9e et m\u00e9morable.<\/p>\n<p>Offrez un moment de bien-\u00eatre absolu avec la Carte Cadeau Hammam Traditionnel Glow, une v\u00e9ritable porte vers la s\u00e9r\u00e9nit\u00e9 et la beaut\u00e9 chez Glow Beauty, \u00e0 Puerto Ban\u00fas.<\/p>\n","protected":false},"excerpt":{"rendered":"<p><strong>Comment \u00e9changer<\/strong> : Appelez le num\u00e9ro de t\u00e9l\u00e9phone de r\u00e9servation 637 717 810 avec le code g\u00e9n\u00e9r\u00e9 lors de votre achat ou effectuez une r\u00e9servation via notre site Web et nous vous contacterons pour confirmer votre rendez-vous. Si vous souhaitez le bon physique, veuillez contacter le 637 717 810 ou envoyer un e-mail \u00e0 info@glowclub.es<\/p>\n<p><strong>CONDITIONS<\/strong><\/p>\n<p>1 an de validit\u00e9 \u00e0 compter de la date d\u2019achat.<br \/>\nR\u00e9servation sous r\u00e9serve de disponibilit\u00e9 chez Glow Beauty Puerto Ban\u00fas.<br \/>\nLa r\u00e9servation doit \u00eatre effectu\u00e9e au minimum 24 heures \u00e0 l\u2019avance.<br \/>\nTout changement ou annulation doit \u00eatre communiqu\u00e9 24 heures \u00e0 l\u2019avance, faute de quoi le service sera consid\u00e9r\u00e9 comme effectu\u00e9. Si le client est en retard, le temps de traitement sera r\u00e9duit. Si ce service ne le permet pas, il sera annul\u00e9 conform\u00e9ment \u00e0 la politique d\u2019annulation.<br \/>\nPour plus d\u2019informations, veuillez contacter info@glowclub.es<\/p>\n","protected":false},"featured_media":1365,"comment_status":"closed","ping_status":"closed","template":"","meta":[],"product_brand":[],"product_cat":[66],"product_tag":[],"giftcard-category":[],"class_list":{"0":"post-1359","1":"product","2":"type-product","3":"status-publish","4":"has-post-thumbnail","6":"product_cat-glow-beauty-fr","8":"first","9":"instock","10":"virtual","11":"purchasable","12":"product-type-gift-card"},"yoast_head":"<!-- This site is optimized with the Yoast SEO plugin v27.5 - https:\/\/yoast.com\/product\/yoast-seo-wordpress\/ -->\n<title>Offrez le cadeau d&#039;une journ\u00e9e de beaut\u00e9 chez Glow Beauty Puerto Ban\u00fas<\/title>\n<meta name=\"description\" content=\"Carte cadeau Glow Beauty pour profiter des meilleurs soins de coiffure et de soins des pieds et des mains \u00e0 Puerto Ban\u00fas. Purification et d\u00e9toxification de la peau avec des soins artisanaux.\" \/>\n<meta name=\"robots\" content=\"index, follow, max-snippet:-1, max-image-preview:large, max-video-preview:-1\" \/>\n<link rel=\"canonical\" href=\"https:\/\/beautybanus.shop\/fr\/producto\/gift-card-traditional-hammam-individual\/\" \/>\n<meta property=\"og:locale\" content=\"fr_FR\" \/>\n<meta property=\"og:type\" content=\"article\" \/>\n<meta property=\"og:title\" content=\"Offrez le cadeau d&#039;une journ\u00e9e de beaut\u00e9 chez Glow Beauty Puerto Ban\u00fas\" \/>\n<meta property=\"og:description\" content=\"Carte cadeau Glow Beauty pour profiter des meilleurs soins de coiffure et de soins des pieds et des mains \u00e0 Puerto Ban\u00fas. Purification et d\u00e9toxification de la peau avec des soins artisanaux.\" \/>\n<meta property=\"og:url\" content=\"https:\/\/beautybanus.shop\/fr\/producto\/gift-card-traditional-hammam-individual\/\" \/>\n<meta property=\"og:site_name\" content=\"Beauty Shop Banus\" \/>\n<meta property=\"article:publisher\" content=\"https:\/\/www.facebook.com\/GlowBeautyBanus\" \/>\n<meta property=\"article:modified_time\" content=\"2026-01-26T16:10:29+00:00\" \/>\n<meta property=\"og:image\" content=\"https:\/\/beautybanus.shop\/wp-content\/uploads\/2024\/06\/1.png\" \/>\n\t<meta property=\"og:image:width\" content=\"1080\" \/>\n\t<meta property=\"og:image:height\" content=\"1080\" \/>\n\t<meta property=\"og:image:type\" content=\"image\/png\" \/>\n<meta name=\"twitter:card\" content=\"summary_large_image\" \/>\n<meta name=\"twitter:label1\" content=\"Dur\u00e9e de lecture estim\u00e9e\" \/>\n\t<meta name=\"twitter:data1\" content=\"2 minutes\" \/>\n<script type=\"application\/ld+json\" class=\"yoast-schema-graph\">{\"@context\":\"https:\\\/\\\/schema.org\",\"@graph\":[{\"@type\":\"WebPage\",\"@id\":\"https:\\\/\\\/beautybanus.shop\\\/fr\\\/producto\\\/gift-card-traditional-hammam-individual\\\/\",\"url\":\"https:\\\/\\\/beautybanus.shop\\\/fr\\\/producto\\\/gift-card-traditional-hammam-individual\\\/\",\"name\":\"Offrez le cadeau d'une journ\u00e9e de beaut\u00e9 chez Glow Beauty Puerto Ban\u00fas\",\"isPartOf\":{\"@id\":\"https:\\\/\\\/beautybanus.shop\\\/fr\\\/#website\"},\"primaryImageOfPage\":{\"@id\":\"https:\\\/\\\/beautybanus.shop\\\/fr\\\/producto\\\/gift-card-traditional-hammam-individual\\\/#primaryimage\"},\"image\":{\"@id\":\"https:\\\/\\\/beautybanus.shop\\\/fr\\\/producto\\\/gift-card-traditional-hammam-individual\\\/#primaryimage\"},\"thumbnailUrl\":\"https:\\\/\\\/beautybanus.shop\\\/wp-content\\\/uploads\\\/2024\\\/06\\\/1.png\",\"datePublished\":\"2024-06-13T10:01:20+00:00\",\"dateModified\":\"2026-01-26T16:10:29+00:00\",\"description\":\"Carte cadeau Glow Beauty pour profiter des meilleurs soins de coiffure et de soins des pieds et des mains \u00e0 Puerto Ban\u00fas. Purification et d\u00e9toxification de la peau avec des soins artisanaux.\",\"breadcrumb\":{\"@id\":\"https:\\\/\\\/beautybanus.shop\\\/fr\\\/producto\\\/gift-card-traditional-hammam-individual\\\/#breadcrumb\"},\"inLanguage\":\"fr-FR\",\"potentialAction\":[{\"@type\":\"ReadAction\",\"target\":[\"https:\\\/\\\/beautybanus.shop\\\/fr\\\/producto\\\/gift-card-traditional-hammam-individual\\\/\"]}]},{\"@type\":\"ImageObject\",\"inLanguage\":\"fr-FR\",\"@id\":\"https:\\\/\\\/beautybanus.shop\\\/fr\\\/producto\\\/gift-card-traditional-hammam-individual\\\/#primaryimage\",\"url\":\"https:\\\/\\\/beautybanus.shop\\\/wp-content\\\/uploads\\\/2024\\\/06\\\/1.png\",\"contentUrl\":\"https:\\\/\\\/beautybanus.shop\\\/wp-content\\\/uploads\\\/2024\\\/06\\\/1.png\",\"width\":1080,\"height\":1080},{\"@type\":\"BreadcrumbList\",\"@id\":\"https:\\\/\\\/beautybanus.shop\\\/fr\\\/producto\\\/gift-card-traditional-hammam-individual\\\/#breadcrumb\",\"itemListElement\":[{\"@type\":\"ListItem\",\"position\":1,\"name\":\"Tarjetas Regalo\",\"item\":\"https:\\\/\\\/beautybanus.shop\\\/fr\\\/boutique\\\/\"},{\"@type\":\"ListItem\",\"position\":2,\"name\":\"Boutique\",\"item\":\"https:\\\/\\\/beautybanus.shop\\\/fr\\\/boutique\\\/\"},{\"@type\":\"ListItem\",\"position\":3,\"name\":\"CARTE CADEAU HAMMAM TRADITIONNEL GLOW \u2013 Individuelle\"}]},{\"@type\":\"WebSite\",\"@id\":\"https:\\\/\\\/beautybanus.shop\\\/fr\\\/#website\",\"url\":\"https:\\\/\\\/beautybanus.shop\\\/fr\\\/\",\"name\":\"Beauty Shop Banus\",\"description\":\"El arte de mimar y sorprender regalando experiencias\",\"publisher\":{\"@id\":\"https:\\\/\\\/beautybanus.shop\\\/fr\\\/#organization\"},\"alternateName\":\"BeautyShopBanus\",\"potentialAction\":[{\"@type\":\"SearchAction\",\"target\":{\"@type\":\"EntryPoint\",\"urlTemplate\":\"https:\\\/\\\/beautybanus.shop\\\/fr\\\/?s={search_term_string}\"},\"query-input\":{\"@type\":\"PropertyValueSpecification\",\"valueRequired\":true,\"valueName\":\"search_term_string\"}}],\"inLanguage\":\"fr-FR\"},{\"@type\":\"Organization\",\"@id\":\"https:\\\/\\\/beautybanus.shop\\\/fr\\\/#organization\",\"name\":\"Glow Beuaty Puerto Ban\u00fas\",\"alternateName\":\"Glow Beauty Banus\",\"url\":\"https:\\\/\\\/beautybanus.shop\\\/fr\\\/\",\"logo\":{\"@type\":\"ImageObject\",\"inLanguage\":\"fr-FR\",\"@id\":\"https:\\\/\\\/beautybanus.shop\\\/fr\\\/#\\\/schema\\\/logo\\\/image\\\/\",\"url\":\"https:\\\/\\\/beautybanus.shop\\\/wp-content\\\/uploads\\\/2024\\\/03\\\/logo-negro.jpeg\",\"contentUrl\":\"https:\\\/\\\/beautybanus.shop\\\/wp-content\\\/uploads\\\/2024\\\/03\\\/logo-negro.jpeg\",\"width\":400,\"height\":400,\"caption\":\"Glow Beuaty Puerto Ban\u00fas\"},\"image\":{\"@id\":\"https:\\\/\\\/beautybanus.shop\\\/fr\\\/#\\\/schema\\\/logo\\\/image\\\/\"},\"sameAs\":[\"https:\\\/\\\/www.facebook.com\\\/GlowBeautyBanus\"]}]}<\/script>\n<!-- \/ Yoast SEO plugin. -->","yoast_head_json":{"title":"Offrez le cadeau d'une journ\u00e9e de beaut\u00e9 chez Glow Beauty Puerto Ban\u00fas","description":"Carte cadeau Glow Beauty pour profiter des meilleurs soins de coiffure et de soins des pieds et des mains \u00e0 Puerto Ban\u00fas. Purification et d\u00e9toxification de la peau avec des soins artisanaux.","robots":{"index":"index","follow":"follow","max-snippet":"max-snippet:-1","max-image-preview":"max-image-preview:large","max-video-preview":"max-video-preview:-1"},"canonical":"https:\/\/beautybanus.shop\/fr\/producto\/gift-card-traditional-hammam-individual\/","og_locale":"fr_FR","og_type":"article","og_title":"Offrez le cadeau d'une journ\u00e9e de beaut\u00e9 chez Glow Beauty Puerto Ban\u00fas","og_description":"Carte cadeau Glow Beauty pour profiter des meilleurs soins de coiffure et de soins des pieds et des mains \u00e0 Puerto Ban\u00fas. Purification et d\u00e9toxification de la peau avec des soins artisanaux.","og_url":"https:\/\/beautybanus.shop\/fr\/producto\/gift-card-traditional-hammam-individual\/","og_site_name":"Beauty Shop Banus","article_publisher":"https:\/\/www.facebook.com\/GlowBeautyBanus","article_modified_time":"2026-01-26T16:10:29+00:00","og_image":[{"width":1080,"height":1080,"url":"https:\/\/beautybanus.shop\/wp-content\/uploads\/2024\/06\/1.png","type":"image\/png"}],"twitter_card":"summary_large_image","twitter_misc":{"Dur\u00e9e de lecture estim\u00e9e":"2 minutes"},"schema":{"@context":"https:\/\/schema.org","@graph":[{"@type":"WebPage","@id":"https:\/\/beautybanus.shop\/fr\/producto\/gift-card-traditional-hammam-individual\/","url":"https:\/\/beautybanus.shop\/fr\/producto\/gift-card-traditional-hammam-individual\/","name":"Offrez le cadeau d'une journ\u00e9e de beaut\u00e9 chez Glow Beauty Puerto Ban\u00fas","isPartOf":{"@id":"https:\/\/beautybanus.shop\/fr\/#website"},"primaryImageOfPage":{"@id":"https:\/\/beautybanus.shop\/fr\/producto\/gift-card-traditional-hammam-individual\/#primaryimage"},"image":{"@id":"https:\/\/beautybanus.shop\/fr\/producto\/gift-card-traditional-hammam-individual\/#primaryimage"},"thumbnailUrl":"https:\/\/beautybanus.shop\/wp-content\/uploads\/2024\/06\/1.png","datePublished":"2024-06-13T10:01:20+00:00","dateModified":"2026-01-26T16:10:29+00:00","description":"Carte cadeau Glow Beauty pour profiter des meilleurs soins de coiffure et de soins des pieds et des mains \u00e0 Puerto Ban\u00fas. Purification et d\u00e9toxification de la peau avec des soins artisanaux.","breadcrumb":{"@id":"https:\/\/beautybanus.shop\/fr\/producto\/gift-card-traditional-hammam-individual\/#breadcrumb"},"inLanguage":"fr-FR","potentialAction":[{"@type":"ReadAction","target":["https:\/\/beautybanus.shop\/fr\/producto\/gift-card-traditional-hammam-individual\/"]}]},{"@type":"ImageObject","inLanguage":"fr-FR","@id":"https:\/\/beautybanus.shop\/fr\/producto\/gift-card-traditional-hammam-individual\/#primaryimage","url":"https:\/\/beautybanus.shop\/wp-content\/uploads\/2024\/06\/1.png","contentUrl":"https:\/\/beautybanus.shop\/wp-content\/uploads\/2024\/06\/1.png","width":1080,"height":1080},{"@type":"BreadcrumbList","@id":"https:\/\/beautybanus.shop\/fr\/producto\/gift-card-traditional-hammam-individual\/#breadcrumb","itemListElement":[{"@type":"ListItem","position":1,"name":"Tarjetas Regalo","item":"https:\/\/beautybanus.shop\/fr\/boutique\/"},{"@type":"ListItem","position":2,"name":"Boutique","item":"https:\/\/beautybanus.shop\/fr\/boutique\/"},{"@type":"ListItem","position":3,"name":"CARTE CADEAU HAMMAM TRADITIONNEL GLOW \u2013 Individuelle"}]},{"@type":"WebSite","@id":"https:\/\/beautybanus.shop\/fr\/#website","url":"https:\/\/beautybanus.shop\/fr\/","name":"Beauty Shop Banus","description":"El arte de mimar y sorprender regalando experiencias","publisher":{"@id":"https:\/\/beautybanus.shop\/fr\/#organization"},"alternateName":"BeautyShopBanus","potentialAction":[{"@type":"SearchAction","target":{"@type":"EntryPoint","urlTemplate":"https:\/\/beautybanus.shop\/fr\/?s={search_term_string}"},"query-input":{"@type":"PropertyValueSpecification","valueRequired":true,"valueName":"search_term_string"}}],"inLanguage":"fr-FR"},{"@type":"Organization","@id":"https:\/\/beautybanus.shop\/fr\/#organization","name":"Glow Beuaty Puerto Ban\u00fas","alternateName":"Glow Beauty Banus","url":"https:\/\/beautybanus.shop\/fr\/","logo":{"@type":"ImageObject","inLanguage":"fr-FR","@id":"https:\/\/beautybanus.shop\/fr\/#\/schema\/logo\/image\/","url":"https:\/\/beautybanus.shop\/wp-content\/uploads\/2024\/03\/logo-negro.jpeg","contentUrl":"https:\/\/beautybanus.shop\/wp-content\/uploads\/2024\/03\/logo-negro.jpeg","width":400,"height":400,"caption":"Glow Beuaty Puerto Ban\u00fas"},"image":{"@id":"https:\/\/beautybanus.shop\/fr\/#\/schema\/logo\/image\/"},"sameAs":["https:\/\/www.facebook.com\/GlowBeautyBanus"]}]}},"_links":{"self":[{"href":"https:\/\/beautybanus.shop\/fr\/wp-json\/wp\/v2\/product\/1359","targetHints":{"allow":["GET"]}}],"collection":[{"href":"https:\/\/beautybanus.shop\/fr\/wp-json\/wp\/v2\/product"}],"about":[{"href":"https:\/\/beautybanus.shop\/fr\/wp-json\/wp\/v2\/types\/product"}],"replies":[{"embeddable":true,"href":"https:\/\/beautybanus.shop\/fr\/wp-json\/wp\/v2\/comments?post=1359"}],"wp:featuredmedia":[{"embeddable":true,"href":"https:\/\/beautybanus.shop\/fr\/wp-json\/wp\/v2\/media\/1365"}],"wp:attachment":[{"href":"https:\/\/beautybanus.shop\/fr\/wp-json\/wp\/v2\/media?parent=1359"}],"wp:term":[{"taxonomy":"product_brand","embeddable":true,"href":"https:\/\/beautybanus.shop\/fr\/wp-json\/wp\/v2\/product_brand?post=1359"},{"taxonomy":"product_cat","embeddable":true,"href":"https:\/\/beautybanus.shop\/fr\/wp-json\/wp\/v2\/product_cat?post=1359"},{"taxonomy":"product_tag","embeddable":true,"href":"https:\/\/beautybanus.shop\/fr\/wp-json\/wp\/v2\/product_tag?post=1359"},{"taxonomy":"giftcard-category","embeddable":true,"href":"https:\/\/beautybanus.shop\/fr\/wp-json\/wp\/v2\/giftcard-category?post=1359"}],"curies":[{"name":"wp","href":"https:\/\/api.w.org\/{rel}","templated":true}]}}