{"id":1394,"date":"2024-06-13T13:49:14","date_gmt":"2024-06-13T11:49:14","guid":{"rendered":"https:\/\/beautybanus.shop\/?post_type=product&#038;p=1394"},"modified":"2025-12-15T13:44:11","modified_gmt":"2025-12-15T12:44:11","slug":"gift-card-hammam-traditional-couples","status":"publish","type":"product","link":"https:\/\/beautybanus.shop\/fr\/producto\/gift-card-hammam-traditional-couples\/","title":{"rendered":"CARTE CADEAU | Hammam traditionnel pour 2 personnes"},"content":{"rendered":"<p data-start=\"107\" data-end=\"400\">Vous avez choisi un cadeau vraiment sp\u00e9cial : une exp\u00e9rience de Hammam Traditionnel pour deux personnes dans notre centre de beaut\u00e9 Glow Beauty Puerto Ban\u00fas. Ce service exclusif allie tradition et confort absolu pour offrir une exp\u00e9rience de purification et de rajeunissement incomparable.<\/p>\n<p data-start=\"402\" data-end=\"424\">Le soin comprend :<\/p>\n<ul data-start=\"426\" data-end=\"1137\">\n<li data-start=\"426\" data-end=\"512\">\n<p data-start=\"428\" data-end=\"512\"><strong data-start=\"428\" data-end=\"458\">Hammam Traditionnel Glow :<\/strong> Un rituel artisanal qui purifie et d\u00e9toxifie la peau.<\/p>\n<\/li>\n<li data-start=\"513\" data-end=\"600\">\n<p data-start=\"515\" data-end=\"600\"><strong data-start=\"515\" data-end=\"552\">Application de Savon Noir Beldi :<\/strong> Pour une purification en profondeur de la peau.<\/p>\n<\/li>\n<li data-start=\"601\" data-end=\"675\">\n<p data-start=\"603\" data-end=\"675\"><strong data-start=\"603\" data-end=\"623\">Bain de Vapeur :<\/strong> Qui d\u00e9tend et pr\u00e9pare la peau aux \u00e9tapes suivantes.<\/p>\n<\/li>\n<li data-start=\"676\" data-end=\"791\">\n<p data-start=\"678\" data-end=\"791\"><strong data-start=\"678\" data-end=\"708\">Gommage au Gant de Kessa :<\/strong> \u00c9limine les impuret\u00e9s et les cellules mortes, laissant la peau douce et \u00e9clatante.<\/p>\n<\/li>\n<li data-start=\"792\" data-end=\"888\">\n<p data-start=\"794\" data-end=\"888\"><strong data-start=\"794\" data-end=\"822\">Application de Rassoul :<\/strong> Une argile saponif\u00e8re qui absorbe les toxines et hydrate la peau.<\/p>\n<\/li>\n<li data-start=\"889\" data-end=\"974\">\n<p data-start=\"891\" data-end=\"974\"><strong data-start=\"891\" data-end=\"934\">Exfoliation, Massage et Masque Visage :<\/strong> Pour une peau lumineuse et revitalis\u00e9e.<\/p>\n<\/li>\n<li data-start=\"975\" data-end=\"1070\">\n<p data-start=\"977\" data-end=\"1070\"><strong data-start=\"977\" data-end=\"1024\">Exfoliation, Massage et Masque Capillaire :<\/strong> Qui redonne brillance et douceur aux cheveux.<\/p>\n<\/li>\n<li data-start=\"1071\" data-end=\"1137\">\n<p data-start=\"1073\" data-end=\"1137\"><strong data-start=\"1073\" data-end=\"1101\">C\u00e9r\u00e9monie du Th\u00e9 Maure :<\/strong> Un moment de d\u00e9tente et de plaisir.<\/p>\n<\/li>\n<\/ul>\n<p data-start=\"1139\" data-end=\"1161\"><strong data-start=\"1139\" data-end=\"1161\">Dur\u00e9e : 75 minutes<\/strong><\/p>\n<p data-start=\"1163\" data-end=\"1328\">Ce soin est r\u00e9alis\u00e9 dans notre salle exclusive de spa et de massage pour deux personnes, garantissant une exp\u00e9rience inoubliable de bien-\u00eatre et de soin personnel.<\/p>\n<p data-start=\"1330\" data-end=\"1460\">Si vous pr\u00e9f\u00e9rez offrir ce service \u00e0 une seule personne, vous pouvez consulter la carte cadeau Hammam Traditionnel individuelle.<\/p>\n<p data-start=\"1462\" data-end=\"1638\"><strong data-start=\"1462\" data-end=\"1638\">Nous sommes convaincus que ce cadeau apportera des moments de paix et de r\u00e9g\u00e9n\u00e9ration dans leur vie. Merci d\u2019avoir choisi Glow Beauty pour partager cette exp\u00e9rience unique.<\/strong><\/p>\n","protected":false},"excerpt":{"rendered":"<p><strong>Comment \u00e9changer<\/strong> : Appelez le num\u00e9ro de t\u00e9l\u00e9phone de r\u00e9servation 637 717 810 avec le code g\u00e9n\u00e9r\u00e9 lors de votre achat ou effectuez une r\u00e9servation via notre site Web et nous vous contacterons pour confirmer votre rendez-vous. Si vous souhaitez le bon physique, veuillez contacter le 637 717 810 ou envoyer un e-mail \u00e0 info@glowclub.es<\/p>\n<p>CONDITIONS<\/p>\n<p>Validit\u00e9 1 an \u00e0 compter de la date d&rsquo;achat.<br \/>\nR\u00e9servation sous r\u00e9serve de disponibilit\u00e9 de Glow Beauty Puerto Ban\u00fas.<br \/>\nLes r\u00e9servations doivent \u00eatre faites au moins 24 heures \u00e0 l&rsquo;avance.<br \/>\nToute modification ou annulation 24 heures \u00e0 l&rsquo;avance ou la prestation sera consid\u00e9r\u00e9e comme effectu\u00e9e. Si le client est en retard, le temps de traitement sera r\u00e9duit. Si ce service ne le permet pas, il sera annul\u00e9 en appliquant les conditions d&rsquo;annulation.<br \/>\nPour plus d&rsquo;informations, contactez info@glowclub.es<\/p>\n","protected":false},"featured_media":1370,"comment_status":"closed","ping_status":"closed","template":"","meta":[],"product_brand":[],"product_cat":[66],"product_tag":[],"giftcard-category":[],"class_list":{"0":"post-1394","1":"product","2":"type-product","3":"status-publish","4":"has-post-thumbnail","6":"product_cat-glow-beauty-fr","8":"first","9":"instock","10":"virtual","11":"purchasable","12":"product-type-gift-card"},"yoast_head":"<!-- This site is optimized with the Yoast SEO plugin v27.5 - https:\/\/yoast.com\/product\/yoast-seo-wordpress\/ -->\n<title>CARTE CADEAU | Hammam traditionnel pour 2 personnes<\/title>\n<meta name=\"description\" content=\"Carte cadeau Glow Beauty pour profiter du Hammam Traditionnel pour deux personnes. Purification et d\u00e9toxification de la peau avec des soins artisanaux.\" \/>\n<meta name=\"robots\" content=\"index, follow, max-snippet:-1, max-image-preview:large, max-video-preview:-1\" \/>\n<link rel=\"canonical\" href=\"https:\/\/beautybanus.shop\/fr\/producto\/gift-card-hammam-traditional-couples\/\" \/>\n<meta property=\"og:locale\" content=\"fr_FR\" \/>\n<meta property=\"og:type\" content=\"article\" \/>\n<meta property=\"og:title\" content=\"CARTE CADEAU | Hammam traditionnel pour 2 personnes\" \/>\n<meta property=\"og:description\" content=\"Carte cadeau Glow Beauty pour profiter du Hammam Traditionnel pour deux personnes. Purification et d\u00e9toxification de la peau avec des soins artisanaux.\" \/>\n<meta property=\"og:url\" content=\"https:\/\/beautybanus.shop\/fr\/producto\/gift-card-hammam-traditional-couples\/\" \/>\n<meta property=\"og:site_name\" content=\"Beauty Shop Banus\" \/>\n<meta property=\"article:publisher\" content=\"https:\/\/www.facebook.com\/GlowBeautyBanus\" \/>\n<meta property=\"article:modified_time\" content=\"2025-12-15T12:44:11+00:00\" \/>\n<meta property=\"og:image\" content=\"https:\/\/beautybanus.shop\/wp-content\/uploads\/2024\/06\/2-768x768.png\" \/>\n\t<meta property=\"og:image:width\" content=\"768\" \/>\n\t<meta property=\"og:image:height\" content=\"768\" \/>\n\t<meta property=\"og:image:type\" content=\"image\/png\" \/>\n<meta name=\"twitter:card\" content=\"summary_large_image\" \/>\n<meta name=\"twitter:label1\" content=\"Dur\u00e9e de lecture estim\u00e9e\" \/>\n\t<meta name=\"twitter:data1\" content=\"2 minutes\" \/>\n<script type=\"application\/ld+json\" class=\"yoast-schema-graph\">{\"@context\":\"https:\\\/\\\/schema.org\",\"@graph\":[{\"@type\":\"WebPage\",\"@id\":\"https:\\\/\\\/beautybanus.shop\\\/fr\\\/producto\\\/gift-card-hammam-traditional-couples\\\/\",\"url\":\"https:\\\/\\\/beautybanus.shop\\\/fr\\\/producto\\\/gift-card-hammam-traditional-couples\\\/\",\"name\":\"CARTE CADEAU | Hammam traditionnel pour 2 personnes\",\"isPartOf\":{\"@id\":\"https:\\\/\\\/beautybanus.shop\\\/fr\\\/#website\"},\"primaryImageOfPage\":{\"@id\":\"https:\\\/\\\/beautybanus.shop\\\/fr\\\/producto\\\/gift-card-hammam-traditional-couples\\\/#primaryimage\"},\"image\":{\"@id\":\"https:\\\/\\\/beautybanus.shop\\\/fr\\\/producto\\\/gift-card-hammam-traditional-couples\\\/#primaryimage\"},\"thumbnailUrl\":\"https:\\\/\\\/beautybanus.shop\\\/wp-content\\\/uploads\\\/2024\\\/06\\\/2.png\",\"datePublished\":\"2024-06-13T11:49:14+00:00\",\"dateModified\":\"2025-12-15T12:44:11+00:00\",\"description\":\"Carte cadeau Glow Beauty pour profiter du Hammam Traditionnel pour deux personnes. Purification et d\u00e9toxification de la peau avec des soins artisanaux.\",\"breadcrumb\":{\"@id\":\"https:\\\/\\\/beautybanus.shop\\\/fr\\\/producto\\\/gift-card-hammam-traditional-couples\\\/#breadcrumb\"},\"inLanguage\":\"fr-FR\",\"potentialAction\":[{\"@type\":\"ReadAction\",\"target\":[\"https:\\\/\\\/beautybanus.shop\\\/fr\\\/producto\\\/gift-card-hammam-traditional-couples\\\/\"]}]},{\"@type\":\"ImageObject\",\"inLanguage\":\"fr-FR\",\"@id\":\"https:\\\/\\\/beautybanus.shop\\\/fr\\\/producto\\\/gift-card-hammam-traditional-couples\\\/#primaryimage\",\"url\":\"https:\\\/\\\/beautybanus.shop\\\/wp-content\\\/uploads\\\/2024\\\/06\\\/2.png\",\"contentUrl\":\"https:\\\/\\\/beautybanus.shop\\\/wp-content\\\/uploads\\\/2024\\\/06\\\/2.png\",\"width\":1080,\"height\":1080,\"caption\":\"Tarjeta regalo Hammam Tradicional para parejas\"},{\"@type\":\"BreadcrumbList\",\"@id\":\"https:\\\/\\\/beautybanus.shop\\\/fr\\\/producto\\\/gift-card-hammam-traditional-couples\\\/#breadcrumb\",\"itemListElement\":[{\"@type\":\"ListItem\",\"position\":1,\"name\":\"Tarjetas Regalo\",\"item\":\"https:\\\/\\\/beautybanus.shop\\\/fr\\\/boutique\\\/\"},{\"@type\":\"ListItem\",\"position\":2,\"name\":\"Boutique\",\"item\":\"https:\\\/\\\/beautybanus.shop\\\/fr\\\/boutique\\\/\"},{\"@type\":\"ListItem\",\"position\":3,\"name\":\"CARTE CADEAU | Hammam traditionnel pour 2 personnes\"}]},{\"@type\":\"WebSite\",\"@id\":\"https:\\\/\\\/beautybanus.shop\\\/fr\\\/#website\",\"url\":\"https:\\\/\\\/beautybanus.shop\\\/fr\\\/\",\"name\":\"Beauty Shop Banus\",\"description\":\"El arte de mimar y sorprender regalando experiencias\",\"publisher\":{\"@id\":\"https:\\\/\\\/beautybanus.shop\\\/fr\\\/#organization\"},\"alternateName\":\"BeautyShopBanus\",\"potentialAction\":[{\"@type\":\"SearchAction\",\"target\":{\"@type\":\"EntryPoint\",\"urlTemplate\":\"https:\\\/\\\/beautybanus.shop\\\/fr\\\/?s={search_term_string}\"},\"query-input\":{\"@type\":\"PropertyValueSpecification\",\"valueRequired\":true,\"valueName\":\"search_term_string\"}}],\"inLanguage\":\"fr-FR\"},{\"@type\":\"Organization\",\"@id\":\"https:\\\/\\\/beautybanus.shop\\\/fr\\\/#organization\",\"name\":\"Glow Beuaty Puerto Ban\u00fas\",\"alternateName\":\"Glow Beauty Banus\",\"url\":\"https:\\\/\\\/beautybanus.shop\\\/fr\\\/\",\"logo\":{\"@type\":\"ImageObject\",\"inLanguage\":\"fr-FR\",\"@id\":\"https:\\\/\\\/beautybanus.shop\\\/fr\\\/#\\\/schema\\\/logo\\\/image\\\/\",\"url\":\"https:\\\/\\\/beautybanus.shop\\\/wp-content\\\/uploads\\\/2024\\\/03\\\/logo-negro.jpeg\",\"contentUrl\":\"https:\\\/\\\/beautybanus.shop\\\/wp-content\\\/uploads\\\/2024\\\/03\\\/logo-negro.jpeg\",\"width\":400,\"height\":400,\"caption\":\"Glow Beuaty Puerto Ban\u00fas\"},\"image\":{\"@id\":\"https:\\\/\\\/beautybanus.shop\\\/fr\\\/#\\\/schema\\\/logo\\\/image\\\/\"},\"sameAs\":[\"https:\\\/\\\/www.facebook.com\\\/GlowBeautyBanus\"]}]}<\/script>\n<!-- \/ Yoast SEO plugin. -->","yoast_head_json":{"title":"CARTE CADEAU | Hammam traditionnel pour 2 personnes","description":"Carte cadeau Glow Beauty pour profiter du Hammam Traditionnel pour deux personnes. Purification et d\u00e9toxification de la peau avec des soins artisanaux.","robots":{"index":"index","follow":"follow","max-snippet":"max-snippet:-1","max-image-preview":"max-image-preview:large","max-video-preview":"max-video-preview:-1"},"canonical":"https:\/\/beautybanus.shop\/fr\/producto\/gift-card-hammam-traditional-couples\/","og_locale":"fr_FR","og_type":"article","og_title":"CARTE CADEAU | Hammam traditionnel pour 2 personnes","og_description":"Carte cadeau Glow Beauty pour profiter du Hammam Traditionnel pour deux personnes. Purification et d\u00e9toxification de la peau avec des soins artisanaux.","og_url":"https:\/\/beautybanus.shop\/fr\/producto\/gift-card-hammam-traditional-couples\/","og_site_name":"Beauty Shop Banus","article_publisher":"https:\/\/www.facebook.com\/GlowBeautyBanus","article_modified_time":"2025-12-15T12:44:11+00:00","og_image":[{"width":768,"height":768,"url":"https:\/\/beautybanus.shop\/wp-content\/uploads\/2024\/06\/2-768x768.png","type":"image\/png"}],"twitter_card":"summary_large_image","twitter_misc":{"Dur\u00e9e de lecture estim\u00e9e":"2 minutes"},"schema":{"@context":"https:\/\/schema.org","@graph":[{"@type":"WebPage","@id":"https:\/\/beautybanus.shop\/fr\/producto\/gift-card-hammam-traditional-couples\/","url":"https:\/\/beautybanus.shop\/fr\/producto\/gift-card-hammam-traditional-couples\/","name":"CARTE CADEAU | Hammam traditionnel pour 2 personnes","isPartOf":{"@id":"https:\/\/beautybanus.shop\/fr\/#website"},"primaryImageOfPage":{"@id":"https:\/\/beautybanus.shop\/fr\/producto\/gift-card-hammam-traditional-couples\/#primaryimage"},"image":{"@id":"https:\/\/beautybanus.shop\/fr\/producto\/gift-card-hammam-traditional-couples\/#primaryimage"},"thumbnailUrl":"https:\/\/beautybanus.shop\/wp-content\/uploads\/2024\/06\/2.png","datePublished":"2024-06-13T11:49:14+00:00","dateModified":"2025-12-15T12:44:11+00:00","description":"Carte cadeau Glow Beauty pour profiter du Hammam Traditionnel pour deux personnes. Purification et d\u00e9toxification de la peau avec des soins artisanaux.","breadcrumb":{"@id":"https:\/\/beautybanus.shop\/fr\/producto\/gift-card-hammam-traditional-couples\/#breadcrumb"},"inLanguage":"fr-FR","potentialAction":[{"@type":"ReadAction","target":["https:\/\/beautybanus.shop\/fr\/producto\/gift-card-hammam-traditional-couples\/"]}]},{"@type":"ImageObject","inLanguage":"fr-FR","@id":"https:\/\/beautybanus.shop\/fr\/producto\/gift-card-hammam-traditional-couples\/#primaryimage","url":"https:\/\/beautybanus.shop\/wp-content\/uploads\/2024\/06\/2.png","contentUrl":"https:\/\/beautybanus.shop\/wp-content\/uploads\/2024\/06\/2.png","width":1080,"height":1080,"caption":"Tarjeta regalo Hammam Tradicional para parejas"},{"@type":"BreadcrumbList","@id":"https:\/\/beautybanus.shop\/fr\/producto\/gift-card-hammam-traditional-couples\/#breadcrumb","itemListElement":[{"@type":"ListItem","position":1,"name":"Tarjetas Regalo","item":"https:\/\/beautybanus.shop\/fr\/boutique\/"},{"@type":"ListItem","position":2,"name":"Boutique","item":"https:\/\/beautybanus.shop\/fr\/boutique\/"},{"@type":"ListItem","position":3,"name":"CARTE CADEAU | Hammam traditionnel pour 2 personnes"}]},{"@type":"WebSite","@id":"https:\/\/beautybanus.shop\/fr\/#website","url":"https:\/\/beautybanus.shop\/fr\/","name":"Beauty Shop Banus","description":"El arte de mimar y sorprender regalando experiencias","publisher":{"@id":"https:\/\/beautybanus.shop\/fr\/#organization"},"alternateName":"BeautyShopBanus","potentialAction":[{"@type":"SearchAction","target":{"@type":"EntryPoint","urlTemplate":"https:\/\/beautybanus.shop\/fr\/?s={search_term_string}"},"query-input":{"@type":"PropertyValueSpecification","valueRequired":true,"valueName":"search_term_string"}}],"inLanguage":"fr-FR"},{"@type":"Organization","@id":"https:\/\/beautybanus.shop\/fr\/#organization","name":"Glow Beuaty Puerto Ban\u00fas","alternateName":"Glow Beauty Banus","url":"https:\/\/beautybanus.shop\/fr\/","logo":{"@type":"ImageObject","inLanguage":"fr-FR","@id":"https:\/\/beautybanus.shop\/fr\/#\/schema\/logo\/image\/","url":"https:\/\/beautybanus.shop\/wp-content\/uploads\/2024\/03\/logo-negro.jpeg","contentUrl":"https:\/\/beautybanus.shop\/wp-content\/uploads\/2024\/03\/logo-negro.jpeg","width":400,"height":400,"caption":"Glow Beuaty Puerto Ban\u00fas"},"image":{"@id":"https:\/\/beautybanus.shop\/fr\/#\/schema\/logo\/image\/"},"sameAs":["https:\/\/www.facebook.com\/GlowBeautyBanus"]}]}},"_links":{"self":[{"href":"https:\/\/beautybanus.shop\/fr\/wp-json\/wp\/v2\/product\/1394","targetHints":{"allow":["GET"]}}],"collection":[{"href":"https:\/\/beautybanus.shop\/fr\/wp-json\/wp\/v2\/product"}],"about":[{"href":"https:\/\/beautybanus.shop\/fr\/wp-json\/wp\/v2\/types\/product"}],"replies":[{"embeddable":true,"href":"https:\/\/beautybanus.shop\/fr\/wp-json\/wp\/v2\/comments?post=1394"}],"wp:featuredmedia":[{"embeddable":true,"href":"https:\/\/beautybanus.shop\/fr\/wp-json\/wp\/v2\/media\/1370"}],"wp:attachment":[{"href":"https:\/\/beautybanus.shop\/fr\/wp-json\/wp\/v2\/media?parent=1394"}],"wp:term":[{"taxonomy":"product_brand","embeddable":true,"href":"https:\/\/beautybanus.shop\/fr\/wp-json\/wp\/v2\/product_brand?post=1394"},{"taxonomy":"product_cat","embeddable":true,"href":"https:\/\/beautybanus.shop\/fr\/wp-json\/wp\/v2\/product_cat?post=1394"},{"taxonomy":"product_tag","embeddable":true,"href":"https:\/\/beautybanus.shop\/fr\/wp-json\/wp\/v2\/product_tag?post=1394"},{"taxonomy":"giftcard-category","embeddable":true,"href":"https:\/\/beautybanus.shop\/fr\/wp-json\/wp\/v2\/giftcard-category?post=1394"}],"curies":[{"name":"wp","href":"https:\/\/api.w.org\/{rel}","templated":true}]}}