{"id":1404,"date":"2024-06-13T14:12:09","date_gmt":"2024-06-13T12:12:09","guid":{"rendered":"https:\/\/beautybanus.shop\/?post_type=product&#038;p=1404"},"modified":"2025-07-01T18:07:56","modified_gmt":"2025-07-01T16:07:56","slug":"gift-card-hammam-luxury-couples","status":"publish","type":"product","link":"https:\/\/beautybanus.shop\/fr\/producto\/gift-card-hammam-luxury-couples\/","title":{"rendered":"CARTE CADEAU HAMMAM LUXURY GLOW Pour 2 personnes"},"content":{"rendered":"<p>Surprenez vos proches avec une exp\u00e9rience inoubliable dans notre Hammam exclusif. Cette carte cadeau est parfaite pour les couples, amis ou membres de la famille qui m\u00e9ritent un moment de soin et de tranquillit\u00e9 partag\u00e9s. Avec le Hammam Luxury Glow, ils pourront profiter d\u2019un soin complet incluant:<\/p>\n<ul>\n<li><strong>Application de savon noir Beldi purifiant<\/strong>: parfait pour d\u00e9toxifier et pr\u00e9parer la peau.<\/li>\n<li><strong>S\u00e9ance de bain de vapeur<\/strong>: d\u00e9tend les muscles et ouvre les pores pour un nettoyage en profondeur.<\/li>\n<li><strong>Gommage corporel en profondeur avec gant de Kessa<\/strong>: \u00e9limine les impuret\u00e9s et les cellules mortes, laissant la peau douce et renouvel\u00e9e.<\/li>\n<li><strong>Application de Rassoul<\/strong>: argile saponif\u00e8re aux propri\u00e9t\u00e9s absorbantes et hydratantes pour nourrir la peau.<\/li>\n<li><strong>Exfoliation, massage et masque facial<\/strong>: revitalisent le visage gr\u00e2ce \u00e0 un soin complet.<\/li>\n<li><strong>Exfoliation, massage et masque capillaire<\/strong>: un soin intensif qui laisse les cheveux soyeux et en bonne sant\u00e9.<\/li>\n<li><strong>C\u00e9r\u00e9monie du th\u00e9 maure:<\/strong> un moment de calme et de tradition autour d\u2019un d\u00e9licieux th\u00e9.<\/li>\n<li>Choisissez entre un <strong>massage corporel ou un soin du visage personnalis\u00e9<\/strong> de 45 minutes : la touche finale parfaite pour une exp\u00e9rience totalement relaxante.<\/li>\n<\/ul>\n<p>&nbsp;<\/p>\n<p>Dur\u00e9e totale : 120 minutes<\/p>\n<p>Ce soin peut \u00eatre appr\u00e9ci\u00e9 individuellement ou en duo, avec la possibilit\u00e9 d\u2019un soin du visage partag\u00e9 ou d\u2019un massage corporel pour deux. C\u2019est le cadeau id\u00e9al pour un anniversaire, une f\u00eate ou simplement pour dire \u00ab tu le m\u00e9rites \u00bb. Si vous pr\u00e9f\u00e9rez offrir cette exp\u00e9rience \u00e0 une seule personne, vous pouvez consulter la carte cadeau <a href=\"https:\/\/beautybanus.shop\/fr\/producto\/gift-card-hammam-luxury-individual\/\">Hammam Luxury individuelle<\/a>.<\/p>\n<p>Faites de leur bien-\u00eatre votre plus beau cadeau!<\/p>\n","protected":false},"excerpt":{"rendered":"<p><strong>Comment \u00e9changer<\/strong> : Appelez le num\u00e9ro de t\u00e9l\u00e9phone de r\u00e9servation 637 717 810 avec le code g\u00e9n\u00e9r\u00e9 lors de votre achat ou effectuez une r\u00e9servation via notre site Web et nous vous contacterons pour confirmer votre rendez-vous. Si vous souhaitez le bon physique, veuillez contacter le 637 717 810 ou envoyer un e-mail \u00e0 info@glowclub.es<\/p>\n<p>CONDITIONS<\/p>\n<ul>\n<li>Validit\u00e9 1 an \u00e0 compter de la date d&rsquo;achat.<\/li>\n<li>R\u00e9servation sous r\u00e9serve de disponibilit\u00e9 de Glow Beauty Puerto Ban\u00fas.<\/li>\n<li>Les r\u00e9servations doivent \u00eatre faites au moins 24 heures \u00e0 l&rsquo;avance.<\/li>\n<li>Toute modification ou annulation 24 heures \u00e0 l&rsquo;avance ou la prestation sera consid\u00e9r\u00e9e comme effectu\u00e9e. Si le client est en retard, le temps de traitement sera r\u00e9duit. Si ce service ne le permet pas, il sera annul\u00e9 en appliquant les conditions d&rsquo;annulation.<\/li>\n<li>Pour plus d&rsquo;informations, contactez info@glowclub.es<\/li>\n<\/ul>\n","protected":false},"featured_media":1380,"comment_status":"closed","ping_status":"closed","template":"","meta":[],"product_brand":[],"product_cat":[66],"product_tag":[],"giftcard-category":[],"class_list":{"0":"post-1404","1":"product","2":"type-product","3":"status-publish","4":"has-post-thumbnail","6":"product_cat-glow-beauty-fr","8":"first","9":"instock","10":"virtual","11":"purchasable","12":"product-type-gift-card"},"yoast_head":"<!-- This site is optimized with the Yoast SEO plugin v27.3 - https:\/\/yoast.com\/product\/yoast-seo-wordpress\/ -->\n<title>CARTE CADEAU | Hammam Luxury pour 2 \u00e0 Puerto Ban\u00fas<\/title>\n<meta name=\"description\" content=\"Carte cadeau Glow Beauty pour profiter du Hammam Luxury + massage pour 2 personnes. Purification et d\u00e9toxification de la peau avec des soins artisanaux.\" \/>\n<meta name=\"robots\" content=\"index, follow, max-snippet:-1, max-image-preview:large, max-video-preview:-1\" \/>\n<link rel=\"canonical\" href=\"https:\/\/beautybanus.shop\/fr\/producto\/gift-card-hammam-luxury-couples\/\" \/>\n<meta property=\"og:locale\" content=\"fr_FR\" \/>\n<meta property=\"og:type\" content=\"article\" \/>\n<meta property=\"og:title\" content=\"CARTE CADEAU | Hammam Luxury pour 2 \u00e0 Puerto Ban\u00fas\" \/>\n<meta property=\"og:description\" content=\"Carte cadeau Glow Beauty pour profiter du Hammam Luxury + massage pour 2 personnes. Purification et d\u00e9toxification de la peau avec des soins artisanaux.\" \/>\n<meta property=\"og:url\" content=\"https:\/\/beautybanus.shop\/fr\/producto\/gift-card-hammam-luxury-couples\/\" \/>\n<meta property=\"og:site_name\" content=\"Beauty Shop Banus\" \/>\n<meta property=\"article:publisher\" content=\"https:\/\/www.facebook.com\/GlowBeautyBanus\" \/>\n<meta property=\"article:modified_time\" content=\"2025-07-01T16:07:56+00:00\" \/>\n<meta property=\"og:image\" content=\"https:\/\/beautybanus.shop\/wp-content\/uploads\/2024\/06\/4.png\" \/>\n\t<meta property=\"og:image:width\" content=\"1080\" \/>\n\t<meta property=\"og:image:height\" content=\"1080\" \/>\n\t<meta property=\"og:image:type\" content=\"image\/png\" \/>\n<meta name=\"twitter:card\" content=\"summary_large_image\" \/>\n<meta name=\"twitter:label1\" content=\"Dur\u00e9e de lecture estim\u00e9e\" \/>\n\t<meta name=\"twitter:data1\" content=\"2 minutes\" \/>\n<script type=\"application\/ld+json\" class=\"yoast-schema-graph\">{\"@context\":\"https:\\\/\\\/schema.org\",\"@graph\":[{\"@type\":\"WebPage\",\"@id\":\"https:\\\/\\\/beautybanus.shop\\\/fr\\\/producto\\\/gift-card-hammam-luxury-couples\\\/\",\"url\":\"https:\\\/\\\/beautybanus.shop\\\/fr\\\/producto\\\/gift-card-hammam-luxury-couples\\\/\",\"name\":\"CARTE CADEAU | Hammam Luxury pour 2 \u00e0 Puerto Ban\u00fas\",\"isPartOf\":{\"@id\":\"https:\\\/\\\/beautybanus.shop\\\/fr\\\/#website\"},\"primaryImageOfPage\":{\"@id\":\"https:\\\/\\\/beautybanus.shop\\\/fr\\\/producto\\\/gift-card-hammam-luxury-couples\\\/#primaryimage\"},\"image\":{\"@id\":\"https:\\\/\\\/beautybanus.shop\\\/fr\\\/producto\\\/gift-card-hammam-luxury-couples\\\/#primaryimage\"},\"thumbnailUrl\":\"https:\\\/\\\/beautybanus.shop\\\/wp-content\\\/uploads\\\/2024\\\/06\\\/4.png\",\"datePublished\":\"2024-06-13T12:12:09+00:00\",\"dateModified\":\"2025-07-01T16:07:56+00:00\",\"description\":\"Carte cadeau Glow Beauty pour profiter du Hammam Luxury + massage pour 2 personnes. Purification et d\u00e9toxification de la peau avec des soins artisanaux.\",\"breadcrumb\":{\"@id\":\"https:\\\/\\\/beautybanus.shop\\\/fr\\\/producto\\\/gift-card-hammam-luxury-couples\\\/#breadcrumb\"},\"inLanguage\":\"fr-FR\",\"potentialAction\":[{\"@type\":\"ReadAction\",\"target\":[\"https:\\\/\\\/beautybanus.shop\\\/fr\\\/producto\\\/gift-card-hammam-luxury-couples\\\/\"]}]},{\"@type\":\"ImageObject\",\"inLanguage\":\"fr-FR\",\"@id\":\"https:\\\/\\\/beautybanus.shop\\\/fr\\\/producto\\\/gift-card-hammam-luxury-couples\\\/#primaryimage\",\"url\":\"https:\\\/\\\/beautybanus.shop\\\/wp-content\\\/uploads\\\/2024\\\/06\\\/4.png\",\"contentUrl\":\"https:\\\/\\\/beautybanus.shop\\\/wp-content\\\/uploads\\\/2024\\\/06\\\/4.png\",\"width\":1080,\"height\":1080,\"caption\":\"Hammam Luxury para 2 personas en Puerto Ban\u00fas\"},{\"@type\":\"BreadcrumbList\",\"@id\":\"https:\\\/\\\/beautybanus.shop\\\/fr\\\/producto\\\/gift-card-hammam-luxury-couples\\\/#breadcrumb\",\"itemListElement\":[{\"@type\":\"ListItem\",\"position\":1,\"name\":\"Tarjetas Regalo\",\"item\":\"https:\\\/\\\/beautybanus.shop\\\/fr\\\/boutique\\\/\"},{\"@type\":\"ListItem\",\"position\":2,\"name\":\"Boutique\",\"item\":\"https:\\\/\\\/beautybanus.shop\\\/fr\\\/boutique\\\/\"},{\"@type\":\"ListItem\",\"position\":3,\"name\":\"CARTE CADEAU HAMMAM LUXURY GLOW Pour 2 personnes\"}]},{\"@type\":\"WebSite\",\"@id\":\"https:\\\/\\\/beautybanus.shop\\\/fr\\\/#website\",\"url\":\"https:\\\/\\\/beautybanus.shop\\\/fr\\\/\",\"name\":\"Beauty Shop Banus\",\"description\":\"El arte de mimar y sorprender regalando experiencias\",\"publisher\":{\"@id\":\"https:\\\/\\\/beautybanus.shop\\\/fr\\\/#organization\"},\"alternateName\":\"BeautyShopBanus\",\"potentialAction\":[{\"@type\":\"SearchAction\",\"target\":{\"@type\":\"EntryPoint\",\"urlTemplate\":\"https:\\\/\\\/beautybanus.shop\\\/fr\\\/?s={search_term_string}\"},\"query-input\":{\"@type\":\"PropertyValueSpecification\",\"valueRequired\":true,\"valueName\":\"search_term_string\"}}],\"inLanguage\":\"fr-FR\"},{\"@type\":\"Organization\",\"@id\":\"https:\\\/\\\/beautybanus.shop\\\/fr\\\/#organization\",\"name\":\"Glow Beuaty Puerto Ban\u00fas\",\"alternateName\":\"Glow Beauty Banus\",\"url\":\"https:\\\/\\\/beautybanus.shop\\\/fr\\\/\",\"logo\":{\"@type\":\"ImageObject\",\"inLanguage\":\"fr-FR\",\"@id\":\"https:\\\/\\\/beautybanus.shop\\\/fr\\\/#\\\/schema\\\/logo\\\/image\\\/\",\"url\":\"https:\\\/\\\/beautybanus.shop\\\/wp-content\\\/uploads\\\/2024\\\/03\\\/logo-negro.jpeg\",\"contentUrl\":\"https:\\\/\\\/beautybanus.shop\\\/wp-content\\\/uploads\\\/2024\\\/03\\\/logo-negro.jpeg\",\"width\":400,\"height\":400,\"caption\":\"Glow Beuaty Puerto Ban\u00fas\"},\"image\":{\"@id\":\"https:\\\/\\\/beautybanus.shop\\\/fr\\\/#\\\/schema\\\/logo\\\/image\\\/\"},\"sameAs\":[\"https:\\\/\\\/www.facebook.com\\\/GlowBeautyBanus\"]}]}<\/script>\n<!-- \/ Yoast SEO plugin. -->","yoast_head_json":{"title":"CARTE CADEAU | Hammam Luxury pour 2 \u00e0 Puerto Ban\u00fas","description":"Carte cadeau Glow Beauty pour profiter du Hammam Luxury + massage pour 2 personnes. Purification et d\u00e9toxification de la peau avec des soins artisanaux.","robots":{"index":"index","follow":"follow","max-snippet":"max-snippet:-1","max-image-preview":"max-image-preview:large","max-video-preview":"max-video-preview:-1"},"canonical":"https:\/\/beautybanus.shop\/fr\/producto\/gift-card-hammam-luxury-couples\/","og_locale":"fr_FR","og_type":"article","og_title":"CARTE CADEAU | Hammam Luxury pour 2 \u00e0 Puerto Ban\u00fas","og_description":"Carte cadeau Glow Beauty pour profiter du Hammam Luxury + massage pour 2 personnes. Purification et d\u00e9toxification de la peau avec des soins artisanaux.","og_url":"https:\/\/beautybanus.shop\/fr\/producto\/gift-card-hammam-luxury-couples\/","og_site_name":"Beauty Shop Banus","article_publisher":"https:\/\/www.facebook.com\/GlowBeautyBanus","article_modified_time":"2025-07-01T16:07:56+00:00","og_image":[{"width":1080,"height":1080,"url":"https:\/\/beautybanus.shop\/wp-content\/uploads\/2024\/06\/4.png","type":"image\/png"}],"twitter_card":"summary_large_image","twitter_misc":{"Dur\u00e9e de lecture estim\u00e9e":"2 minutes"},"schema":{"@context":"https:\/\/schema.org","@graph":[{"@type":"WebPage","@id":"https:\/\/beautybanus.shop\/fr\/producto\/gift-card-hammam-luxury-couples\/","url":"https:\/\/beautybanus.shop\/fr\/producto\/gift-card-hammam-luxury-couples\/","name":"CARTE CADEAU | Hammam Luxury pour 2 \u00e0 Puerto Ban\u00fas","isPartOf":{"@id":"https:\/\/beautybanus.shop\/fr\/#website"},"primaryImageOfPage":{"@id":"https:\/\/beautybanus.shop\/fr\/producto\/gift-card-hammam-luxury-couples\/#primaryimage"},"image":{"@id":"https:\/\/beautybanus.shop\/fr\/producto\/gift-card-hammam-luxury-couples\/#primaryimage"},"thumbnailUrl":"https:\/\/beautybanus.shop\/wp-content\/uploads\/2024\/06\/4.png","datePublished":"2024-06-13T12:12:09+00:00","dateModified":"2025-07-01T16:07:56+00:00","description":"Carte cadeau Glow Beauty pour profiter du Hammam Luxury + massage pour 2 personnes. Purification et d\u00e9toxification de la peau avec des soins artisanaux.","breadcrumb":{"@id":"https:\/\/beautybanus.shop\/fr\/producto\/gift-card-hammam-luxury-couples\/#breadcrumb"},"inLanguage":"fr-FR","potentialAction":[{"@type":"ReadAction","target":["https:\/\/beautybanus.shop\/fr\/producto\/gift-card-hammam-luxury-couples\/"]}]},{"@type":"ImageObject","inLanguage":"fr-FR","@id":"https:\/\/beautybanus.shop\/fr\/producto\/gift-card-hammam-luxury-couples\/#primaryimage","url":"https:\/\/beautybanus.shop\/wp-content\/uploads\/2024\/06\/4.png","contentUrl":"https:\/\/beautybanus.shop\/wp-content\/uploads\/2024\/06\/4.png","width":1080,"height":1080,"caption":"Hammam Luxury para 2 personas en Puerto Ban\u00fas"},{"@type":"BreadcrumbList","@id":"https:\/\/beautybanus.shop\/fr\/producto\/gift-card-hammam-luxury-couples\/#breadcrumb","itemListElement":[{"@type":"ListItem","position":1,"name":"Tarjetas Regalo","item":"https:\/\/beautybanus.shop\/fr\/boutique\/"},{"@type":"ListItem","position":2,"name":"Boutique","item":"https:\/\/beautybanus.shop\/fr\/boutique\/"},{"@type":"ListItem","position":3,"name":"CARTE CADEAU HAMMAM LUXURY GLOW Pour 2 personnes"}]},{"@type":"WebSite","@id":"https:\/\/beautybanus.shop\/fr\/#website","url":"https:\/\/beautybanus.shop\/fr\/","name":"Beauty Shop Banus","description":"El arte de mimar y sorprender regalando experiencias","publisher":{"@id":"https:\/\/beautybanus.shop\/fr\/#organization"},"alternateName":"BeautyShopBanus","potentialAction":[{"@type":"SearchAction","target":{"@type":"EntryPoint","urlTemplate":"https:\/\/beautybanus.shop\/fr\/?s={search_term_string}"},"query-input":{"@type":"PropertyValueSpecification","valueRequired":true,"valueName":"search_term_string"}}],"inLanguage":"fr-FR"},{"@type":"Organization","@id":"https:\/\/beautybanus.shop\/fr\/#organization","name":"Glow Beuaty Puerto Ban\u00fas","alternateName":"Glow Beauty Banus","url":"https:\/\/beautybanus.shop\/fr\/","logo":{"@type":"ImageObject","inLanguage":"fr-FR","@id":"https:\/\/beautybanus.shop\/fr\/#\/schema\/logo\/image\/","url":"https:\/\/beautybanus.shop\/wp-content\/uploads\/2024\/03\/logo-negro.jpeg","contentUrl":"https:\/\/beautybanus.shop\/wp-content\/uploads\/2024\/03\/logo-negro.jpeg","width":400,"height":400,"caption":"Glow Beuaty Puerto Ban\u00fas"},"image":{"@id":"https:\/\/beautybanus.shop\/fr\/#\/schema\/logo\/image\/"},"sameAs":["https:\/\/www.facebook.com\/GlowBeautyBanus"]}]}},"_links":{"self":[{"href":"https:\/\/beautybanus.shop\/fr\/wp-json\/wp\/v2\/product\/1404","targetHints":{"allow":["GET"]}}],"collection":[{"href":"https:\/\/beautybanus.shop\/fr\/wp-json\/wp\/v2\/product"}],"about":[{"href":"https:\/\/beautybanus.shop\/fr\/wp-json\/wp\/v2\/types\/product"}],"replies":[{"embeddable":true,"href":"https:\/\/beautybanus.shop\/fr\/wp-json\/wp\/v2\/comments?post=1404"}],"wp:featuredmedia":[{"embeddable":true,"href":"https:\/\/beautybanus.shop\/fr\/wp-json\/wp\/v2\/media\/1380"}],"wp:attachment":[{"href":"https:\/\/beautybanus.shop\/fr\/wp-json\/wp\/v2\/media?parent=1404"}],"wp:term":[{"taxonomy":"product_brand","embeddable":true,"href":"https:\/\/beautybanus.shop\/fr\/wp-json\/wp\/v2\/product_brand?post=1404"},{"taxonomy":"product_cat","embeddable":true,"href":"https:\/\/beautybanus.shop\/fr\/wp-json\/wp\/v2\/product_cat?post=1404"},{"taxonomy":"product_tag","embeddable":true,"href":"https:\/\/beautybanus.shop\/fr\/wp-json\/wp\/v2\/product_tag?post=1404"},{"taxonomy":"giftcard-category","embeddable":true,"href":"https:\/\/beautybanus.shop\/fr\/wp-json\/wp\/v2\/giftcard-category?post=1404"}],"curies":[{"name":"wp","href":"https:\/\/api.w.org\/{rel}","templated":true}]}}