{"id":1410,"date":"2024-06-13T14:23:50","date_gmt":"2024-06-13T12:23:50","guid":{"rendered":"https:\/\/beautybanus.shop\/?post_type=product&#038;p=1410"},"modified":"2026-01-26T16:44:44","modified_gmt":"2026-01-26T15:44:44","slug":"gift-card-hammam-royal-individual","status":"publish","type":"product","link":"https:\/\/beautybanus.shop\/fr\/producto\/gift-card-hammam-royal-individual\/","title":{"rendered":"CARTE CADEAU HAMMAM ROYAL GLOW \u2013 Individuelle"},"content":{"rendered":"<p>Nous vous pr\u00e9sentons l\u2019exp\u00e9rience ultime de bien-\u00eatre et de r\u00e9g\u00e9n\u00e9ration : la carte cadeau Hammam Royal Glow. Surprenez vos proches avec un voyage sensoriel qui revitalisera le corps et l\u2019esprit dans une atmosph\u00e8re de calme et de s\u00e9r\u00e9nit\u00e9 absolus. <\/p>\n<p>D\u00e9tails du soin Hammam Royal Glow :<\/p>\n<ul>\n<li>Application du savon noir Beldi purifiant :<br \/>Nous commen\u00e7ons par l\u2019application de ce savon traditionnel, qui pr\u00e9pare la peau \u00e0 un nettoyage en profondeur.<\/li>\n<li><strong>S\u00e9ance de bain de vapeur <\/strong>:<br \/>D\u00e9tendez-vous et laissez la vapeur ouvrir vos pores, facilitant l\u2019\u00e9limination des toxines.<\/li>\n<li><strong>Exfoliation corporelle profonde au gant Kessa<\/strong> :<br \/>Lib\u00e9rez la peau des impuret\u00e9s et des cellules mortes gr\u00e2ce \u00e0 une exfoliation intense qui laisse la peau douce et renouvel\u00e9e.<\/li>\n<li><strong>Application de Rassoul <\/strong>:<br \/>Cette argile saponif\u00e8re, riche en min\u00e9raux, poss\u00e8de des propri\u00e9t\u00e9s absorbantes et hydratantes qui nourrissent la peau en profondeur.<\/li>\n<li><strong>Exfoliation, Massage et Masque Facial <\/strong>:<br \/>Profitez d\u2019un soin du visage complet qui exfolie, masse et hydrate votre peau, lui redonnant tout son \u00e9clat naturel.<\/li>\n<li><strong>Exfoliation, Massage et Masque Capillaire :<\/strong><br \/>Prenez soin de vos cheveux gr\u00e2ce \u00e0 un soin complet qui revitalise le cuir chevelu et renforce la fibre capillaire d\u00e8s la racine.<\/li>\n<li><strong>C\u00e9r\u00e9monie du th\u00e9 marocain :<\/strong><br \/>Plongez dans la tradition avec une c\u00e9r\u00e9monie du th\u00e9 marocain qui vous transportera vers un v\u00e9ritable oasis de d\u00e9tente.<\/li>\n<li><strong>Massage corporel de 45 minutes :<\/strong> soulage les tensions et recharge les \u00e9nergies gr\u00e2ce \u00e0 un massage corporel qui harmonise le corps et l\u2019esprit.<\/li>\n<li><strong>Soin du visage personnalis\u00e9 de 45 minutes :<\/strong> Profitez d\u2019un soin du visage adapt\u00e9 \u00e0 vos besoins sp\u00e9cifiques pour une prise en charge compl\u00e8te.<\/li>\n<\/ul>\n<p>&nbsp;<\/p>\n<p>Dur\u00e9e totale : 165 minutes<\/p>\n<p>Ce traitement exquis peut \u00eatre appr\u00e9ci\u00e9 <span style=\"color: #000000;\"><strong>individuellement ou <u><a style=\"color: #000000;\" href=\"https:\/\/beautybanus.shop\/fr\/producto\/gift-card-hammam-royal-couples\/\">en couple<\/a><\/u><\/strong><\/span>, permettant de partager un soin du visage associ\u00e9 \u00e0 un massage corporel dans une exp\u00e9rience inoubliable \u00e0 deux.<\/p>\n<p>L\u2019Exp\u00e9rience Parfaite \u00e0 Offrir :<br \/>Que ce soit pour c\u00e9l\u00e9brer une occasion sp\u00e9ciale ou simplement pour t\u00e9moigner votre appr\u00e9ciation, cette exp\u00e9rience est le cadeau id\u00e9al qui laissera une impression durable. N\u2019attendez plus et surprenez avec une exp\u00e9rience unique de d\u00e9tente et de soin personnel qui transformera la journ\u00e9e de la personne qui la recevra. <\/p>\n<p>Avec la carte cadeau Hammam Royal Glow, vous offrez bien plus qu\u2019un moment de d\u00e9tente ; vous offrez une v\u00e9ritable renaissance pour le corps et l\u2019\u00e2me.<\/p>\n","protected":false},"excerpt":{"rendered":"<p><strong>Comment \u00e9changer<\/strong> : Appelez le num\u00e9ro de t\u00e9l\u00e9phone de r\u00e9servation 637 717 810 avec le code g\u00e9n\u00e9r\u00e9 lors de votre achat ou effectuez une r\u00e9servation via notre site Web et nous vous contacterons pour confirmer votre rendez-vous. Si vous souhaitez le bon physique, veuillez contacter le 637 717 810 ou envoyer un e-mail \u00e0 info@glowclub.es<\/p>\n<p>CONDITIONS<\/p>\n<ul>\n<li>Validit\u00e9 1 an \u00e0 compter de la date d&rsquo;achat.<\/li>\n<li>R\u00e9servation sous r\u00e9serve de disponibilit\u00e9 de Glow Beauty Puerto Ban\u00fas.<\/li>\n<li>Les r\u00e9servations doivent \u00eatre faites au moins 24 heures \u00e0 l&rsquo;avance.<\/li>\n<li>Toute modification ou annulation 24 heures \u00e0 l&rsquo;avance ou la prestation sera consid\u00e9r\u00e9e comme effectu\u00e9e. Si le client est en retard, le temps de traitement sera r\u00e9duit. Si ce service ne le permet pas, il sera annul\u00e9 en appliquant les conditions d&rsquo;annulation.<\/li>\n<li>Pour plus d&rsquo;informations, contactez info@glowclub.es<\/li>\n<\/ul>\n","protected":false},"featured_media":1385,"comment_status":"closed","ping_status":"closed","template":"","meta":[],"product_brand":[],"product_cat":[66],"product_tag":[],"giftcard-category":[],"class_list":{"0":"post-1410","1":"product","2":"type-product","3":"status-publish","4":"has-post-thumbnail","6":"product_cat-glow-beauty-fr","8":"first","9":"instock","10":"virtual","11":"purchasable","12":"product-type-gift-card"},"yoast_head":"<!-- This site is optimized with the Yoast SEO plugin v27.4 - https:\/\/yoast.com\/product\/yoast-seo-wordpress\/ -->\n<title>Offrez le cadeau d&#039;une journ\u00e9e de beaut\u00e9 chez Glow Beauty Puerto Ban\u00fas<\/title>\n<meta name=\"description\" content=\"Carte cadeau Glow Beauty pour profiter des meilleurs soins de coiffure et de soins des pieds et des mains \u00e0 Puerto Ban\u00fas. Purification et d\u00e9toxification de la peau avec des soins artisanaux.\" \/>\n<meta name=\"robots\" content=\"index, follow, max-snippet:-1, max-image-preview:large, max-video-preview:-1\" \/>\n<link rel=\"canonical\" href=\"https:\/\/beautybanus.shop\/fr\/producto\/gift-card-hammam-royal-individual\/\" \/>\n<meta property=\"og:locale\" content=\"fr_FR\" \/>\n<meta property=\"og:type\" content=\"article\" \/>\n<meta property=\"og:title\" content=\"Offrez le cadeau d&#039;une journ\u00e9e de beaut\u00e9 chez Glow Beauty Puerto Ban\u00fas\" \/>\n<meta property=\"og:description\" content=\"Carte cadeau Glow Beauty pour profiter des meilleurs soins de coiffure et de soins des pieds et des mains \u00e0 Puerto Ban\u00fas. Purification et d\u00e9toxification de la peau avec des soins artisanaux.\" \/>\n<meta property=\"og:url\" content=\"https:\/\/beautybanus.shop\/fr\/producto\/gift-card-hammam-royal-individual\/\" \/>\n<meta property=\"og:site_name\" content=\"Beauty Shop Banus\" \/>\n<meta property=\"article:publisher\" content=\"https:\/\/www.facebook.com\/GlowBeautyBanus\" \/>\n<meta property=\"article:modified_time\" content=\"2026-01-26T15:44:44+00:00\" \/>\n<meta property=\"og:image\" content=\"https:\/\/beautybanus.shop\/wp-content\/uploads\/2024\/06\/5.png\" \/>\n\t<meta property=\"og:image:width\" content=\"1080\" \/>\n\t<meta property=\"og:image:height\" content=\"1080\" \/>\n\t<meta property=\"og:image:type\" content=\"image\/png\" \/>\n<meta name=\"twitter:card\" content=\"summary_large_image\" \/>\n<meta name=\"twitter:label1\" content=\"Dur\u00e9e de lecture estim\u00e9e\" \/>\n\t<meta name=\"twitter:data1\" content=\"2 minutes\" \/>\n<script type=\"application\/ld+json\" class=\"yoast-schema-graph\">{\"@context\":\"https:\\\/\\\/schema.org\",\"@graph\":[{\"@type\":\"WebPage\",\"@id\":\"https:\\\/\\\/beautybanus.shop\\\/fr\\\/producto\\\/gift-card-hammam-royal-individual\\\/\",\"url\":\"https:\\\/\\\/beautybanus.shop\\\/fr\\\/producto\\\/gift-card-hammam-royal-individual\\\/\",\"name\":\"Offrez le cadeau d'une journ\u00e9e de beaut\u00e9 chez Glow Beauty Puerto Ban\u00fas\",\"isPartOf\":{\"@id\":\"https:\\\/\\\/beautybanus.shop\\\/fr\\\/#website\"},\"primaryImageOfPage\":{\"@id\":\"https:\\\/\\\/beautybanus.shop\\\/fr\\\/producto\\\/gift-card-hammam-royal-individual\\\/#primaryimage\"},\"image\":{\"@id\":\"https:\\\/\\\/beautybanus.shop\\\/fr\\\/producto\\\/gift-card-hammam-royal-individual\\\/#primaryimage\"},\"thumbnailUrl\":\"https:\\\/\\\/beautybanus.shop\\\/wp-content\\\/uploads\\\/2024\\\/06\\\/5.png\",\"datePublished\":\"2024-06-13T12:23:50+00:00\",\"dateModified\":\"2026-01-26T15:44:44+00:00\",\"description\":\"Carte cadeau Glow Beauty pour profiter des meilleurs soins de coiffure et de soins des pieds et des mains \u00e0 Puerto Ban\u00fas. Purification et d\u00e9toxification de la peau avec des soins artisanaux.\",\"breadcrumb\":{\"@id\":\"https:\\\/\\\/beautybanus.shop\\\/fr\\\/producto\\\/gift-card-hammam-royal-individual\\\/#breadcrumb\"},\"inLanguage\":\"fr-FR\",\"potentialAction\":[{\"@type\":\"ReadAction\",\"target\":[\"https:\\\/\\\/beautybanus.shop\\\/fr\\\/producto\\\/gift-card-hammam-royal-individual\\\/\"]}]},{\"@type\":\"ImageObject\",\"inLanguage\":\"fr-FR\",\"@id\":\"https:\\\/\\\/beautybanus.shop\\\/fr\\\/producto\\\/gift-card-hammam-royal-individual\\\/#primaryimage\",\"url\":\"https:\\\/\\\/beautybanus.shop\\\/wp-content\\\/uploads\\\/2024\\\/06\\\/5.png\",\"contentUrl\":\"https:\\\/\\\/beautybanus.shop\\\/wp-content\\\/uploads\\\/2024\\\/06\\\/5.png\",\"width\":1080,\"height\":1080,\"caption\":\"Tarjeta Regalo Hammam Royal individual\"},{\"@type\":\"BreadcrumbList\",\"@id\":\"https:\\\/\\\/beautybanus.shop\\\/fr\\\/producto\\\/gift-card-hammam-royal-individual\\\/#breadcrumb\",\"itemListElement\":[{\"@type\":\"ListItem\",\"position\":1,\"name\":\"Tarjetas Regalo\",\"item\":\"https:\\\/\\\/beautybanus.shop\\\/fr\\\/boutique\\\/\"},{\"@type\":\"ListItem\",\"position\":2,\"name\":\"Boutique\",\"item\":\"https:\\\/\\\/beautybanus.shop\\\/fr\\\/boutique\\\/\"},{\"@type\":\"ListItem\",\"position\":3,\"name\":\"CARTE CADEAU HAMMAM ROYAL GLOW \u2013 Individuelle\"}]},{\"@type\":\"WebSite\",\"@id\":\"https:\\\/\\\/beautybanus.shop\\\/fr\\\/#website\",\"url\":\"https:\\\/\\\/beautybanus.shop\\\/fr\\\/\",\"name\":\"Beauty Shop Banus\",\"description\":\"El arte de mimar y sorprender regalando experiencias\",\"publisher\":{\"@id\":\"https:\\\/\\\/beautybanus.shop\\\/fr\\\/#organization\"},\"alternateName\":\"BeautyShopBanus\",\"potentialAction\":[{\"@type\":\"SearchAction\",\"target\":{\"@type\":\"EntryPoint\",\"urlTemplate\":\"https:\\\/\\\/beautybanus.shop\\\/fr\\\/?s={search_term_string}\"},\"query-input\":{\"@type\":\"PropertyValueSpecification\",\"valueRequired\":true,\"valueName\":\"search_term_string\"}}],\"inLanguage\":\"fr-FR\"},{\"@type\":\"Organization\",\"@id\":\"https:\\\/\\\/beautybanus.shop\\\/fr\\\/#organization\",\"name\":\"Glow Beuaty Puerto Ban\u00fas\",\"alternateName\":\"Glow Beauty Banus\",\"url\":\"https:\\\/\\\/beautybanus.shop\\\/fr\\\/\",\"logo\":{\"@type\":\"ImageObject\",\"inLanguage\":\"fr-FR\",\"@id\":\"https:\\\/\\\/beautybanus.shop\\\/fr\\\/#\\\/schema\\\/logo\\\/image\\\/\",\"url\":\"https:\\\/\\\/beautybanus.shop\\\/wp-content\\\/uploads\\\/2024\\\/03\\\/logo-negro.jpeg\",\"contentUrl\":\"https:\\\/\\\/beautybanus.shop\\\/wp-content\\\/uploads\\\/2024\\\/03\\\/logo-negro.jpeg\",\"width\":400,\"height\":400,\"caption\":\"Glow Beuaty Puerto Ban\u00fas\"},\"image\":{\"@id\":\"https:\\\/\\\/beautybanus.shop\\\/fr\\\/#\\\/schema\\\/logo\\\/image\\\/\"},\"sameAs\":[\"https:\\\/\\\/www.facebook.com\\\/GlowBeautyBanus\"]}]}<\/script>\n<!-- \/ Yoast SEO plugin. -->","yoast_head_json":{"title":"Offrez le cadeau d'une journ\u00e9e de beaut\u00e9 chez Glow Beauty Puerto Ban\u00fas","description":"Carte cadeau Glow Beauty pour profiter des meilleurs soins de coiffure et de soins des pieds et des mains \u00e0 Puerto Ban\u00fas. Purification et d\u00e9toxification de la peau avec des soins artisanaux.","robots":{"index":"index","follow":"follow","max-snippet":"max-snippet:-1","max-image-preview":"max-image-preview:large","max-video-preview":"max-video-preview:-1"},"canonical":"https:\/\/beautybanus.shop\/fr\/producto\/gift-card-hammam-royal-individual\/","og_locale":"fr_FR","og_type":"article","og_title":"Offrez le cadeau d'une journ\u00e9e de beaut\u00e9 chez Glow Beauty Puerto Ban\u00fas","og_description":"Carte cadeau Glow Beauty pour profiter des meilleurs soins de coiffure et de soins des pieds et des mains \u00e0 Puerto Ban\u00fas. Purification et d\u00e9toxification de la peau avec des soins artisanaux.","og_url":"https:\/\/beautybanus.shop\/fr\/producto\/gift-card-hammam-royal-individual\/","og_site_name":"Beauty Shop Banus","article_publisher":"https:\/\/www.facebook.com\/GlowBeautyBanus","article_modified_time":"2026-01-26T15:44:44+00:00","og_image":[{"width":1080,"height":1080,"url":"https:\/\/beautybanus.shop\/wp-content\/uploads\/2024\/06\/5.png","type":"image\/png"}],"twitter_card":"summary_large_image","twitter_misc":{"Dur\u00e9e de lecture estim\u00e9e":"2 minutes"},"schema":{"@context":"https:\/\/schema.org","@graph":[{"@type":"WebPage","@id":"https:\/\/beautybanus.shop\/fr\/producto\/gift-card-hammam-royal-individual\/","url":"https:\/\/beautybanus.shop\/fr\/producto\/gift-card-hammam-royal-individual\/","name":"Offrez le cadeau d'une journ\u00e9e de beaut\u00e9 chez Glow Beauty Puerto Ban\u00fas","isPartOf":{"@id":"https:\/\/beautybanus.shop\/fr\/#website"},"primaryImageOfPage":{"@id":"https:\/\/beautybanus.shop\/fr\/producto\/gift-card-hammam-royal-individual\/#primaryimage"},"image":{"@id":"https:\/\/beautybanus.shop\/fr\/producto\/gift-card-hammam-royal-individual\/#primaryimage"},"thumbnailUrl":"https:\/\/beautybanus.shop\/wp-content\/uploads\/2024\/06\/5.png","datePublished":"2024-06-13T12:23:50+00:00","dateModified":"2026-01-26T15:44:44+00:00","description":"Carte cadeau Glow Beauty pour profiter des meilleurs soins de coiffure et de soins des pieds et des mains \u00e0 Puerto Ban\u00fas. Purification et d\u00e9toxification de la peau avec des soins artisanaux.","breadcrumb":{"@id":"https:\/\/beautybanus.shop\/fr\/producto\/gift-card-hammam-royal-individual\/#breadcrumb"},"inLanguage":"fr-FR","potentialAction":[{"@type":"ReadAction","target":["https:\/\/beautybanus.shop\/fr\/producto\/gift-card-hammam-royal-individual\/"]}]},{"@type":"ImageObject","inLanguage":"fr-FR","@id":"https:\/\/beautybanus.shop\/fr\/producto\/gift-card-hammam-royal-individual\/#primaryimage","url":"https:\/\/beautybanus.shop\/wp-content\/uploads\/2024\/06\/5.png","contentUrl":"https:\/\/beautybanus.shop\/wp-content\/uploads\/2024\/06\/5.png","width":1080,"height":1080,"caption":"Tarjeta Regalo Hammam Royal individual"},{"@type":"BreadcrumbList","@id":"https:\/\/beautybanus.shop\/fr\/producto\/gift-card-hammam-royal-individual\/#breadcrumb","itemListElement":[{"@type":"ListItem","position":1,"name":"Tarjetas Regalo","item":"https:\/\/beautybanus.shop\/fr\/boutique\/"},{"@type":"ListItem","position":2,"name":"Boutique","item":"https:\/\/beautybanus.shop\/fr\/boutique\/"},{"@type":"ListItem","position":3,"name":"CARTE CADEAU HAMMAM ROYAL GLOW \u2013 Individuelle"}]},{"@type":"WebSite","@id":"https:\/\/beautybanus.shop\/fr\/#website","url":"https:\/\/beautybanus.shop\/fr\/","name":"Beauty Shop Banus","description":"El arte de mimar y sorprender regalando experiencias","publisher":{"@id":"https:\/\/beautybanus.shop\/fr\/#organization"},"alternateName":"BeautyShopBanus","potentialAction":[{"@type":"SearchAction","target":{"@type":"EntryPoint","urlTemplate":"https:\/\/beautybanus.shop\/fr\/?s={search_term_string}"},"query-input":{"@type":"PropertyValueSpecification","valueRequired":true,"valueName":"search_term_string"}}],"inLanguage":"fr-FR"},{"@type":"Organization","@id":"https:\/\/beautybanus.shop\/fr\/#organization","name":"Glow Beuaty Puerto Ban\u00fas","alternateName":"Glow Beauty Banus","url":"https:\/\/beautybanus.shop\/fr\/","logo":{"@type":"ImageObject","inLanguage":"fr-FR","@id":"https:\/\/beautybanus.shop\/fr\/#\/schema\/logo\/image\/","url":"https:\/\/beautybanus.shop\/wp-content\/uploads\/2024\/03\/logo-negro.jpeg","contentUrl":"https:\/\/beautybanus.shop\/wp-content\/uploads\/2024\/03\/logo-negro.jpeg","width":400,"height":400,"caption":"Glow Beuaty Puerto Ban\u00fas"},"image":{"@id":"https:\/\/beautybanus.shop\/fr\/#\/schema\/logo\/image\/"},"sameAs":["https:\/\/www.facebook.com\/GlowBeautyBanus"]}]}},"_links":{"self":[{"href":"https:\/\/beautybanus.shop\/fr\/wp-json\/wp\/v2\/product\/1410","targetHints":{"allow":["GET"]}}],"collection":[{"href":"https:\/\/beautybanus.shop\/fr\/wp-json\/wp\/v2\/product"}],"about":[{"href":"https:\/\/beautybanus.shop\/fr\/wp-json\/wp\/v2\/types\/product"}],"replies":[{"embeddable":true,"href":"https:\/\/beautybanus.shop\/fr\/wp-json\/wp\/v2\/comments?post=1410"}],"wp:featuredmedia":[{"embeddable":true,"href":"https:\/\/beautybanus.shop\/fr\/wp-json\/wp\/v2\/media\/1385"}],"wp:attachment":[{"href":"https:\/\/beautybanus.shop\/fr\/wp-json\/wp\/v2\/media?parent=1410"}],"wp:term":[{"taxonomy":"product_brand","embeddable":true,"href":"https:\/\/beautybanus.shop\/fr\/wp-json\/wp\/v2\/product_brand?post=1410"},{"taxonomy":"product_cat","embeddable":true,"href":"https:\/\/beautybanus.shop\/fr\/wp-json\/wp\/v2\/product_cat?post=1410"},{"taxonomy":"product_tag","embeddable":true,"href":"https:\/\/beautybanus.shop\/fr\/wp-json\/wp\/v2\/product_tag?post=1410"},{"taxonomy":"giftcard-category","embeddable":true,"href":"https:\/\/beautybanus.shop\/fr\/wp-json\/wp\/v2\/giftcard-category?post=1410"}],"curies":[{"name":"wp","href":"https:\/\/api.w.org\/{rel}","templated":true}]}}