{"id":1625,"date":"2024-12-13T13:40:45","date_gmt":"2024-12-13T12:40:45","guid":{"rendered":"https:\/\/beautybanus.shop\/?post_type=product&#038;p=1625"},"modified":"2025-12-12T15:49:21","modified_gmt":"2025-12-12T14:49:21","slug":"gift-card-glow-day","status":"publish","type":"product","link":"https:\/\/beautybanus.shop\/fr\/producto\/gift-card-glow-day\/","title":{"rendered":"CARTE CADEAU LIFT CVS BIOLOGIQUE RECHERCHE"},"content":{"rendered":"<p data-start=\"107\" data-end=\"458\"><strong data-start=\"107\" data-end=\"213\">Offrez un moment exceptionnel de bien-\u00eatre avec notre carte cadeau LIFT CVS BY BIOLOGIQUE RECHERCHE<\/strong>, un traitement premium con\u00e7u pour ceux qui souhaitent raffermir, red\u00e9finir et revitaliser leur peau avec des r\u00e9sultats visibles d\u00e8s la premi\u00e8re s\u00e9ance. C\u2019est un cadeau id\u00e9al pour une occasion sp\u00e9ciale ou pour s\u2019offrir un soin intensif de haut niveau. <\/p>\n<p data-start=\"460\" data-end=\"489\"><strong data-start=\"460\" data-end=\"489\">Ce traitement comprend :<\/strong> un soin du visage raffermissant haute performance qui agit en profondeur pour stimuler, remodeler et tonifier la peau. Il combine une technique manuelle experte avec des actifs concentr\u00e9s de Biologique Recherche, aidant \u00e0 lisser la texture, unifier le teint et apporter un effet lifting imm\u00e9diat. La peau appara\u00eet plus ferme, lumineuse et visiblement renouvel\u00e9e.  <\/p>\n<p data-start=\"857\" data-end=\"934\"><strong data-start=\"857\" data-end=\"870\">Dur\u00e9e : <\/strong>45 minutes<br data-start=\"881\" data-end=\"884\"><strong data-start=\"884\" data-end=\"899\">Prix r\u00e9el :<\/strong> 130 \u20ac<br data-start=\"905\" data-end=\"908\"><strong data-start=\"908\" data-end=\"928\">Prix sp\u00e9cial :<\/strong> 100 \u20ac<\/p>\n<p data-start=\"936\" data-end=\"1113\">Un cadeau parfait pour ceux qui recherchent une exp\u00e9rience exclusive centr\u00e9e sur l\u2019am\u00e9lioration globale du visage, avec des r\u00e9sultats imm\u00e9diats et une sensation profonde de revitalisation.<\/p>\n","protected":false},"excerpt":{"rendered":"<p><strong>Comment \u00e9changer<\/strong> : Appelez le num\u00e9ro de t\u00e9l\u00e9phone de r\u00e9servation 637 717 810 avec le code g\u00e9n\u00e9r\u00e9 lors de votre achat ou effectuez une r\u00e9servation via notre site Web et nous vous contacterons pour confirmer votre rendez-vous. Si vous souhaitez le bon physique, veuillez contacter le 637 717 810 ou envoyer un e-mail \u00e0 info@glowclub.es<\/p>\n<p>CONDITIONS<\/p>\n<p>1 an de validit\u00e9 \u00e0 compter de la date d\u2019achat.<br \/>\nR\u00e9servation sous r\u00e9serve de disponibilit\u00e9 chez Glow Beauty Puerto Ban\u00fas.<br \/>\nLa r\u00e9servation doit \u00eatre effectu\u00e9e au minimum 24 heures \u00e0 l\u2019avance.<br \/>\nTout changement ou annulation doit \u00eatre communiqu\u00e9 24 heures \u00e0 l\u2019avance, faute de quoi le service sera consid\u00e9r\u00e9 comme effectu\u00e9. Si le client est en retard, le temps de traitement sera r\u00e9duit. Si ce service ne le permet pas, il sera annul\u00e9 conform\u00e9ment \u00e0 la politique d\u2019annulation.<br \/>\nPour plus d\u2019informations, veuillez contacter info@glowclub.es<\/p>\n","protected":false},"featured_media":2215,"comment_status":"closed","ping_status":"closed","template":"","meta":[],"product_brand":[],"product_cat":[66],"product_tag":[],"giftcard-category":[],"class_list":{"0":"post-1625","1":"product","2":"type-product","3":"status-publish","4":"has-post-thumbnail","6":"product_cat-glow-beauty-fr","8":"first","9":"instock","10":"virtual","11":"purchasable","12":"product-type-gift-card"},"yoast_head":"<!-- This site is optimized with the Yoast SEO plugin v27.3 - https:\/\/yoast.com\/product\/yoast-seo-wordpress\/ -->\n<title>CARTE CADEAU | Lift CVS Biologique Recherche<\/title>\n<meta name=\"description\" content=\"Offrez de la beaut\u00e9 ce No\u00ebl avec notre traitement LIFT CVS de Biologique Recherche : un protocole raffermissant avec un effet lifting imm\u00e9diat au meilleur prix.\" \/>\n<meta name=\"robots\" content=\"index, follow, max-snippet:-1, max-image-preview:large, max-video-preview:-1\" \/>\n<link rel=\"canonical\" href=\"https:\/\/beautybanus.shop\/fr\/producto\/gift-card-glow-day\/\" \/>\n<meta property=\"og:locale\" content=\"fr_FR\" \/>\n<meta property=\"og:type\" content=\"article\" \/>\n<meta property=\"og:title\" content=\"CARTE CADEAU | Lift CVS Biologique Recherche\" \/>\n<meta property=\"og:description\" content=\"Offrez de la beaut\u00e9 ce No\u00ebl avec notre traitement LIFT CVS de Biologique Recherche : un protocole raffermissant avec un effet lifting imm\u00e9diat au meilleur prix.\" \/>\n<meta property=\"og:url\" content=\"https:\/\/beautybanus.shop\/fr\/producto\/gift-card-glow-day\/\" \/>\n<meta property=\"og:site_name\" content=\"Beauty Shop Banus\" \/>\n<meta property=\"article:publisher\" content=\"https:\/\/www.facebook.com\/GlowBeautyBanus\" \/>\n<meta property=\"article:modified_time\" content=\"2025-12-12T14:49:21+00:00\" \/>\n<meta property=\"og:image\" content=\"https:\/\/beautybanus.shop\/wp-content\/uploads\/2024\/12\/LIFT-CVS-BIOLOGIQUE.jpg\" \/>\n\t<meta property=\"og:image:width\" content=\"500\" \/>\n\t<meta property=\"og:image:height\" content=\"500\" \/>\n\t<meta property=\"og:image:type\" content=\"image\/jpeg\" \/>\n<meta name=\"twitter:card\" content=\"summary_large_image\" \/>\n<meta name=\"twitter:label1\" content=\"Dur\u00e9e de lecture estim\u00e9e\" \/>\n\t<meta name=\"twitter:data1\" content=\"1 minute\" \/>\n<script type=\"application\/ld+json\" class=\"yoast-schema-graph\">{\"@context\":\"https:\\\/\\\/schema.org\",\"@graph\":[{\"@type\":\"WebPage\",\"@id\":\"https:\\\/\\\/beautybanus.shop\\\/fr\\\/producto\\\/gift-card-glow-day\\\/\",\"url\":\"https:\\\/\\\/beautybanus.shop\\\/fr\\\/producto\\\/gift-card-glow-day\\\/\",\"name\":\"CARTE CADEAU | Lift CVS Biologique Recherche\",\"isPartOf\":{\"@id\":\"https:\\\/\\\/beautybanus.shop\\\/fr\\\/#website\"},\"primaryImageOfPage\":{\"@id\":\"https:\\\/\\\/beautybanus.shop\\\/fr\\\/producto\\\/gift-card-glow-day\\\/#primaryimage\"},\"image\":{\"@id\":\"https:\\\/\\\/beautybanus.shop\\\/fr\\\/producto\\\/gift-card-glow-day\\\/#primaryimage\"},\"thumbnailUrl\":\"https:\\\/\\\/beautybanus.shop\\\/wp-content\\\/uploads\\\/2024\\\/12\\\/lift-cvs.jpg\",\"datePublished\":\"2024-12-13T12:40:45+00:00\",\"dateModified\":\"2025-12-12T14:49:21+00:00\",\"description\":\"Offrez de la beaut\u00e9 ce No\u00ebl avec notre traitement LIFT CVS de Biologique Recherche : un protocole raffermissant avec un effet lifting imm\u00e9diat au meilleur prix.\",\"breadcrumb\":{\"@id\":\"https:\\\/\\\/beautybanus.shop\\\/fr\\\/producto\\\/gift-card-glow-day\\\/#breadcrumb\"},\"inLanguage\":\"fr-FR\",\"potentialAction\":[{\"@type\":\"ReadAction\",\"target\":[\"https:\\\/\\\/beautybanus.shop\\\/fr\\\/producto\\\/gift-card-glow-day\\\/\"]}]},{\"@type\":\"ImageObject\",\"inLanguage\":\"fr-FR\",\"@id\":\"https:\\\/\\\/beautybanus.shop\\\/fr\\\/producto\\\/gift-card-glow-day\\\/#primaryimage\",\"url\":\"https:\\\/\\\/beautybanus.shop\\\/wp-content\\\/uploads\\\/2024\\\/12\\\/lift-cvs.jpg\",\"contentUrl\":\"https:\\\/\\\/beautybanus.shop\\\/wp-content\\\/uploads\\\/2024\\\/12\\\/lift-cvs.jpg\",\"width\":1080,\"height\":1080,\"caption\":\"Lift CVS de biologique recherche\"},{\"@type\":\"BreadcrumbList\",\"@id\":\"https:\\\/\\\/beautybanus.shop\\\/fr\\\/producto\\\/gift-card-glow-day\\\/#breadcrumb\",\"itemListElement\":[{\"@type\":\"ListItem\",\"position\":1,\"name\":\"Tarjetas Regalo\",\"item\":\"https:\\\/\\\/beautybanus.shop\\\/fr\\\/boutique\\\/\"},{\"@type\":\"ListItem\",\"position\":2,\"name\":\"Boutique\",\"item\":\"https:\\\/\\\/beautybanus.shop\\\/fr\\\/boutique\\\/\"},{\"@type\":\"ListItem\",\"position\":3,\"name\":\"CARTE CADEAU LIFT CVS BIOLOGIQUE RECHERCHE\"}]},{\"@type\":\"WebSite\",\"@id\":\"https:\\\/\\\/beautybanus.shop\\\/fr\\\/#website\",\"url\":\"https:\\\/\\\/beautybanus.shop\\\/fr\\\/\",\"name\":\"Beauty Shop Banus\",\"description\":\"El arte de mimar y sorprender regalando experiencias\",\"publisher\":{\"@id\":\"https:\\\/\\\/beautybanus.shop\\\/fr\\\/#organization\"},\"alternateName\":\"BeautyShopBanus\",\"potentialAction\":[{\"@type\":\"SearchAction\",\"target\":{\"@type\":\"EntryPoint\",\"urlTemplate\":\"https:\\\/\\\/beautybanus.shop\\\/fr\\\/?s={search_term_string}\"},\"query-input\":{\"@type\":\"PropertyValueSpecification\",\"valueRequired\":true,\"valueName\":\"search_term_string\"}}],\"inLanguage\":\"fr-FR\"},{\"@type\":\"Organization\",\"@id\":\"https:\\\/\\\/beautybanus.shop\\\/fr\\\/#organization\",\"name\":\"Glow Beuaty Puerto Ban\u00fas\",\"alternateName\":\"Glow Beauty Banus\",\"url\":\"https:\\\/\\\/beautybanus.shop\\\/fr\\\/\",\"logo\":{\"@type\":\"ImageObject\",\"inLanguage\":\"fr-FR\",\"@id\":\"https:\\\/\\\/beautybanus.shop\\\/fr\\\/#\\\/schema\\\/logo\\\/image\\\/\",\"url\":\"https:\\\/\\\/beautybanus.shop\\\/wp-content\\\/uploads\\\/2024\\\/03\\\/logo-negro.jpeg\",\"contentUrl\":\"https:\\\/\\\/beautybanus.shop\\\/wp-content\\\/uploads\\\/2024\\\/03\\\/logo-negro.jpeg\",\"width\":400,\"height\":400,\"caption\":\"Glow Beuaty Puerto Ban\u00fas\"},\"image\":{\"@id\":\"https:\\\/\\\/beautybanus.shop\\\/fr\\\/#\\\/schema\\\/logo\\\/image\\\/\"},\"sameAs\":[\"https:\\\/\\\/www.facebook.com\\\/GlowBeautyBanus\"]}]}<\/script>\n<!-- \/ Yoast SEO plugin. -->","yoast_head_json":{"title":"CARTE CADEAU | Lift CVS Biologique Recherche","description":"Offrez de la beaut\u00e9 ce No\u00ebl avec notre traitement LIFT CVS de Biologique Recherche : un protocole raffermissant avec un effet lifting imm\u00e9diat au meilleur prix.","robots":{"index":"index","follow":"follow","max-snippet":"max-snippet:-1","max-image-preview":"max-image-preview:large","max-video-preview":"max-video-preview:-1"},"canonical":"https:\/\/beautybanus.shop\/fr\/producto\/gift-card-glow-day\/","og_locale":"fr_FR","og_type":"article","og_title":"CARTE CADEAU | Lift CVS Biologique Recherche","og_description":"Offrez de la beaut\u00e9 ce No\u00ebl avec notre traitement LIFT CVS de Biologique Recherche : un protocole raffermissant avec un effet lifting imm\u00e9diat au meilleur prix.","og_url":"https:\/\/beautybanus.shop\/fr\/producto\/gift-card-glow-day\/","og_site_name":"Beauty Shop Banus","article_publisher":"https:\/\/www.facebook.com\/GlowBeautyBanus","article_modified_time":"2025-12-12T14:49:21+00:00","og_image":[{"width":500,"height":500,"url":"https:\/\/beautybanus.shop\/wp-content\/uploads\/2024\/12\/LIFT-CVS-BIOLOGIQUE.jpg","type":"image\/jpeg"}],"twitter_card":"summary_large_image","twitter_misc":{"Dur\u00e9e de lecture estim\u00e9e":"1 minute"},"schema":{"@context":"https:\/\/schema.org","@graph":[{"@type":"WebPage","@id":"https:\/\/beautybanus.shop\/fr\/producto\/gift-card-glow-day\/","url":"https:\/\/beautybanus.shop\/fr\/producto\/gift-card-glow-day\/","name":"CARTE CADEAU | Lift CVS Biologique Recherche","isPartOf":{"@id":"https:\/\/beautybanus.shop\/fr\/#website"},"primaryImageOfPage":{"@id":"https:\/\/beautybanus.shop\/fr\/producto\/gift-card-glow-day\/#primaryimage"},"image":{"@id":"https:\/\/beautybanus.shop\/fr\/producto\/gift-card-glow-day\/#primaryimage"},"thumbnailUrl":"https:\/\/beautybanus.shop\/wp-content\/uploads\/2024\/12\/lift-cvs.jpg","datePublished":"2024-12-13T12:40:45+00:00","dateModified":"2025-12-12T14:49:21+00:00","description":"Offrez de la beaut\u00e9 ce No\u00ebl avec notre traitement LIFT CVS de Biologique Recherche : un protocole raffermissant avec un effet lifting imm\u00e9diat au meilleur prix.","breadcrumb":{"@id":"https:\/\/beautybanus.shop\/fr\/producto\/gift-card-glow-day\/#breadcrumb"},"inLanguage":"fr-FR","potentialAction":[{"@type":"ReadAction","target":["https:\/\/beautybanus.shop\/fr\/producto\/gift-card-glow-day\/"]}]},{"@type":"ImageObject","inLanguage":"fr-FR","@id":"https:\/\/beautybanus.shop\/fr\/producto\/gift-card-glow-day\/#primaryimage","url":"https:\/\/beautybanus.shop\/wp-content\/uploads\/2024\/12\/lift-cvs.jpg","contentUrl":"https:\/\/beautybanus.shop\/wp-content\/uploads\/2024\/12\/lift-cvs.jpg","width":1080,"height":1080,"caption":"Lift CVS de biologique recherche"},{"@type":"BreadcrumbList","@id":"https:\/\/beautybanus.shop\/fr\/producto\/gift-card-glow-day\/#breadcrumb","itemListElement":[{"@type":"ListItem","position":1,"name":"Tarjetas Regalo","item":"https:\/\/beautybanus.shop\/fr\/boutique\/"},{"@type":"ListItem","position":2,"name":"Boutique","item":"https:\/\/beautybanus.shop\/fr\/boutique\/"},{"@type":"ListItem","position":3,"name":"CARTE CADEAU LIFT CVS BIOLOGIQUE RECHERCHE"}]},{"@type":"WebSite","@id":"https:\/\/beautybanus.shop\/fr\/#website","url":"https:\/\/beautybanus.shop\/fr\/","name":"Beauty Shop Banus","description":"El arte de mimar y sorprender regalando experiencias","publisher":{"@id":"https:\/\/beautybanus.shop\/fr\/#organization"},"alternateName":"BeautyShopBanus","potentialAction":[{"@type":"SearchAction","target":{"@type":"EntryPoint","urlTemplate":"https:\/\/beautybanus.shop\/fr\/?s={search_term_string}"},"query-input":{"@type":"PropertyValueSpecification","valueRequired":true,"valueName":"search_term_string"}}],"inLanguage":"fr-FR"},{"@type":"Organization","@id":"https:\/\/beautybanus.shop\/fr\/#organization","name":"Glow Beuaty Puerto Ban\u00fas","alternateName":"Glow Beauty Banus","url":"https:\/\/beautybanus.shop\/fr\/","logo":{"@type":"ImageObject","inLanguage":"fr-FR","@id":"https:\/\/beautybanus.shop\/fr\/#\/schema\/logo\/image\/","url":"https:\/\/beautybanus.shop\/wp-content\/uploads\/2024\/03\/logo-negro.jpeg","contentUrl":"https:\/\/beautybanus.shop\/wp-content\/uploads\/2024\/03\/logo-negro.jpeg","width":400,"height":400,"caption":"Glow Beuaty Puerto Ban\u00fas"},"image":{"@id":"https:\/\/beautybanus.shop\/fr\/#\/schema\/logo\/image\/"},"sameAs":["https:\/\/www.facebook.com\/GlowBeautyBanus"]}]}},"_links":{"self":[{"href":"https:\/\/beautybanus.shop\/fr\/wp-json\/wp\/v2\/product\/1625","targetHints":{"allow":["GET"]}}],"collection":[{"href":"https:\/\/beautybanus.shop\/fr\/wp-json\/wp\/v2\/product"}],"about":[{"href":"https:\/\/beautybanus.shop\/fr\/wp-json\/wp\/v2\/types\/product"}],"replies":[{"embeddable":true,"href":"https:\/\/beautybanus.shop\/fr\/wp-json\/wp\/v2\/comments?post=1625"}],"wp:featuredmedia":[{"embeddable":true,"href":"https:\/\/beautybanus.shop\/fr\/wp-json\/wp\/v2\/media\/2215"}],"wp:attachment":[{"href":"https:\/\/beautybanus.shop\/fr\/wp-json\/wp\/v2\/media?parent=1625"}],"wp:term":[{"taxonomy":"product_brand","embeddable":true,"href":"https:\/\/beautybanus.shop\/fr\/wp-json\/wp\/v2\/product_brand?post=1625"},{"taxonomy":"product_cat","embeddable":true,"href":"https:\/\/beautybanus.shop\/fr\/wp-json\/wp\/v2\/product_cat?post=1625"},{"taxonomy":"product_tag","embeddable":true,"href":"https:\/\/beautybanus.shop\/fr\/wp-json\/wp\/v2\/product_tag?post=1625"},{"taxonomy":"giftcard-category","embeddable":true,"href":"https:\/\/beautybanus.shop\/fr\/wp-json\/wp\/v2\/giftcard-category?post=1625"}],"curies":[{"name":"wp","href":"https:\/\/api.w.org\/{rel}","templated":true}]}}