{"id":1643,"date":"2024-12-13T13:59:21","date_gmt":"2024-12-13T12:59:21","guid":{"rendered":"https:\/\/beautybanus.shop\/?post_type=product&#038;p=1643"},"modified":"2025-12-12T16:27:26","modified_gmt":"2025-12-12T15:27:26","slug":"gift-card-full-body-toning","status":"publish","type":"product","link":"https:\/\/beautybanus.shop\/fr\/producto\/gift-card-full-body-toning\/","title":{"rendered":"CARTE CADEAU | TONIFICATION CORPORELLE COMPL\u00c8TE"},"content":{"rendered":"<p>Offrez une exp\u00e9rience de renouveau total avec notre carte cadeau exclusive <span style=\"font-family: -apple-system, BlinkMacSystemFont, 'Segoe UI', Roboto, 'Helvetica Neue', Arial, 'Noto Sans', sans-serif, 'Apple Color Emoji', 'Segoe UI Emoji', 'Segoe UI Symbol', 'Noto Color Emoji'\">TONIFICATION CORPORELLE COMPL\u00c8TE<\/span><span style=\"font-family: -apple-system, BlinkMacSystemFont, 'Segoe UI', Roboto, 'Helvetica Neue', Arial, 'Noto Sans', sans-serif, 'Apple Color Emoji', 'Segoe UI Emoji', 'Segoe UI Symbol', 'Noto Color Emoji'\">, un forfait con\u00e7u pour ceux qui souhaitent lib\u00e9rer les tensions et tonifier leur corps. Parfait pour se pr\u00e9parer aux exc\u00e8s des f\u00eates de fin d\u2019ann\u00e9e ou pour s\u2019en remettre ensuite.<\/span><\/p>\n<p>Ce forfait comprend :<\/p>\n<ul>\n<li><strong>45 minutes de massage sous-marin profond :<\/strong> Profitez d\u2019un massage puissant avec des jets d\u2019eau et des sels min\u00e9raux qui soulagent les tensions et stimulent le drainage lymphatique.<\/li>\n<li><strong>30 minutes de massage du cou, des trap\u00e8zes, du visage et du cuir chevelu : <\/strong>Un soin complet pour tonifier et revitaliser le corps, vous laissant renouvel\u00e9 et d\u00e9tendu.<\/li>\n<\/ul>\n<p>&nbsp;<\/p>\n<p>Un cadeau parfait pour revitaliser votre corps et profiter d\u2019un moment de bien-\u00eatre total.<\/p>\n<p><strong>Dur\u00e9e totale :<\/strong> 90 minutes<br \/>\n<strong>Valeur : 230 \u20ac, payez seulement 210 \u20ac !<\/strong><\/p>\n","protected":false},"excerpt":{"rendered":"<p><strong>Comment \u00e9changer<\/strong> : Appelez le num\u00e9ro de t\u00e9l\u00e9phone de r\u00e9servation 637 717 810 avec le code g\u00e9n\u00e9r\u00e9 lors de votre achat ou effectuez une r\u00e9servation via notre site Web et nous vous contacterons pour confirmer votre rendez-vous. Si vous souhaitez le bon physique, veuillez contacter le 637 717 810 ou envoyer un e-mail \u00e0 info@glowclub.es<\/p>\n<p>CONDITIONS<\/p>\n<p>1 an de validit\u00e9 \u00e0 compter de la date d\u2019achat.<br \/>\nR\u00e9servation sous r\u00e9serve de disponibilit\u00e9 chez Glow Beauty Puerto Ban\u00fas.<br \/>\nLa r\u00e9servation doit \u00eatre effectu\u00e9e au minimum 24 heures \u00e0 l\u2019avance.<br \/>\nTout changement ou annulation doit \u00eatre communiqu\u00e9 24 heures \u00e0 l\u2019avance, faute de quoi le service sera consid\u00e9r\u00e9 comme effectu\u00e9. Si le client est en retard, le temps de traitement sera r\u00e9duit. Si ce service ne le permet pas, il sera annul\u00e9 conform\u00e9ment \u00e0 la politique d\u2019annulation.<br \/>\nPour plus d\u2019informations, veuillez contacter info@glowclub.es<\/p>\n","protected":false},"featured_media":1715,"comment_status":"closed","ping_status":"closed","template":"","meta":[],"product_brand":[],"product_cat":[66],"product_tag":[],"giftcard-category":[],"class_list":{"0":"post-1643","1":"product","2":"type-product","3":"status-publish","4":"has-post-thumbnail","6":"product_cat-glow-beauty-fr","8":"first","9":"instock","10":"virtual","11":"purchasable","12":"product-type-gift-card"},"yoast_head":"<!-- This site is optimized with the Yoast SEO plugin v27.4 - https:\/\/yoast.com\/product\/yoast-seo-wordpress\/ -->\n<title>CARTE CADEAU | ONIFICATION CORPORELLE COMPL\u00c8TE<\/title>\n<meta name=\"description\" content=\"Une exp\u00e9rience compl\u00e8te de tonification corporelle avec massage sous-marin et soin du cou, des trap\u00e8zes et du cuir chevelu. Le cadeau parfait !\" \/>\n<meta name=\"robots\" content=\"index, follow, max-snippet:-1, max-image-preview:large, max-video-preview:-1\" \/>\n<link rel=\"canonical\" href=\"https:\/\/beautybanus.shop\/fr\/producto\/gift-card-full-body-toning\/\" \/>\n<meta property=\"og:locale\" content=\"fr_FR\" \/>\n<meta property=\"og:type\" content=\"article\" \/>\n<meta property=\"og:title\" content=\"CARTE CADEAU | ONIFICATION CORPORELLE COMPL\u00c8TE\" \/>\n<meta property=\"og:description\" content=\"Une exp\u00e9rience compl\u00e8te de tonification corporelle avec massage sous-marin et soin du cou, des trap\u00e8zes et du cuir chevelu. Le cadeau parfait !\" \/>\n<meta property=\"og:url\" content=\"https:\/\/beautybanus.shop\/fr\/producto\/gift-card-full-body-toning\/\" \/>\n<meta property=\"og:site_name\" content=\"Beauty Shop Banus\" \/>\n<meta property=\"article:publisher\" content=\"https:\/\/www.facebook.com\/GlowBeautyBanus\" \/>\n<meta property=\"article:modified_time\" content=\"2025-12-12T15:27:26+00:00\" \/>\n<meta property=\"og:image\" content=\"https:\/\/beautybanus.shop\/wp-content\/uploads\/2024\/12\/FULL-BODY-PACK-1.jpg\" \/>\n\t<meta property=\"og:image:width\" content=\"500\" \/>\n\t<meta property=\"og:image:height\" content=\"500\" \/>\n\t<meta property=\"og:image:type\" content=\"image\/jpeg\" \/>\n<meta name=\"twitter:card\" content=\"summary_large_image\" \/>\n<meta name=\"twitter:label1\" content=\"Dur\u00e9e de lecture estim\u00e9e\" \/>\n\t<meta name=\"twitter:data1\" content=\"1 minute\" \/>\n<script type=\"application\/ld+json\" class=\"yoast-schema-graph\">{\"@context\":\"https:\\\/\\\/schema.org\",\"@graph\":[{\"@type\":\"WebPage\",\"@id\":\"https:\\\/\\\/beautybanus.shop\\\/fr\\\/producto\\\/gift-card-full-body-toning\\\/\",\"url\":\"https:\\\/\\\/beautybanus.shop\\\/fr\\\/producto\\\/gift-card-full-body-toning\\\/\",\"name\":\"CARTE CADEAU | ONIFICATION CORPORELLE COMPL\u00c8TE\",\"isPartOf\":{\"@id\":\"https:\\\/\\\/beautybanus.shop\\\/fr\\\/#website\"},\"primaryImageOfPage\":{\"@id\":\"https:\\\/\\\/beautybanus.shop\\\/fr\\\/producto\\\/gift-card-full-body-toning\\\/#primaryimage\"},\"image\":{\"@id\":\"https:\\\/\\\/beautybanus.shop\\\/fr\\\/producto\\\/gift-card-full-body-toning\\\/#primaryimage\"},\"thumbnailUrl\":\"https:\\\/\\\/beautybanus.shop\\\/wp-content\\\/uploads\\\/2024\\\/12\\\/full-body-tonning.png\",\"datePublished\":\"2024-12-13T12:59:21+00:00\",\"dateModified\":\"2025-12-12T15:27:26+00:00\",\"description\":\"Une exp\u00e9rience compl\u00e8te de tonification corporelle avec massage sous-marin et soin du cou, des trap\u00e8zes et du cuir chevelu. Le cadeau parfait !\",\"breadcrumb\":{\"@id\":\"https:\\\/\\\/beautybanus.shop\\\/fr\\\/producto\\\/gift-card-full-body-toning\\\/#breadcrumb\"},\"inLanguage\":\"fr-FR\",\"potentialAction\":[{\"@type\":\"ReadAction\",\"target\":[\"https:\\\/\\\/beautybanus.shop\\\/fr\\\/producto\\\/gift-card-full-body-toning\\\/\"]}]},{\"@type\":\"ImageObject\",\"inLanguage\":\"fr-FR\",\"@id\":\"https:\\\/\\\/beautybanus.shop\\\/fr\\\/producto\\\/gift-card-full-body-toning\\\/#primaryimage\",\"url\":\"https:\\\/\\\/beautybanus.shop\\\/wp-content\\\/uploads\\\/2024\\\/12\\\/full-body-tonning.png\",\"contentUrl\":\"https:\\\/\\\/beautybanus.shop\\\/wp-content\\\/uploads\\\/2024\\\/12\\\/full-body-tonning.png\",\"width\":1080,\"height\":1080},{\"@type\":\"BreadcrumbList\",\"@id\":\"https:\\\/\\\/beautybanus.shop\\\/fr\\\/producto\\\/gift-card-full-body-toning\\\/#breadcrumb\",\"itemListElement\":[{\"@type\":\"ListItem\",\"position\":1,\"name\":\"Tarjetas Regalo\",\"item\":\"https:\\\/\\\/beautybanus.shop\\\/fr\\\/boutique\\\/\"},{\"@type\":\"ListItem\",\"position\":2,\"name\":\"Boutique\",\"item\":\"https:\\\/\\\/beautybanus.shop\\\/fr\\\/boutique\\\/\"},{\"@type\":\"ListItem\",\"position\":3,\"name\":\"CARTE CADEAU | TONIFICATION CORPORELLE COMPL\u00c8TE\"}]},{\"@type\":\"WebSite\",\"@id\":\"https:\\\/\\\/beautybanus.shop\\\/fr\\\/#website\",\"url\":\"https:\\\/\\\/beautybanus.shop\\\/fr\\\/\",\"name\":\"Beauty Shop Banus\",\"description\":\"El arte de mimar y sorprender regalando experiencias\",\"publisher\":{\"@id\":\"https:\\\/\\\/beautybanus.shop\\\/fr\\\/#organization\"},\"alternateName\":\"BeautyShopBanus\",\"potentialAction\":[{\"@type\":\"SearchAction\",\"target\":{\"@type\":\"EntryPoint\",\"urlTemplate\":\"https:\\\/\\\/beautybanus.shop\\\/fr\\\/?s={search_term_string}\"},\"query-input\":{\"@type\":\"PropertyValueSpecification\",\"valueRequired\":true,\"valueName\":\"search_term_string\"}}],\"inLanguage\":\"fr-FR\"},{\"@type\":\"Organization\",\"@id\":\"https:\\\/\\\/beautybanus.shop\\\/fr\\\/#organization\",\"name\":\"Glow Beuaty Puerto Ban\u00fas\",\"alternateName\":\"Glow Beauty Banus\",\"url\":\"https:\\\/\\\/beautybanus.shop\\\/fr\\\/\",\"logo\":{\"@type\":\"ImageObject\",\"inLanguage\":\"fr-FR\",\"@id\":\"https:\\\/\\\/beautybanus.shop\\\/fr\\\/#\\\/schema\\\/logo\\\/image\\\/\",\"url\":\"https:\\\/\\\/beautybanus.shop\\\/wp-content\\\/uploads\\\/2024\\\/03\\\/logo-negro.jpeg\",\"contentUrl\":\"https:\\\/\\\/beautybanus.shop\\\/wp-content\\\/uploads\\\/2024\\\/03\\\/logo-negro.jpeg\",\"width\":400,\"height\":400,\"caption\":\"Glow Beuaty Puerto Ban\u00fas\"},\"image\":{\"@id\":\"https:\\\/\\\/beautybanus.shop\\\/fr\\\/#\\\/schema\\\/logo\\\/image\\\/\"},\"sameAs\":[\"https:\\\/\\\/www.facebook.com\\\/GlowBeautyBanus\"]}]}<\/script>\n<!-- \/ Yoast SEO plugin. -->","yoast_head_json":{"title":"CARTE CADEAU | ONIFICATION CORPORELLE COMPL\u00c8TE","description":"Une exp\u00e9rience compl\u00e8te de tonification corporelle avec massage sous-marin et soin du cou, des trap\u00e8zes et du cuir chevelu. Le cadeau parfait !","robots":{"index":"index","follow":"follow","max-snippet":"max-snippet:-1","max-image-preview":"max-image-preview:large","max-video-preview":"max-video-preview:-1"},"canonical":"https:\/\/beautybanus.shop\/fr\/producto\/gift-card-full-body-toning\/","og_locale":"fr_FR","og_type":"article","og_title":"CARTE CADEAU | ONIFICATION CORPORELLE COMPL\u00c8TE","og_description":"Une exp\u00e9rience compl\u00e8te de tonification corporelle avec massage sous-marin et soin du cou, des trap\u00e8zes et du cuir chevelu. Le cadeau parfait !","og_url":"https:\/\/beautybanus.shop\/fr\/producto\/gift-card-full-body-toning\/","og_site_name":"Beauty Shop Banus","article_publisher":"https:\/\/www.facebook.com\/GlowBeautyBanus","article_modified_time":"2025-12-12T15:27:26+00:00","og_image":[{"width":500,"height":500,"url":"https:\/\/beautybanus.shop\/wp-content\/uploads\/2024\/12\/FULL-BODY-PACK-1.jpg","type":"image\/jpeg"}],"twitter_card":"summary_large_image","twitter_misc":{"Dur\u00e9e de lecture estim\u00e9e":"1 minute"},"schema":{"@context":"https:\/\/schema.org","@graph":[{"@type":"WebPage","@id":"https:\/\/beautybanus.shop\/fr\/producto\/gift-card-full-body-toning\/","url":"https:\/\/beautybanus.shop\/fr\/producto\/gift-card-full-body-toning\/","name":"CARTE CADEAU | ONIFICATION CORPORELLE COMPL\u00c8TE","isPartOf":{"@id":"https:\/\/beautybanus.shop\/fr\/#website"},"primaryImageOfPage":{"@id":"https:\/\/beautybanus.shop\/fr\/producto\/gift-card-full-body-toning\/#primaryimage"},"image":{"@id":"https:\/\/beautybanus.shop\/fr\/producto\/gift-card-full-body-toning\/#primaryimage"},"thumbnailUrl":"https:\/\/beautybanus.shop\/wp-content\/uploads\/2024\/12\/full-body-tonning.png","datePublished":"2024-12-13T12:59:21+00:00","dateModified":"2025-12-12T15:27:26+00:00","description":"Une exp\u00e9rience compl\u00e8te de tonification corporelle avec massage sous-marin et soin du cou, des trap\u00e8zes et du cuir chevelu. Le cadeau parfait !","breadcrumb":{"@id":"https:\/\/beautybanus.shop\/fr\/producto\/gift-card-full-body-toning\/#breadcrumb"},"inLanguage":"fr-FR","potentialAction":[{"@type":"ReadAction","target":["https:\/\/beautybanus.shop\/fr\/producto\/gift-card-full-body-toning\/"]}]},{"@type":"ImageObject","inLanguage":"fr-FR","@id":"https:\/\/beautybanus.shop\/fr\/producto\/gift-card-full-body-toning\/#primaryimage","url":"https:\/\/beautybanus.shop\/wp-content\/uploads\/2024\/12\/full-body-tonning.png","contentUrl":"https:\/\/beautybanus.shop\/wp-content\/uploads\/2024\/12\/full-body-tonning.png","width":1080,"height":1080},{"@type":"BreadcrumbList","@id":"https:\/\/beautybanus.shop\/fr\/producto\/gift-card-full-body-toning\/#breadcrumb","itemListElement":[{"@type":"ListItem","position":1,"name":"Tarjetas Regalo","item":"https:\/\/beautybanus.shop\/fr\/boutique\/"},{"@type":"ListItem","position":2,"name":"Boutique","item":"https:\/\/beautybanus.shop\/fr\/boutique\/"},{"@type":"ListItem","position":3,"name":"CARTE CADEAU | TONIFICATION CORPORELLE COMPL\u00c8TE"}]},{"@type":"WebSite","@id":"https:\/\/beautybanus.shop\/fr\/#website","url":"https:\/\/beautybanus.shop\/fr\/","name":"Beauty Shop Banus","description":"El arte de mimar y sorprender regalando experiencias","publisher":{"@id":"https:\/\/beautybanus.shop\/fr\/#organization"},"alternateName":"BeautyShopBanus","potentialAction":[{"@type":"SearchAction","target":{"@type":"EntryPoint","urlTemplate":"https:\/\/beautybanus.shop\/fr\/?s={search_term_string}"},"query-input":{"@type":"PropertyValueSpecification","valueRequired":true,"valueName":"search_term_string"}}],"inLanguage":"fr-FR"},{"@type":"Organization","@id":"https:\/\/beautybanus.shop\/fr\/#organization","name":"Glow Beuaty Puerto Ban\u00fas","alternateName":"Glow Beauty Banus","url":"https:\/\/beautybanus.shop\/fr\/","logo":{"@type":"ImageObject","inLanguage":"fr-FR","@id":"https:\/\/beautybanus.shop\/fr\/#\/schema\/logo\/image\/","url":"https:\/\/beautybanus.shop\/wp-content\/uploads\/2024\/03\/logo-negro.jpeg","contentUrl":"https:\/\/beautybanus.shop\/wp-content\/uploads\/2024\/03\/logo-negro.jpeg","width":400,"height":400,"caption":"Glow Beuaty Puerto Ban\u00fas"},"image":{"@id":"https:\/\/beautybanus.shop\/fr\/#\/schema\/logo\/image\/"},"sameAs":["https:\/\/www.facebook.com\/GlowBeautyBanus"]}]}},"_links":{"self":[{"href":"https:\/\/beautybanus.shop\/fr\/wp-json\/wp\/v2\/product\/1643","targetHints":{"allow":["GET"]}}],"collection":[{"href":"https:\/\/beautybanus.shop\/fr\/wp-json\/wp\/v2\/product"}],"about":[{"href":"https:\/\/beautybanus.shop\/fr\/wp-json\/wp\/v2\/types\/product"}],"replies":[{"embeddable":true,"href":"https:\/\/beautybanus.shop\/fr\/wp-json\/wp\/v2\/comments?post=1643"}],"wp:featuredmedia":[{"embeddable":true,"href":"https:\/\/beautybanus.shop\/fr\/wp-json\/wp\/v2\/media\/1715"}],"wp:attachment":[{"href":"https:\/\/beautybanus.shop\/fr\/wp-json\/wp\/v2\/media?parent=1643"}],"wp:term":[{"taxonomy":"product_brand","embeddable":true,"href":"https:\/\/beautybanus.shop\/fr\/wp-json\/wp\/v2\/product_brand?post=1643"},{"taxonomy":"product_cat","embeddable":true,"href":"https:\/\/beautybanus.shop\/fr\/wp-json\/wp\/v2\/product_cat?post=1643"},{"taxonomy":"product_tag","embeddable":true,"href":"https:\/\/beautybanus.shop\/fr\/wp-json\/wp\/v2\/product_tag?post=1643"},{"taxonomy":"giftcard-category","embeddable":true,"href":"https:\/\/beautybanus.shop\/fr\/wp-json\/wp\/v2\/giftcard-category?post=1643"}],"curies":[{"name":"wp","href":"https:\/\/api.w.org\/{rel}","templated":true}]}}