{"id":2275,"date":"2026-01-26T17:25:20","date_gmt":"2026-01-26T16:25:20","guid":{"rendered":"https:\/\/beautybanus.shop\/?post_type=product&#038;p=2275"},"modified":"2026-02-17T13:03:48","modified_gmt":"2026-02-17T12:03:48","slug":"jardin-des-delices-carte-cadeau-hammam-pour-elle","status":"publish","type":"product","link":"https:\/\/beautybanus.shop\/fr\/producto\/jardin-des-delices-carte-cadeau-hammam-pour-elle\/","title":{"rendered":"CARTE CADEAU \u00ab JARDIN DES D\u00c9LICES \u00bb (pour elle)"},"content":{"rendered":"<p data-start=\"536\" data-end=\"604\"><strong data-start=\"536\" data-end=\"604\">Le cadeau parfait pour elle est le temps, le calme et la beaut\u00e9.<\/strong><\/p>\n<p data-start=\"606\" data-end=\"902\"><strong>Jardin des D\u00e9lices <\/strong>est un rituel traditionnel de hammam profond\u00e9ment sensoriel, enveloppant le corps de vapeur, d\u2019essences de rose et de d\u00e9licates notes florales. Une exp\u00e9rience raffin\u00e9e con\u00e7ue pour \u00e9veiller les sens et c\u00e9l\u00e9brer la f\u00e9minit\u00e9, l\u2019amour de soi et le plaisir de prendre soin de soi.<\/p>\n<p data-start=\"904\" data-end=\"1111\">Chaque \u00e9tape du rituel est pens\u00e9e pour d\u00e9tendre, purifier et restaurer l\u2019\u00e9quilibre int\u00e9rieur, transformant le hammam en un sanctuaire intime o\u00f9 le temps ralentit et le bien-\u00eatre devient un v\u00e9ritable plaisir.<\/p>\n<p data-start=\"1113\" data-end=\"1180\">Parce qu\u2019il n\u2019y a pas de plus beau geste que d\u2019offrir le bien-\u00eatre.<\/p>\n","protected":false},"excerpt":{"rendered":"<p><strong>Comment \u00e9changer<\/strong> : Appelez le num\u00e9ro de t\u00e9l\u00e9phone de r\u00e9servation 637 717 810 avec le code g\u00e9n\u00e9r\u00e9 lors de votre achat ou effectuez une r\u00e9servation via notre site Web et nous vous contacterons pour confirmer votre rendez-vous. Si vous souhaitez le bon physique, veuillez contacter le 637 717 810 ou envoyer un e-mail \u00e0 info@glowclub.es<\/p>\n<p><strong>CONDITIONS<\/strong><\/p>\n<ul>\n<li>Validit\u00e9 1 an \u00e0 compter de la date d&rsquo;achat.<\/li>\n<li>R\u00e9servation sous r\u00e9serve de disponibilit\u00e9 de Glow Beauty Puerto Ban\u00fas.<\/li>\n<li>Les r\u00e9servations doivent \u00eatre faites au moins 24 heures \u00e0 l&rsquo;avance.<\/li>\n<li>Toute modification ou annulation 24 heures \u00e0 l&rsquo;avance ou la prestation sera consid\u00e9r\u00e9e comme effectu\u00e9e. Si le client est en retard, le temps de traitement sera r\u00e9duit. Si ce service ne le permet pas, il sera annul\u00e9 en appliquant les conditions d&rsquo;annulation.<\/li>\n<li>Pour plus d&rsquo;informations, contactez info@glowclub.es<\/li>\n<\/ul>\n","protected":false},"featured_media":2331,"comment_status":"closed","ping_status":"closed","template":"","meta":[],"product_brand":[],"product_cat":[84],"product_tag":[],"giftcard-category":[],"class_list":{"0":"post-2275","1":"product","2":"type-product","3":"status-publish","4":"has-post-thumbnail","6":"product_cat-jardin-des-delices","8":"first","9":"instock","10":"virtual","11":"purchasable","12":"product-type-gift-card"},"yoast_head":"<!-- This site is optimized with the Yoast SEO plugin v27.3 - https:\/\/yoast.com\/product\/yoast-seo-wordpress\/ -->\n<title>Jardin des D\u00e9lices | Carte Cadeau Hammam pour Elle<\/title>\n<meta name=\"description\" content=\"Offrez Jardin des D\u00e9lices, une exp\u00e9rience hammam sensorielle aux essences de rose et notes florales. Une carte cadeau raffin\u00e9e d\u00e9di\u00e9e au bien-\u00eatre et \u00e0 la beaut\u00e9.\" \/>\n<meta name=\"robots\" content=\"index, follow, max-snippet:-1, max-image-preview:large, max-video-preview:-1\" \/>\n<link rel=\"canonical\" href=\"https:\/\/beautybanus.shop\/fr\/producto\/jardin-des-delices-carte-cadeau-hammam-pour-elle\/\" \/>\n<meta property=\"og:locale\" content=\"fr_FR\" \/>\n<meta property=\"og:type\" content=\"article\" \/>\n<meta property=\"og:title\" content=\"Jardin des D\u00e9lices | Carte Cadeau Hammam pour Elle\" \/>\n<meta property=\"og:description\" content=\"Offrez Jardin des D\u00e9lices, une exp\u00e9rience hammam sensorielle aux essences de rose et notes florales. Une carte cadeau raffin\u00e9e d\u00e9di\u00e9e au bien-\u00eatre et \u00e0 la beaut\u00e9.\" \/>\n<meta property=\"og:url\" content=\"https:\/\/beautybanus.shop\/fr\/producto\/jardin-des-delices-carte-cadeau-hammam-pour-elle\/\" \/>\n<meta property=\"og:site_name\" content=\"Beauty Shop Banus\" \/>\n<meta property=\"article:publisher\" content=\"https:\/\/www.facebook.com\/GlowBeautyBanus\" \/>\n<meta property=\"article:modified_time\" content=\"2026-02-17T12:03:48+00:00\" \/>\n<meta property=\"og:image\" content=\"https:\/\/beautybanus.shop\/wp-content\/uploads\/2026\/01\/PARA-ELLA.jpg\" \/>\n\t<meta property=\"og:image:width\" content=\"500\" \/>\n\t<meta property=\"og:image:height\" content=\"500\" \/>\n\t<meta property=\"og:image:type\" content=\"image\/jpeg\" \/>\n<meta name=\"twitter:card\" content=\"summary_large_image\" \/>\n<meta name=\"twitter:label1\" content=\"Dur\u00e9e de lecture estim\u00e9e\" \/>\n\t<meta name=\"twitter:data1\" content=\"1 minute\" \/>\n<script type=\"application\/ld+json\" class=\"yoast-schema-graph\">{\"@context\":\"https:\\\/\\\/schema.org\",\"@graph\":[{\"@type\":\"WebPage\",\"@id\":\"https:\\\/\\\/beautybanus.shop\\\/fr\\\/producto\\\/jardin-des-delices-carte-cadeau-hammam-pour-elle\\\/\",\"url\":\"https:\\\/\\\/beautybanus.shop\\\/fr\\\/producto\\\/jardin-des-delices-carte-cadeau-hammam-pour-elle\\\/\",\"name\":\"Jardin des D\u00e9lices | Carte Cadeau Hammam pour Elle\",\"isPartOf\":{\"@id\":\"https:\\\/\\\/beautybanus.shop\\\/fr\\\/#website\"},\"primaryImageOfPage\":{\"@id\":\"https:\\\/\\\/beautybanus.shop\\\/fr\\\/producto\\\/jardin-des-delices-carte-cadeau-hammam-pour-elle\\\/#primaryimage\"},\"image\":{\"@id\":\"https:\\\/\\\/beautybanus.shop\\\/fr\\\/producto\\\/jardin-des-delices-carte-cadeau-hammam-pour-elle\\\/#primaryimage\"},\"thumbnailUrl\":\"https:\\\/\\\/beautybanus.shop\\\/wp-content\\\/uploads\\\/2026\\\/01\\\/PARA-ELLA.jpg\",\"datePublished\":\"2026-01-26T16:25:20+00:00\",\"dateModified\":\"2026-02-17T12:03:48+00:00\",\"description\":\"Offrez Jardin des D\u00e9lices, une exp\u00e9rience hammam sensorielle aux essences de rose et notes florales. Une carte cadeau raffin\u00e9e d\u00e9di\u00e9e au bien-\u00eatre et \u00e0 la beaut\u00e9.\",\"breadcrumb\":{\"@id\":\"https:\\\/\\\/beautybanus.shop\\\/fr\\\/producto\\\/jardin-des-delices-carte-cadeau-hammam-pour-elle\\\/#breadcrumb\"},\"inLanguage\":\"fr-FR\",\"potentialAction\":[{\"@type\":\"ReadAction\",\"target\":[\"https:\\\/\\\/beautybanus.shop\\\/fr\\\/producto\\\/jardin-des-delices-carte-cadeau-hammam-pour-elle\\\/\"]}]},{\"@type\":\"ImageObject\",\"inLanguage\":\"fr-FR\",\"@id\":\"https:\\\/\\\/beautybanus.shop\\\/fr\\\/producto\\\/jardin-des-delices-carte-cadeau-hammam-pour-elle\\\/#primaryimage\",\"url\":\"https:\\\/\\\/beautybanus.shop\\\/wp-content\\\/uploads\\\/2026\\\/01\\\/PARA-ELLA.jpg\",\"contentUrl\":\"https:\\\/\\\/beautybanus.shop\\\/wp-content\\\/uploads\\\/2026\\\/01\\\/PARA-ELLA.jpg\",\"width\":500,\"height\":500},{\"@type\":\"BreadcrumbList\",\"@id\":\"https:\\\/\\\/beautybanus.shop\\\/fr\\\/producto\\\/jardin-des-delices-carte-cadeau-hammam-pour-elle\\\/#breadcrumb\",\"itemListElement\":[{\"@type\":\"ListItem\",\"position\":1,\"name\":\"Tarjetas Regalo\",\"item\":\"https:\\\/\\\/beautybanus.shop\\\/fr\\\/boutique\\\/\"},{\"@type\":\"ListItem\",\"position\":2,\"name\":\"Boutique\",\"item\":\"https:\\\/\\\/beautybanus.shop\\\/fr\\\/boutique\\\/\"},{\"@type\":\"ListItem\",\"position\":3,\"name\":\"CARTE CADEAU \u00ab JARDIN DES D\u00c9LICES \u00bb (pour elle)\"}]},{\"@type\":\"WebSite\",\"@id\":\"https:\\\/\\\/beautybanus.shop\\\/fr\\\/#website\",\"url\":\"https:\\\/\\\/beautybanus.shop\\\/fr\\\/\",\"name\":\"Beauty Shop Banus\",\"description\":\"El arte de mimar y sorprender regalando experiencias\",\"publisher\":{\"@id\":\"https:\\\/\\\/beautybanus.shop\\\/fr\\\/#organization\"},\"alternateName\":\"BeautyShopBanus\",\"potentialAction\":[{\"@type\":\"SearchAction\",\"target\":{\"@type\":\"EntryPoint\",\"urlTemplate\":\"https:\\\/\\\/beautybanus.shop\\\/fr\\\/?s={search_term_string}\"},\"query-input\":{\"@type\":\"PropertyValueSpecification\",\"valueRequired\":true,\"valueName\":\"search_term_string\"}}],\"inLanguage\":\"fr-FR\"},{\"@type\":\"Organization\",\"@id\":\"https:\\\/\\\/beautybanus.shop\\\/fr\\\/#organization\",\"name\":\"Glow Beuaty Puerto Ban\u00fas\",\"alternateName\":\"Glow Beauty Banus\",\"url\":\"https:\\\/\\\/beautybanus.shop\\\/fr\\\/\",\"logo\":{\"@type\":\"ImageObject\",\"inLanguage\":\"fr-FR\",\"@id\":\"https:\\\/\\\/beautybanus.shop\\\/fr\\\/#\\\/schema\\\/logo\\\/image\\\/\",\"url\":\"https:\\\/\\\/beautybanus.shop\\\/wp-content\\\/uploads\\\/2024\\\/03\\\/logo-negro.jpeg\",\"contentUrl\":\"https:\\\/\\\/beautybanus.shop\\\/wp-content\\\/uploads\\\/2024\\\/03\\\/logo-negro.jpeg\",\"width\":400,\"height\":400,\"caption\":\"Glow Beuaty Puerto Ban\u00fas\"},\"image\":{\"@id\":\"https:\\\/\\\/beautybanus.shop\\\/fr\\\/#\\\/schema\\\/logo\\\/image\\\/\"},\"sameAs\":[\"https:\\\/\\\/www.facebook.com\\\/GlowBeautyBanus\"]}]}<\/script>\n<!-- \/ Yoast SEO plugin. -->","yoast_head_json":{"title":"Jardin des D\u00e9lices | Carte Cadeau Hammam pour Elle","description":"Offrez Jardin des D\u00e9lices, une exp\u00e9rience hammam sensorielle aux essences de rose et notes florales. Une carte cadeau raffin\u00e9e d\u00e9di\u00e9e au bien-\u00eatre et \u00e0 la beaut\u00e9.","robots":{"index":"index","follow":"follow","max-snippet":"max-snippet:-1","max-image-preview":"max-image-preview:large","max-video-preview":"max-video-preview:-1"},"canonical":"https:\/\/beautybanus.shop\/fr\/producto\/jardin-des-delices-carte-cadeau-hammam-pour-elle\/","og_locale":"fr_FR","og_type":"article","og_title":"Jardin des D\u00e9lices | Carte Cadeau Hammam pour Elle","og_description":"Offrez Jardin des D\u00e9lices, une exp\u00e9rience hammam sensorielle aux essences de rose et notes florales. Une carte cadeau raffin\u00e9e d\u00e9di\u00e9e au bien-\u00eatre et \u00e0 la beaut\u00e9.","og_url":"https:\/\/beautybanus.shop\/fr\/producto\/jardin-des-delices-carte-cadeau-hammam-pour-elle\/","og_site_name":"Beauty Shop Banus","article_publisher":"https:\/\/www.facebook.com\/GlowBeautyBanus","article_modified_time":"2026-02-17T12:03:48+00:00","og_image":[{"width":500,"height":500,"url":"https:\/\/beautybanus.shop\/wp-content\/uploads\/2026\/01\/PARA-ELLA.jpg","type":"image\/jpeg"}],"twitter_card":"summary_large_image","twitter_misc":{"Dur\u00e9e de lecture estim\u00e9e":"1 minute"},"schema":{"@context":"https:\/\/schema.org","@graph":[{"@type":"WebPage","@id":"https:\/\/beautybanus.shop\/fr\/producto\/jardin-des-delices-carte-cadeau-hammam-pour-elle\/","url":"https:\/\/beautybanus.shop\/fr\/producto\/jardin-des-delices-carte-cadeau-hammam-pour-elle\/","name":"Jardin des D\u00e9lices | Carte Cadeau Hammam pour Elle","isPartOf":{"@id":"https:\/\/beautybanus.shop\/fr\/#website"},"primaryImageOfPage":{"@id":"https:\/\/beautybanus.shop\/fr\/producto\/jardin-des-delices-carte-cadeau-hammam-pour-elle\/#primaryimage"},"image":{"@id":"https:\/\/beautybanus.shop\/fr\/producto\/jardin-des-delices-carte-cadeau-hammam-pour-elle\/#primaryimage"},"thumbnailUrl":"https:\/\/beautybanus.shop\/wp-content\/uploads\/2026\/01\/PARA-ELLA.jpg","datePublished":"2026-01-26T16:25:20+00:00","dateModified":"2026-02-17T12:03:48+00:00","description":"Offrez Jardin des D\u00e9lices, une exp\u00e9rience hammam sensorielle aux essences de rose et notes florales. Une carte cadeau raffin\u00e9e d\u00e9di\u00e9e au bien-\u00eatre et \u00e0 la beaut\u00e9.","breadcrumb":{"@id":"https:\/\/beautybanus.shop\/fr\/producto\/jardin-des-delices-carte-cadeau-hammam-pour-elle\/#breadcrumb"},"inLanguage":"fr-FR","potentialAction":[{"@type":"ReadAction","target":["https:\/\/beautybanus.shop\/fr\/producto\/jardin-des-delices-carte-cadeau-hammam-pour-elle\/"]}]},{"@type":"ImageObject","inLanguage":"fr-FR","@id":"https:\/\/beautybanus.shop\/fr\/producto\/jardin-des-delices-carte-cadeau-hammam-pour-elle\/#primaryimage","url":"https:\/\/beautybanus.shop\/wp-content\/uploads\/2026\/01\/PARA-ELLA.jpg","contentUrl":"https:\/\/beautybanus.shop\/wp-content\/uploads\/2026\/01\/PARA-ELLA.jpg","width":500,"height":500},{"@type":"BreadcrumbList","@id":"https:\/\/beautybanus.shop\/fr\/producto\/jardin-des-delices-carte-cadeau-hammam-pour-elle\/#breadcrumb","itemListElement":[{"@type":"ListItem","position":1,"name":"Tarjetas Regalo","item":"https:\/\/beautybanus.shop\/fr\/boutique\/"},{"@type":"ListItem","position":2,"name":"Boutique","item":"https:\/\/beautybanus.shop\/fr\/boutique\/"},{"@type":"ListItem","position":3,"name":"CARTE CADEAU \u00ab JARDIN DES D\u00c9LICES \u00bb (pour elle)"}]},{"@type":"WebSite","@id":"https:\/\/beautybanus.shop\/fr\/#website","url":"https:\/\/beautybanus.shop\/fr\/","name":"Beauty Shop Banus","description":"El arte de mimar y sorprender regalando experiencias","publisher":{"@id":"https:\/\/beautybanus.shop\/fr\/#organization"},"alternateName":"BeautyShopBanus","potentialAction":[{"@type":"SearchAction","target":{"@type":"EntryPoint","urlTemplate":"https:\/\/beautybanus.shop\/fr\/?s={search_term_string}"},"query-input":{"@type":"PropertyValueSpecification","valueRequired":true,"valueName":"search_term_string"}}],"inLanguage":"fr-FR"},{"@type":"Organization","@id":"https:\/\/beautybanus.shop\/fr\/#organization","name":"Glow Beuaty Puerto Ban\u00fas","alternateName":"Glow Beauty Banus","url":"https:\/\/beautybanus.shop\/fr\/","logo":{"@type":"ImageObject","inLanguage":"fr-FR","@id":"https:\/\/beautybanus.shop\/fr\/#\/schema\/logo\/image\/","url":"https:\/\/beautybanus.shop\/wp-content\/uploads\/2024\/03\/logo-negro.jpeg","contentUrl":"https:\/\/beautybanus.shop\/wp-content\/uploads\/2024\/03\/logo-negro.jpeg","width":400,"height":400,"caption":"Glow Beuaty Puerto Ban\u00fas"},"image":{"@id":"https:\/\/beautybanus.shop\/fr\/#\/schema\/logo\/image\/"},"sameAs":["https:\/\/www.facebook.com\/GlowBeautyBanus"]}]}},"_links":{"self":[{"href":"https:\/\/beautybanus.shop\/fr\/wp-json\/wp\/v2\/product\/2275","targetHints":{"allow":["GET"]}}],"collection":[{"href":"https:\/\/beautybanus.shop\/fr\/wp-json\/wp\/v2\/product"}],"about":[{"href":"https:\/\/beautybanus.shop\/fr\/wp-json\/wp\/v2\/types\/product"}],"replies":[{"embeddable":true,"href":"https:\/\/beautybanus.shop\/fr\/wp-json\/wp\/v2\/comments?post=2275"}],"wp:featuredmedia":[{"embeddable":true,"href":"https:\/\/beautybanus.shop\/fr\/wp-json\/wp\/v2\/media\/2331"}],"wp:attachment":[{"href":"https:\/\/beautybanus.shop\/fr\/wp-json\/wp\/v2\/media?parent=2275"}],"wp:term":[{"taxonomy":"product_brand","embeddable":true,"href":"https:\/\/beautybanus.shop\/fr\/wp-json\/wp\/v2\/product_brand?post=2275"},{"taxonomy":"product_cat","embeddable":true,"href":"https:\/\/beautybanus.shop\/fr\/wp-json\/wp\/v2\/product_cat?post=2275"},{"taxonomy":"product_tag","embeddable":true,"href":"https:\/\/beautybanus.shop\/fr\/wp-json\/wp\/v2\/product_tag?post=2275"},{"taxonomy":"giftcard-category","embeddable":true,"href":"https:\/\/beautybanus.shop\/fr\/wp-json\/wp\/v2\/giftcard-category?post=2275"}],"curies":[{"name":"wp","href":"https:\/\/api.w.org\/{rel}","templated":true}]}}