{"id":2284,"date":"2026-01-26T17:39:38","date_gmt":"2026-01-26T16:39:38","guid":{"rendered":"https:\/\/beautybanus.shop\/?post_type=product&#038;p=2284"},"modified":"2026-02-17T13:34:04","modified_gmt":"2026-02-17T12:34:04","slug":"jardin-des-delices-carte-cadeau-hammam-pour-lui","status":"publish","type":"product","link":"https:\/\/beautybanus.shop\/fr\/producto\/jardin-des-delices-carte-cadeau-hammam-pour-lui\/","title":{"rendered":"CARTE CADEAU \u00ab JARDIN DES D\u00c9LICES \u00bb (pour lui)"},"content":{"rendered":"<p data-start=\"152\" data-end=\"445\">Le cadeau parfait pour lui est une exp\u00e9rience qui va au-del\u00e0 du bien-\u00eatre.<\/p>\n<p><strong>Jardin des D\u00e9lices<\/strong> est un rituel traditionnel de hammam profond\u00e9ment sensoriel qui enveloppe le corps de vapeur, d\u2019ar\u00f4mes ayurv\u00e9diques et de notes intenses d\u2019oud, cr\u00e9ant un espace de calme, d\u2019\u00e9quilibre et de d\u00e9connexion absolue.<\/p>\n<p data-start=\"1017\" data-end=\"1224\">Chaque \u00e9tape du rituel a \u00e9t\u00e9 con\u00e7ue pour relaxer, purifier et restaurer l\u2019\u00e9nergie, transformant le hammam en un refuge intime o\u00f9 le temps s\u2019arr\u00eate et o\u00f9 le soin devient un v\u00e9ritable plaisir.<\/p>\n","protected":false},"excerpt":{"rendered":"<p><strong>Comment \u00e9changer<\/strong> : Appelez le num\u00e9ro de t\u00e9l\u00e9phone de r\u00e9servation 637 717 810 avec le code g\u00e9n\u00e9r\u00e9 lors de votre achat ou effectuez une r\u00e9servation via notre site Web et nous vous contacterons pour confirmer votre rendez-vous. Si vous souhaitez le bon physique, veuillez contacter le 637 717 810 ou envoyer un e-mail \u00e0 info@glowclub.es<\/p>\n<p><strong>CONDITIONS<\/strong><\/p>\n<ul>\n<li>Validit\u00e9 1 an \u00e0 compter de la date d&rsquo;achat.<\/li>\n<li>R\u00e9servation sous r\u00e9serve de disponibilit\u00e9 de Glow Beauty Puerto Ban\u00fas.<\/li>\n<li>Les r\u00e9servations doivent \u00eatre faites au moins 24 heures \u00e0 l&rsquo;avance.<\/li>\n<li>Toute modification ou annulation 24 heures \u00e0 l&rsquo;avance ou la prestation sera consid\u00e9r\u00e9e comme effectu\u00e9e. Si le client est en retard, le temps de traitement sera r\u00e9duit. Si ce service ne le permet pas, il sera annul\u00e9 en appliquant les conditions d&rsquo;annulation.<\/li>\n<li>Pour plus d&rsquo;informations, contactez info@glowclub.es<\/li>\n<\/ul>\n","protected":false},"featured_media":2326,"comment_status":"closed","ping_status":"closed","template":"","meta":[],"product_brand":[],"product_cat":[84],"product_tag":[],"giftcard-category":[],"class_list":{"0":"post-2284","1":"product","2":"type-product","3":"status-publish","4":"has-post-thumbnail","6":"product_cat-jardin-des-delices","8":"first","9":"instock","10":"virtual","11":"purchasable","12":"product-type-gift-card"},"yoast_head":"<!-- This site is optimized with the Yoast SEO plugin v27.3 - https:\/\/yoast.com\/product\/yoast-seo-wordpress\/ -->\n<title>Jardin des D\u00e9lices | Carte Cadeau Rituel Hammam pour Lui<\/title>\n<meta name=\"description\" content=\"Offrez Jardin des D\u00e9lices, un rituel de hammam sensoriel aux ar\u00f4mes ayurv\u00e9diques et aux notes d\u2019oud. Une carte cadeau con\u00e7ue pour offrir \u00e9quilibre, \u00e9nergie et d\u00e9connexion profonde.\" \/>\n<meta name=\"robots\" content=\"index, follow, max-snippet:-1, max-image-preview:large, max-video-preview:-1\" \/>\n<link rel=\"canonical\" href=\"https:\/\/beautybanus.shop\/fr\/producto\/jardin-des-delices-carte-cadeau-hammam-pour-lui\/\" \/>\n<meta property=\"og:locale\" content=\"fr_FR\" \/>\n<meta property=\"og:type\" content=\"article\" \/>\n<meta property=\"og:title\" content=\"Jardin des D\u00e9lices | Carte Cadeau Rituel Hammam pour Lui\" \/>\n<meta property=\"og:description\" content=\"Offrez Jardin des D\u00e9lices, un rituel de hammam sensoriel aux ar\u00f4mes ayurv\u00e9diques et aux notes d\u2019oud. Une carte cadeau con\u00e7ue pour offrir \u00e9quilibre, \u00e9nergie et d\u00e9connexion profonde.\" \/>\n<meta property=\"og:url\" content=\"https:\/\/beautybanus.shop\/fr\/producto\/jardin-des-delices-carte-cadeau-hammam-pour-lui\/\" \/>\n<meta property=\"og:site_name\" content=\"Beauty Shop Banus\" \/>\n<meta property=\"article:publisher\" content=\"https:\/\/www.facebook.com\/GlowBeautyBanus\" \/>\n<meta property=\"article:modified_time\" content=\"2026-02-17T12:34:04+00:00\" \/>\n<meta property=\"og:image\" content=\"https:\/\/beautybanus.shop\/wp-content\/uploads\/2026\/01\/PARA-EL.jpg\" \/>\n\t<meta property=\"og:image:width\" content=\"500\" \/>\n\t<meta property=\"og:image:height\" content=\"500\" \/>\n\t<meta property=\"og:image:type\" content=\"image\/jpeg\" \/>\n<meta name=\"twitter:card\" content=\"summary_large_image\" \/>\n<meta name=\"twitter:label1\" content=\"Dur\u00e9e de lecture estim\u00e9e\" \/>\n\t<meta name=\"twitter:data1\" content=\"1 minute\" \/>\n<script type=\"application\/ld+json\" class=\"yoast-schema-graph\">{\"@context\":\"https:\\\/\\\/schema.org\",\"@graph\":[{\"@type\":\"WebPage\",\"@id\":\"https:\\\/\\\/beautybanus.shop\\\/fr\\\/producto\\\/jardin-des-delices-carte-cadeau-hammam-pour-lui\\\/\",\"url\":\"https:\\\/\\\/beautybanus.shop\\\/fr\\\/producto\\\/jardin-des-delices-carte-cadeau-hammam-pour-lui\\\/\",\"name\":\"Jardin des D\u00e9lices | Carte Cadeau Rituel Hammam pour Lui\",\"isPartOf\":{\"@id\":\"https:\\\/\\\/beautybanus.shop\\\/fr\\\/#website\"},\"primaryImageOfPage\":{\"@id\":\"https:\\\/\\\/beautybanus.shop\\\/fr\\\/producto\\\/jardin-des-delices-carte-cadeau-hammam-pour-lui\\\/#primaryimage\"},\"image\":{\"@id\":\"https:\\\/\\\/beautybanus.shop\\\/fr\\\/producto\\\/jardin-des-delices-carte-cadeau-hammam-pour-lui\\\/#primaryimage\"},\"thumbnailUrl\":\"https:\\\/\\\/beautybanus.shop\\\/wp-content\\\/uploads\\\/2026\\\/01\\\/PARA-EL.jpg\",\"datePublished\":\"2026-01-26T16:39:38+00:00\",\"dateModified\":\"2026-02-17T12:34:04+00:00\",\"description\":\"Offrez Jardin des D\u00e9lices, un rituel de hammam sensoriel aux ar\u00f4mes ayurv\u00e9diques et aux notes d\u2019oud. Une carte cadeau con\u00e7ue pour offrir \u00e9quilibre, \u00e9nergie et d\u00e9connexion profonde.\",\"breadcrumb\":{\"@id\":\"https:\\\/\\\/beautybanus.shop\\\/fr\\\/producto\\\/jardin-des-delices-carte-cadeau-hammam-pour-lui\\\/#breadcrumb\"},\"inLanguage\":\"fr-FR\",\"potentialAction\":[{\"@type\":\"ReadAction\",\"target\":[\"https:\\\/\\\/beautybanus.shop\\\/fr\\\/producto\\\/jardin-des-delices-carte-cadeau-hammam-pour-lui\\\/\"]}]},{\"@type\":\"ImageObject\",\"inLanguage\":\"fr-FR\",\"@id\":\"https:\\\/\\\/beautybanus.shop\\\/fr\\\/producto\\\/jardin-des-delices-carte-cadeau-hammam-pour-lui\\\/#primaryimage\",\"url\":\"https:\\\/\\\/beautybanus.shop\\\/wp-content\\\/uploads\\\/2026\\\/01\\\/PARA-EL.jpg\",\"contentUrl\":\"https:\\\/\\\/beautybanus.shop\\\/wp-content\\\/uploads\\\/2026\\\/01\\\/PARA-EL.jpg\",\"width\":500,\"height\":500},{\"@type\":\"BreadcrumbList\",\"@id\":\"https:\\\/\\\/beautybanus.shop\\\/fr\\\/producto\\\/jardin-des-delices-carte-cadeau-hammam-pour-lui\\\/#breadcrumb\",\"itemListElement\":[{\"@type\":\"ListItem\",\"position\":1,\"name\":\"Tarjetas Regalo\",\"item\":\"https:\\\/\\\/beautybanus.shop\\\/fr\\\/boutique\\\/\"},{\"@type\":\"ListItem\",\"position\":2,\"name\":\"Boutique\",\"item\":\"https:\\\/\\\/beautybanus.shop\\\/fr\\\/boutique\\\/\"},{\"@type\":\"ListItem\",\"position\":3,\"name\":\"CARTE CADEAU \u00ab JARDIN DES D\u00c9LICES \u00bb (pour lui)\"}]},{\"@type\":\"WebSite\",\"@id\":\"https:\\\/\\\/beautybanus.shop\\\/fr\\\/#website\",\"url\":\"https:\\\/\\\/beautybanus.shop\\\/fr\\\/\",\"name\":\"Beauty Shop Banus\",\"description\":\"El arte de mimar y sorprender regalando experiencias\",\"publisher\":{\"@id\":\"https:\\\/\\\/beautybanus.shop\\\/fr\\\/#organization\"},\"alternateName\":\"BeautyShopBanus\",\"potentialAction\":[{\"@type\":\"SearchAction\",\"target\":{\"@type\":\"EntryPoint\",\"urlTemplate\":\"https:\\\/\\\/beautybanus.shop\\\/fr\\\/?s={search_term_string}\"},\"query-input\":{\"@type\":\"PropertyValueSpecification\",\"valueRequired\":true,\"valueName\":\"search_term_string\"}}],\"inLanguage\":\"fr-FR\"},{\"@type\":\"Organization\",\"@id\":\"https:\\\/\\\/beautybanus.shop\\\/fr\\\/#organization\",\"name\":\"Glow Beuaty Puerto Ban\u00fas\",\"alternateName\":\"Glow Beauty Banus\",\"url\":\"https:\\\/\\\/beautybanus.shop\\\/fr\\\/\",\"logo\":{\"@type\":\"ImageObject\",\"inLanguage\":\"fr-FR\",\"@id\":\"https:\\\/\\\/beautybanus.shop\\\/fr\\\/#\\\/schema\\\/logo\\\/image\\\/\",\"url\":\"https:\\\/\\\/beautybanus.shop\\\/wp-content\\\/uploads\\\/2024\\\/03\\\/logo-negro.jpeg\",\"contentUrl\":\"https:\\\/\\\/beautybanus.shop\\\/wp-content\\\/uploads\\\/2024\\\/03\\\/logo-negro.jpeg\",\"width\":400,\"height\":400,\"caption\":\"Glow Beuaty Puerto Ban\u00fas\"},\"image\":{\"@id\":\"https:\\\/\\\/beautybanus.shop\\\/fr\\\/#\\\/schema\\\/logo\\\/image\\\/\"},\"sameAs\":[\"https:\\\/\\\/www.facebook.com\\\/GlowBeautyBanus\"]}]}<\/script>\n<!-- \/ Yoast SEO plugin. -->","yoast_head_json":{"title":"Jardin des D\u00e9lices | Carte Cadeau Rituel Hammam pour Lui","description":"Offrez Jardin des D\u00e9lices, un rituel de hammam sensoriel aux ar\u00f4mes ayurv\u00e9diques et aux notes d\u2019oud. Une carte cadeau con\u00e7ue pour offrir \u00e9quilibre, \u00e9nergie et d\u00e9connexion profonde.","robots":{"index":"index","follow":"follow","max-snippet":"max-snippet:-1","max-image-preview":"max-image-preview:large","max-video-preview":"max-video-preview:-1"},"canonical":"https:\/\/beautybanus.shop\/fr\/producto\/jardin-des-delices-carte-cadeau-hammam-pour-lui\/","og_locale":"fr_FR","og_type":"article","og_title":"Jardin des D\u00e9lices | Carte Cadeau Rituel Hammam pour Lui","og_description":"Offrez Jardin des D\u00e9lices, un rituel de hammam sensoriel aux ar\u00f4mes ayurv\u00e9diques et aux notes d\u2019oud. Une carte cadeau con\u00e7ue pour offrir \u00e9quilibre, \u00e9nergie et d\u00e9connexion profonde.","og_url":"https:\/\/beautybanus.shop\/fr\/producto\/jardin-des-delices-carte-cadeau-hammam-pour-lui\/","og_site_name":"Beauty Shop Banus","article_publisher":"https:\/\/www.facebook.com\/GlowBeautyBanus","article_modified_time":"2026-02-17T12:34:04+00:00","og_image":[{"width":500,"height":500,"url":"https:\/\/beautybanus.shop\/wp-content\/uploads\/2026\/01\/PARA-EL.jpg","type":"image\/jpeg"}],"twitter_card":"summary_large_image","twitter_misc":{"Dur\u00e9e de lecture estim\u00e9e":"1 minute"},"schema":{"@context":"https:\/\/schema.org","@graph":[{"@type":"WebPage","@id":"https:\/\/beautybanus.shop\/fr\/producto\/jardin-des-delices-carte-cadeau-hammam-pour-lui\/","url":"https:\/\/beautybanus.shop\/fr\/producto\/jardin-des-delices-carte-cadeau-hammam-pour-lui\/","name":"Jardin des D\u00e9lices | Carte Cadeau Rituel Hammam pour Lui","isPartOf":{"@id":"https:\/\/beautybanus.shop\/fr\/#website"},"primaryImageOfPage":{"@id":"https:\/\/beautybanus.shop\/fr\/producto\/jardin-des-delices-carte-cadeau-hammam-pour-lui\/#primaryimage"},"image":{"@id":"https:\/\/beautybanus.shop\/fr\/producto\/jardin-des-delices-carte-cadeau-hammam-pour-lui\/#primaryimage"},"thumbnailUrl":"https:\/\/beautybanus.shop\/wp-content\/uploads\/2026\/01\/PARA-EL.jpg","datePublished":"2026-01-26T16:39:38+00:00","dateModified":"2026-02-17T12:34:04+00:00","description":"Offrez Jardin des D\u00e9lices, un rituel de hammam sensoriel aux ar\u00f4mes ayurv\u00e9diques et aux notes d\u2019oud. Une carte cadeau con\u00e7ue pour offrir \u00e9quilibre, \u00e9nergie et d\u00e9connexion profonde.","breadcrumb":{"@id":"https:\/\/beautybanus.shop\/fr\/producto\/jardin-des-delices-carte-cadeau-hammam-pour-lui\/#breadcrumb"},"inLanguage":"fr-FR","potentialAction":[{"@type":"ReadAction","target":["https:\/\/beautybanus.shop\/fr\/producto\/jardin-des-delices-carte-cadeau-hammam-pour-lui\/"]}]},{"@type":"ImageObject","inLanguage":"fr-FR","@id":"https:\/\/beautybanus.shop\/fr\/producto\/jardin-des-delices-carte-cadeau-hammam-pour-lui\/#primaryimage","url":"https:\/\/beautybanus.shop\/wp-content\/uploads\/2026\/01\/PARA-EL.jpg","contentUrl":"https:\/\/beautybanus.shop\/wp-content\/uploads\/2026\/01\/PARA-EL.jpg","width":500,"height":500},{"@type":"BreadcrumbList","@id":"https:\/\/beautybanus.shop\/fr\/producto\/jardin-des-delices-carte-cadeau-hammam-pour-lui\/#breadcrumb","itemListElement":[{"@type":"ListItem","position":1,"name":"Tarjetas Regalo","item":"https:\/\/beautybanus.shop\/fr\/boutique\/"},{"@type":"ListItem","position":2,"name":"Boutique","item":"https:\/\/beautybanus.shop\/fr\/boutique\/"},{"@type":"ListItem","position":3,"name":"CARTE CADEAU \u00ab JARDIN DES D\u00c9LICES \u00bb (pour lui)"}]},{"@type":"WebSite","@id":"https:\/\/beautybanus.shop\/fr\/#website","url":"https:\/\/beautybanus.shop\/fr\/","name":"Beauty Shop Banus","description":"El arte de mimar y sorprender regalando experiencias","publisher":{"@id":"https:\/\/beautybanus.shop\/fr\/#organization"},"alternateName":"BeautyShopBanus","potentialAction":[{"@type":"SearchAction","target":{"@type":"EntryPoint","urlTemplate":"https:\/\/beautybanus.shop\/fr\/?s={search_term_string}"},"query-input":{"@type":"PropertyValueSpecification","valueRequired":true,"valueName":"search_term_string"}}],"inLanguage":"fr-FR"},{"@type":"Organization","@id":"https:\/\/beautybanus.shop\/fr\/#organization","name":"Glow Beuaty Puerto Ban\u00fas","alternateName":"Glow Beauty Banus","url":"https:\/\/beautybanus.shop\/fr\/","logo":{"@type":"ImageObject","inLanguage":"fr-FR","@id":"https:\/\/beautybanus.shop\/fr\/#\/schema\/logo\/image\/","url":"https:\/\/beautybanus.shop\/wp-content\/uploads\/2024\/03\/logo-negro.jpeg","contentUrl":"https:\/\/beautybanus.shop\/wp-content\/uploads\/2024\/03\/logo-negro.jpeg","width":400,"height":400,"caption":"Glow Beuaty Puerto Ban\u00fas"},"image":{"@id":"https:\/\/beautybanus.shop\/fr\/#\/schema\/logo\/image\/"},"sameAs":["https:\/\/www.facebook.com\/GlowBeautyBanus"]}]}},"_links":{"self":[{"href":"https:\/\/beautybanus.shop\/fr\/wp-json\/wp\/v2\/product\/2284","targetHints":{"allow":["GET"]}}],"collection":[{"href":"https:\/\/beautybanus.shop\/fr\/wp-json\/wp\/v2\/product"}],"about":[{"href":"https:\/\/beautybanus.shop\/fr\/wp-json\/wp\/v2\/types\/product"}],"replies":[{"embeddable":true,"href":"https:\/\/beautybanus.shop\/fr\/wp-json\/wp\/v2\/comments?post=2284"}],"wp:featuredmedia":[{"embeddable":true,"href":"https:\/\/beautybanus.shop\/fr\/wp-json\/wp\/v2\/media\/2326"}],"wp:attachment":[{"href":"https:\/\/beautybanus.shop\/fr\/wp-json\/wp\/v2\/media?parent=2284"}],"wp:term":[{"taxonomy":"product_brand","embeddable":true,"href":"https:\/\/beautybanus.shop\/fr\/wp-json\/wp\/v2\/product_brand?post=2284"},{"taxonomy":"product_cat","embeddable":true,"href":"https:\/\/beautybanus.shop\/fr\/wp-json\/wp\/v2\/product_cat?post=2284"},{"taxonomy":"product_tag","embeddable":true,"href":"https:\/\/beautybanus.shop\/fr\/wp-json\/wp\/v2\/product_tag?post=2284"},{"taxonomy":"giftcard-category","embeddable":true,"href":"https:\/\/beautybanus.shop\/fr\/wp-json\/wp\/v2\/giftcard-category?post=2284"}],"curies":[{"name":"wp","href":"https:\/\/api.w.org\/{rel}","templated":true}]}}