{"id":2623,"date":"2026-04-07T13:30:29","date_gmt":"2026-04-07T11:30:29","guid":{"rendered":"https:\/\/beautybanus.shop\/producto\/carte-cadeau-pack-sculpture-et-fermete\/"},"modified":"2026-04-07T13:30:29","modified_gmt":"2026-04-07T11:30:29","slug":"carte-cadeau-pack-sculpture-et-fermete","status":"publish","type":"product","link":"https:\/\/beautybanus.shop\/fr\/producto\/carte-cadeau-pack-sculpture-et-fermete\/","title":{"rendered":"CARTE CADEAU PACK SCULPTURE ET FERMET\u00c9"},"content":{"rendered":"<p data-start=\"111\" data-end=\"564\">Offrez une exp\u00e9rience exceptionnelle de bien-\u00eatre et de beaut\u00e9 avec notre carte cadeau <strong data-start=\"242\" data-end=\"270\">PACK SCULPTURE &amp; FERMET\u00c9<\/strong>, un rituel premium con\u00e7u pour celles et ceux qui souhaitent raffermir, red\u00e9finir et revitaliser leur silhouette et leur visage, avec une sensation imm\u00e9diate de l\u00e9g\u00e8ret\u00e9 et de soin. C\u2019est le cadeau parfait pour surprendre lors d\u2019une occasion sp\u00e9ciale ou pour offrir un moment exclusif centr\u00e9 sur le bien-\u00eatre et la beaut\u00e9. <\/p>\n<p data-start=\"566\" data-end=\"1068\"><strong data-start=\"566\" data-end=\"595\">Ce traitement comprend <\/strong>: un <strong data-start=\"599\" data-end=\"640\">Sculpture Facial Indiba de 60 minutes<\/strong>, un protocole raffermissant qui aide \u00e0 red\u00e9finir les contours du visage, \u00e0 am\u00e9liorer la fermet\u00e9 et \u00e0 offrir une apparence plus tonique et revitalis\u00e9e ; ainsi qu\u2019une <strong data-start=\"786\" data-end=\"816\">pressoth\u00e9rapie de 30 minutes<\/strong> comme drainage l\u00e9ger final, id\u00e9ale pour favoriser une agr\u00e9able sensation de l\u00e9g\u00e8ret\u00e9, de bien-\u00eatre et de d\u00e9congestion. La combinaison des deux fait de cette exp\u00e9rience une proposition parfaite pour les mamans pr\u00e9occup\u00e9es par le rel\u00e2chement du visage ou les gonflements. <\/p>\n<p data-start=\"1070\" data-end=\"1147\"><strong data-start=\"1070\" data-end=\"1083\">Dur\u00e9e :<\/strong> 75 minutes<br data-start=\"1094\" data-end=\"1097\"><strong data-start=\"1097\" data-end=\"1112\">Valeur r\u00e9elle :<\/strong> 220 \u20ac<br data-start=\"1118\" data-end=\"1121\"><strong data-start=\"1121\" data-end=\"1141\">Prix sp\u00e9cial :<\/strong> 170 \u20ac<\/p>\n<p data-start=\"1149\" data-end=\"1296\">Un cadeau parfait pour celles et ceux qui recherchent une exp\u00e9rience exclusive alliant beaut\u00e9, bien-\u00eatre et une sensation visible de red\u00e9finition et de fra\u00eecheur.<\/p>\n","protected":false},"excerpt":{"rendered":"<p>Comment \u00e9changer : Appelez le num\u00e9ro de t\u00e9l\u00e9phone de r\u00e9servation 637 717 810 avec le code g\u00e9n\u00e9r\u00e9 lors de votre achat ou effectuez une r\u00e9servation via notre site Web et nous vous contacterons pour confirmer votre rendez-vous. Si vous souhaitez le bon physique, veuillez contacter le 637 717 810 ou envoyer un e-mail \u00e0 <a href=\"mailto:info@glowclub.es\">info@glowclub.es<\/a><\/p>\n<p><strong>CONDITIONS<\/strong><\/p>\n<ul>\n<li>Validit\u00e9 1 an \u00e0 compter de la date d&rsquo;achat.<\/li>\n<li>R\u00e9servation sous r\u00e9serve de disponibilit\u00e9 de Glow Beauty Puerto Ban\u00fas.<\/li>\n<li>Les r\u00e9servations doivent \u00eatre faites au moins 24 heures \u00e0 l&rsquo;avance.<\/li>\n<li>Toute modification ou annulation 24 heures \u00e0 l&rsquo;avance ou la prestation sera consid\u00e9r\u00e9e comme effectu\u00e9e. Si le client est en retard, le temps de traitement sera r\u00e9duit.<\/li>\n<li>Si ce service ne le permet pas, il sera annul\u00e9 en appliquant les conditions d&rsquo;annulation.<\/li>\n<li>Pour plus d&rsquo;informations, contactez info@glowclub.es<\/li>\n<\/ul>\n","protected":false},"featured_media":2616,"comment_status":"open","ping_status":"closed","template":"","meta":[],"product_brand":[],"product_cat":[24],"product_tag":[],"giftcard-category":[],"class_list":{"0":"post-2623","1":"product","2":"type-product","3":"status-publish","4":"has-post-thumbnail","6":"product_cat-non-classifiee","8":"first","9":"instock","10":"virtual","11":"product-type-gift-card"},"yoast_head":"<!-- This site is optimized with the Yoast SEO plugin v27.4 - https:\/\/yoast.com\/product\/yoast-seo-wordpress\/ -->\n<title>Carte Cadeau Soin Raffermissant Visage et Corps | Glow Beauty<\/title>\n<meta name=\"description\" content=\"Offrez une exp\u00e9rience raffermissante pour le visage et le corps \u00e0 Puerto Ban\u00fas. Comprend un Sculpture Facial Indiba et une pressoth\u00e9rapie pour red\u00e9finir, revitaliser et procurer du bien-\u00eatre.\" \/>\n<meta name=\"robots\" content=\"index, follow, max-snippet:-1, max-image-preview:large, max-video-preview:-1\" \/>\n<link rel=\"canonical\" href=\"https:\/\/beautybanus.shop\/fr\/producto\/carte-cadeau-pack-sculpture-et-fermete\/\" \/>\n<meta property=\"og:locale\" content=\"fr_FR\" \/>\n<meta property=\"og:type\" content=\"article\" \/>\n<meta property=\"og:title\" content=\"Carte Cadeau Soin Raffermissant Visage et Corps | Glow Beauty\" \/>\n<meta property=\"og:description\" content=\"Offrez une exp\u00e9rience raffermissante pour le visage et le corps \u00e0 Puerto Ban\u00fas. Comprend un Sculpture Facial Indiba et une pressoth\u00e9rapie pour red\u00e9finir, revitaliser et procurer du bien-\u00eatre.\" \/>\n<meta property=\"og:url\" content=\"https:\/\/beautybanus.shop\/fr\/producto\/carte-cadeau-pack-sculpture-et-fermete\/\" \/>\n<meta property=\"og:site_name\" content=\"Beauty Shop Banus\" \/>\n<meta property=\"article:publisher\" content=\"https:\/\/www.facebook.com\/GlowBeautyBanus\" \/>\n<meta property=\"og:image\" content=\"https:\/\/beautybanus.shop\/wp-content\/uploads\/2026\/04\/pack-escultura-y-firmeza.jpg\" \/>\n\t<meta property=\"og:image:width\" content=\"1080\" \/>\n\t<meta property=\"og:image:height\" content=\"1080\" \/>\n\t<meta property=\"og:image:type\" content=\"image\/jpeg\" \/>\n<meta name=\"twitter:card\" content=\"summary_large_image\" \/>\n<meta name=\"twitter:label1\" content=\"Dur\u00e9e de lecture estim\u00e9e\" \/>\n\t<meta name=\"twitter:data1\" content=\"1 minute\" \/>\n<script type=\"application\/ld+json\" class=\"yoast-schema-graph\">{\"@context\":\"https:\\\/\\\/schema.org\",\"@graph\":[{\"@type\":\"WebPage\",\"@id\":\"https:\\\/\\\/beautybanus.shop\\\/fr\\\/producto\\\/carte-cadeau-pack-sculpture-et-fermete\\\/\",\"url\":\"https:\\\/\\\/beautybanus.shop\\\/fr\\\/producto\\\/carte-cadeau-pack-sculpture-et-fermete\\\/\",\"name\":\"Carte Cadeau Soin Raffermissant Visage et Corps | Glow Beauty\",\"isPartOf\":{\"@id\":\"https:\\\/\\\/beautybanus.shop\\\/fr\\\/#website\"},\"primaryImageOfPage\":{\"@id\":\"https:\\\/\\\/beautybanus.shop\\\/fr\\\/producto\\\/carte-cadeau-pack-sculpture-et-fermete\\\/#primaryimage\"},\"image\":{\"@id\":\"https:\\\/\\\/beautybanus.shop\\\/fr\\\/producto\\\/carte-cadeau-pack-sculpture-et-fermete\\\/#primaryimage\"},\"thumbnailUrl\":\"https:\\\/\\\/beautybanus.shop\\\/wp-content\\\/uploads\\\/2026\\\/04\\\/pack-escultura-y-firmeza.jpg\",\"datePublished\":\"2026-04-07T11:30:29+00:00\",\"description\":\"Offrez une exp\u00e9rience raffermissante pour le visage et le corps \u00e0 Puerto Ban\u00fas. Comprend un Sculpture Facial Indiba et une pressoth\u00e9rapie pour red\u00e9finir, revitaliser et procurer du bien-\u00eatre.\",\"breadcrumb\":{\"@id\":\"https:\\\/\\\/beautybanus.shop\\\/fr\\\/producto\\\/carte-cadeau-pack-sculpture-et-fermete\\\/#breadcrumb\"},\"inLanguage\":\"fr-FR\",\"potentialAction\":[{\"@type\":\"ReadAction\",\"target\":[\"https:\\\/\\\/beautybanus.shop\\\/fr\\\/producto\\\/carte-cadeau-pack-sculpture-et-fermete\\\/\"]}]},{\"@type\":\"ImageObject\",\"inLanguage\":\"fr-FR\",\"@id\":\"https:\\\/\\\/beautybanus.shop\\\/fr\\\/producto\\\/carte-cadeau-pack-sculpture-et-fermete\\\/#primaryimage\",\"url\":\"https:\\\/\\\/beautybanus.shop\\\/wp-content\\\/uploads\\\/2026\\\/04\\\/pack-escultura-y-firmeza.jpg\",\"contentUrl\":\"https:\\\/\\\/beautybanus.shop\\\/wp-content\\\/uploads\\\/2026\\\/04\\\/pack-escultura-y-firmeza.jpg\",\"width\":1080,\"height\":1080,\"caption\":\"Carte cadeau Pack Sculpture et Fermet\u00e9 de Glow Beauty Puerto Ban\u00fas\"},{\"@type\":\"BreadcrumbList\",\"@id\":\"https:\\\/\\\/beautybanus.shop\\\/fr\\\/producto\\\/carte-cadeau-pack-sculpture-et-fermete\\\/#breadcrumb\",\"itemListElement\":[{\"@type\":\"ListItem\",\"position\":1,\"name\":\"Tarjetas Regalo\",\"item\":\"https:\\\/\\\/beautybanus.shop\\\/fr\\\/boutique\\\/\"},{\"@type\":\"ListItem\",\"position\":2,\"name\":\"Boutique\",\"item\":\"https:\\\/\\\/beautybanus.shop\\\/fr\\\/boutique\\\/\"},{\"@type\":\"ListItem\",\"position\":3,\"name\":\"CARTE CADEAU PACK SCULPTURE ET FERMET\u00c9\"}]},{\"@type\":\"WebSite\",\"@id\":\"https:\\\/\\\/beautybanus.shop\\\/fr\\\/#website\",\"url\":\"https:\\\/\\\/beautybanus.shop\\\/fr\\\/\",\"name\":\"Beauty Shop Banus\",\"description\":\"El arte de mimar y sorprender regalando experiencias\",\"publisher\":{\"@id\":\"https:\\\/\\\/beautybanus.shop\\\/fr\\\/#organization\"},\"alternateName\":\"BeautyShopBanus\",\"potentialAction\":[{\"@type\":\"SearchAction\",\"target\":{\"@type\":\"EntryPoint\",\"urlTemplate\":\"https:\\\/\\\/beautybanus.shop\\\/fr\\\/?s={search_term_string}\"},\"query-input\":{\"@type\":\"PropertyValueSpecification\",\"valueRequired\":true,\"valueName\":\"search_term_string\"}}],\"inLanguage\":\"fr-FR\"},{\"@type\":\"Organization\",\"@id\":\"https:\\\/\\\/beautybanus.shop\\\/fr\\\/#organization\",\"name\":\"Glow Beuaty Puerto Ban\u00fas\",\"alternateName\":\"Glow Beauty Banus\",\"url\":\"https:\\\/\\\/beautybanus.shop\\\/fr\\\/\",\"logo\":{\"@type\":\"ImageObject\",\"inLanguage\":\"fr-FR\",\"@id\":\"https:\\\/\\\/beautybanus.shop\\\/fr\\\/#\\\/schema\\\/logo\\\/image\\\/\",\"url\":\"https:\\\/\\\/beautybanus.shop\\\/wp-content\\\/uploads\\\/2024\\\/03\\\/logo-negro.jpeg\",\"contentUrl\":\"https:\\\/\\\/beautybanus.shop\\\/wp-content\\\/uploads\\\/2024\\\/03\\\/logo-negro.jpeg\",\"width\":400,\"height\":400,\"caption\":\"Glow Beuaty Puerto Ban\u00fas\"},\"image\":{\"@id\":\"https:\\\/\\\/beautybanus.shop\\\/fr\\\/#\\\/schema\\\/logo\\\/image\\\/\"},\"sameAs\":[\"https:\\\/\\\/www.facebook.com\\\/GlowBeautyBanus\"]}]}<\/script>\n<!-- \/ Yoast SEO plugin. -->","yoast_head_json":{"title":"Carte Cadeau Soin Raffermissant Visage et Corps | Glow Beauty","description":"Offrez une exp\u00e9rience raffermissante pour le visage et le corps \u00e0 Puerto Ban\u00fas. Comprend un Sculpture Facial Indiba et une pressoth\u00e9rapie pour red\u00e9finir, revitaliser et procurer du bien-\u00eatre.","robots":{"index":"index","follow":"follow","max-snippet":"max-snippet:-1","max-image-preview":"max-image-preview:large","max-video-preview":"max-video-preview:-1"},"canonical":"https:\/\/beautybanus.shop\/fr\/producto\/carte-cadeau-pack-sculpture-et-fermete\/","og_locale":"fr_FR","og_type":"article","og_title":"Carte Cadeau Soin Raffermissant Visage et Corps | Glow Beauty","og_description":"Offrez une exp\u00e9rience raffermissante pour le visage et le corps \u00e0 Puerto Ban\u00fas. Comprend un Sculpture Facial Indiba et une pressoth\u00e9rapie pour red\u00e9finir, revitaliser et procurer du bien-\u00eatre.","og_url":"https:\/\/beautybanus.shop\/fr\/producto\/carte-cadeau-pack-sculpture-et-fermete\/","og_site_name":"Beauty Shop Banus","article_publisher":"https:\/\/www.facebook.com\/GlowBeautyBanus","og_image":[{"width":1080,"height":1080,"url":"https:\/\/beautybanus.shop\/wp-content\/uploads\/2026\/04\/pack-escultura-y-firmeza.jpg","type":"image\/jpeg"}],"twitter_card":"summary_large_image","twitter_misc":{"Dur\u00e9e de lecture estim\u00e9e":"1 minute"},"schema":{"@context":"https:\/\/schema.org","@graph":[{"@type":"WebPage","@id":"https:\/\/beautybanus.shop\/fr\/producto\/carte-cadeau-pack-sculpture-et-fermete\/","url":"https:\/\/beautybanus.shop\/fr\/producto\/carte-cadeau-pack-sculpture-et-fermete\/","name":"Carte Cadeau Soin Raffermissant Visage et Corps | Glow Beauty","isPartOf":{"@id":"https:\/\/beautybanus.shop\/fr\/#website"},"primaryImageOfPage":{"@id":"https:\/\/beautybanus.shop\/fr\/producto\/carte-cadeau-pack-sculpture-et-fermete\/#primaryimage"},"image":{"@id":"https:\/\/beautybanus.shop\/fr\/producto\/carte-cadeau-pack-sculpture-et-fermete\/#primaryimage"},"thumbnailUrl":"https:\/\/beautybanus.shop\/wp-content\/uploads\/2026\/04\/pack-escultura-y-firmeza.jpg","datePublished":"2026-04-07T11:30:29+00:00","description":"Offrez une exp\u00e9rience raffermissante pour le visage et le corps \u00e0 Puerto Ban\u00fas. Comprend un Sculpture Facial Indiba et une pressoth\u00e9rapie pour red\u00e9finir, revitaliser et procurer du bien-\u00eatre.","breadcrumb":{"@id":"https:\/\/beautybanus.shop\/fr\/producto\/carte-cadeau-pack-sculpture-et-fermete\/#breadcrumb"},"inLanguage":"fr-FR","potentialAction":[{"@type":"ReadAction","target":["https:\/\/beautybanus.shop\/fr\/producto\/carte-cadeau-pack-sculpture-et-fermete\/"]}]},{"@type":"ImageObject","inLanguage":"fr-FR","@id":"https:\/\/beautybanus.shop\/fr\/producto\/carte-cadeau-pack-sculpture-et-fermete\/#primaryimage","url":"https:\/\/beautybanus.shop\/wp-content\/uploads\/2026\/04\/pack-escultura-y-firmeza.jpg","contentUrl":"https:\/\/beautybanus.shop\/wp-content\/uploads\/2026\/04\/pack-escultura-y-firmeza.jpg","width":1080,"height":1080,"caption":"Carte cadeau Pack Sculpture et Fermet\u00e9 de Glow Beauty Puerto Ban\u00fas"},{"@type":"BreadcrumbList","@id":"https:\/\/beautybanus.shop\/fr\/producto\/carte-cadeau-pack-sculpture-et-fermete\/#breadcrumb","itemListElement":[{"@type":"ListItem","position":1,"name":"Tarjetas Regalo","item":"https:\/\/beautybanus.shop\/fr\/boutique\/"},{"@type":"ListItem","position":2,"name":"Boutique","item":"https:\/\/beautybanus.shop\/fr\/boutique\/"},{"@type":"ListItem","position":3,"name":"CARTE CADEAU PACK SCULPTURE ET FERMET\u00c9"}]},{"@type":"WebSite","@id":"https:\/\/beautybanus.shop\/fr\/#website","url":"https:\/\/beautybanus.shop\/fr\/","name":"Beauty Shop Banus","description":"El arte de mimar y sorprender regalando experiencias","publisher":{"@id":"https:\/\/beautybanus.shop\/fr\/#organization"},"alternateName":"BeautyShopBanus","potentialAction":[{"@type":"SearchAction","target":{"@type":"EntryPoint","urlTemplate":"https:\/\/beautybanus.shop\/fr\/?s={search_term_string}"},"query-input":{"@type":"PropertyValueSpecification","valueRequired":true,"valueName":"search_term_string"}}],"inLanguage":"fr-FR"},{"@type":"Organization","@id":"https:\/\/beautybanus.shop\/fr\/#organization","name":"Glow Beuaty Puerto Ban\u00fas","alternateName":"Glow Beauty Banus","url":"https:\/\/beautybanus.shop\/fr\/","logo":{"@type":"ImageObject","inLanguage":"fr-FR","@id":"https:\/\/beautybanus.shop\/fr\/#\/schema\/logo\/image\/","url":"https:\/\/beautybanus.shop\/wp-content\/uploads\/2024\/03\/logo-negro.jpeg","contentUrl":"https:\/\/beautybanus.shop\/wp-content\/uploads\/2024\/03\/logo-negro.jpeg","width":400,"height":400,"caption":"Glow Beuaty Puerto Ban\u00fas"},"image":{"@id":"https:\/\/beautybanus.shop\/fr\/#\/schema\/logo\/image\/"},"sameAs":["https:\/\/www.facebook.com\/GlowBeautyBanus"]}]}},"_links":{"self":[{"href":"https:\/\/beautybanus.shop\/fr\/wp-json\/wp\/v2\/product\/2623","targetHints":{"allow":["GET"]}}],"collection":[{"href":"https:\/\/beautybanus.shop\/fr\/wp-json\/wp\/v2\/product"}],"about":[{"href":"https:\/\/beautybanus.shop\/fr\/wp-json\/wp\/v2\/types\/product"}],"replies":[{"embeddable":true,"href":"https:\/\/beautybanus.shop\/fr\/wp-json\/wp\/v2\/comments?post=2623"}],"wp:featuredmedia":[{"embeddable":true,"href":"https:\/\/beautybanus.shop\/fr\/wp-json\/wp\/v2\/media\/2616"}],"wp:attachment":[{"href":"https:\/\/beautybanus.shop\/fr\/wp-json\/wp\/v2\/media?parent=2623"}],"wp:term":[{"taxonomy":"product_brand","embeddable":true,"href":"https:\/\/beautybanus.shop\/fr\/wp-json\/wp\/v2\/product_brand?post=2623"},{"taxonomy":"product_cat","embeddable":true,"href":"https:\/\/beautybanus.shop\/fr\/wp-json\/wp\/v2\/product_cat?post=2623"},{"taxonomy":"product_tag","embeddable":true,"href":"https:\/\/beautybanus.shop\/fr\/wp-json\/wp\/v2\/product_tag?post=2623"},{"taxonomy":"giftcard-category","embeddable":true,"href":"https:\/\/beautybanus.shop\/fr\/wp-json\/wp\/v2\/giftcard-category?post=2623"}],"curies":[{"name":"wp","href":"https:\/\/api.w.org\/{rel}","templated":true}]}}